{"id":8707,"date":"2025-11-15T11:59:20","date_gmt":"2025-11-15T11:59:20","guid":{"rendered":"https:\/\/mikeladzenailstore.com\/p\/hemostatic-jz-nails-group\/"},"modified":"2026-03-06T10:29:28","modified_gmt":"2026-03-06T10:29:28","slug":"hemostatic-jz-nails-group","status":"publish","type":"product","link":"https:\/\/mikeladzenailstore.com\/en\/p\/hemostatic-jz-nails-group\/","title":{"rendered":"Hemostatic JZ Nails Group"},"content":{"rendered":"<p>QUICK CARE by JZ NAILS GROUP<\/p>\n<p>Tento kosmetick\u00fd p\u0159\u00edpravek rychle p\u016fsob\u00ed na obnovu po\u0161kozen\u00fdch oblast\u00ed poko\u017eky.<\/p>\n<p>M\u00e1 zv\u00fd\u0161en\u00e9 antiseptick\u00e9 vlastnosti, zabra\u0148uje mo\u017en\u00e9mu z\u00e1n\u011btu a urychluje proces hojen\u00ed. Neoxiduje poko\u017eku a nezp\u016fsobuje pop\u00e1leniny. Praktick\u00fd aplik\u00e1tor usnad\u0148uje nan\u00e1\u0161en\u00ed p\u0159\u00edpravku p\u0159\u00edmo na po\u0161kozen\u00e9 m\u00edsto a bezpe\u010dn\u00e9 slo\u017een\u00ed je vhodn\u00e9 pro v\u0161echny typy pleti. Tekutina nem\u00e1 v\u00fdrazn\u00fd z\u00e1pach, m\u00e1 p\u0159\u00edjemnou estetickou r\u016f\u017eovou barvu a je vhodn\u00e1 pro pravideln\u00e9 pou\u017eit\u00ed v pr\u00e1ci nehtov\u00e9ho specialisty.<\/p>\n<p>Okam\u017eit\u011b hoj\u00ed po\u0161kozenou oblast<\/p>\n<p>Zabra\u0148uje z\u00e1n\u011btu<\/p>\n<p>M\u00e1 antiseptick\u00fd \u00fa\u010dinek<\/p>\n<p>\ufe0fZp\u016fsob pou\u017eit\u00ed \u2013<\/p>\n<p>P\u0159i poran\u011bn\u00ed poko\u017eky b\u011bhem manik\u00fary nebo pedik\u00fary:<\/p>\n<p>\u2022 Naneste mal\u00e9 mno\u017estv\u00ed p\u0159\u00edpravku mikro\u0161t\u011btcem p\u0159\u00edmo na po\u0161kozenou oblast poko\u017eky.<\/p>\n<p>\u2022 Po\u010dkejte, dokud se zcela nevst\u0159eb\u00e1 (30 sekund a\u017e 3 minuty).<\/p>\n<p>\u2022 V pokra\u010dov\u00e1n\u00ed manik\u00fary pokra\u010dujte, a\u017e se poko\u017eka zklidn\u00ed.<\/p>\n<p>V nal\u00e9hav\u00fdch p\u0159\u00edpadech (n\u00e1hl\u00e9 \u0161kr\u00e1bance nebo mikropraskliny):<\/p>\n<p>\u2022 Naneste p\u0159\u00edpravek p\u0159\u00edmo na po\u0161kozen\u00e9 m\u00edsto.<\/p>\n<p>*P\u0159i v\u00fdskytu alergick\u00e9 reakce opl\u00e1chn\u011bte vodou.<\/p>\n<p>*Uchov\u00e1vejte na tmav\u00e9m m\u00edst\u011b, chra\u0148te p\u0159ed p\u0159\u00edm\u00fdm slune\u010dn\u00edm z\u00e1\u0159en\u00edm.<\/p>\n","protected":false},"excerpt":{"rendered":"<p>QUICK CARE by JZ NAILS GROUP Tento kosmetick\u00fd p\u0159\u00edpravek rychle p\u016fsob\u00ed na obnovu po\u0161kozen\u00fdch oblast\u00ed poko\u017eky. M\u00e1 zv\u00fd\u0161en\u00e9 antiseptick\u00e9 vlastnosti, zabra\u0148uje mo\u017en\u00e9mu z\u00e1n\u011btu a urychluje proces hojen\u00ed. Neoxiduje poko\u017eku a nezp\u016fsobuje pop\u00e1leniny. Praktick\u00fd aplik\u00e1tor usnad\u0148uje nan\u00e1\u0161en\u00ed p\u0159\u00edpravku p\u0159\u00edmo na po\u0161kozen\u00e9 m\u00edsto a bezpe\u010dn\u00e9 slo\u017een\u00ed je vhodn\u00e9 pro v\u0161echny typy pleti. Tekutina nem\u00e1 v\u00fdrazn\u00fd z\u00e1pach, m\u00e1 [&hellip;]<\/p>\n","protected":false},"featured_media":4285,"comment_status":"open","ping_status":"closed","template":"","meta":[],"pwb-brand":[],"product_brand":[],"product_cat":[495],"product_tag":[],"berocket_brand":[556],"class_list":{"0":"post-8707","1":"product","2":"type-product","3":"status-publish","4":"has-post-thumbnail","6":"product_cat-specialni-prostredky","7":"berocket_brand-jz-nails-group","9":"first","10":"outofstock","11":"taxable","12":"shipping-taxable","13":"purchasable","14":"product-type-simple"},"acf":[],"brands":[],"_links":{"self":[{"href":"https:\/\/mikeladzenailstore.com\/en\/wp-json\/wp\/v2\/product\/8707","targetHints":{"allow":["GET"]}}],"collection":[{"href":"https:\/\/mikeladzenailstore.com\/en\/wp-json\/wp\/v2\/product"}],"about":[{"href":"https:\/\/mikeladzenailstore.com\/en\/wp-json\/wp\/v2\/types\/product"}],"replies":[{"embeddable":true,"href":"https:\/\/mikeladzenailstore.com\/en\/wp-json\/wp\/v2\/comments?post=8707"}],"version-history":[{"count":0,"href":"https:\/\/mikeladzenailstore.com\/en\/wp-json\/wp\/v2\/product\/8707\/revisions"}],"wp:featuredmedia":[{"embeddable":true,"href":"https:\/\/mikeladzenailstore.com\/en\/wp-json\/wp\/v2\/media\/4285"}],"wp:attachment":[{"href":"https:\/\/mikeladzenailstore.com\/en\/wp-json\/wp\/v2\/media?parent=8707"}],"wp:term":[{"taxonomy":"pwb-brand","embeddable":true,"href":"https:\/\/mikeladzenailstore.com\/en\/wp-json\/wp\/v2\/pwb-brand?post=8707"},{"taxonomy":"product_brand","embeddable":true,"href":"https:\/\/mikeladzenailstore.com\/en\/wp-json\/wp\/v2\/product_brand?post=8707"},{"taxonomy":"product_cat","embeddable":true,"href":"https:\/\/mikeladzenailstore.com\/en\/wp-json\/wp\/v2\/product_cat?post=8707"},{"taxonomy":"product_tag","embeddable":true,"href":"https:\/\/mikeladzenailstore.com\/en\/wp-json\/wp\/v2\/product_tag?post=8707"},{"taxonomy":"berocket_brand","embeddable":true,"href":"https:\/\/mikeladzenailstore.com\/en\/wp-json\/wp\/v2\/berocket_brand?post=8707"}],"curies":[{"name":"wp","href":"https:\/\/api.w.org\/{rel}","templated":true}]}}