{"id":8710,"date":"2025-11-15T11:59:20","date_gmt":"2025-11-15T11:59:20","guid":{"rendered":"https:\/\/mikeladzenailstore.com\/p\/neonove-akvarelove-barvy-trendy-nails\/"},"modified":"2025-11-15T11:59:20","modified_gmt":"2025-11-15T11:59:20","slug":"neonove-akvarelove-barvy-trendy-nails","status":"publish","type":"product","link":"https:\/\/mikeladzenailstore.com\/en\/p\/neonove-akvarelove-barvy-trendy-nails\/","title":{"rendered":"Neonov\u00e9 akvarelov\u00e9 barvy Trendy nails"},"content":{"rendered":"<p>Neonov\u00e9 akvarelov\u00e9 barvy Trendy Nails<\/p>\n<\/p>\n<p>Neonov\u00e9 akvarelov\u00e9 barvy od zna\u010dky Trendy Nails jsou ide\u00e1ln\u00ed pro vytv\u00e1\u0159en\u00ed origin\u00e1ln\u00edch, v\u00fdrazn\u00fdch a jemn\u011b rozpit\u00fdch nehtov\u00fdch design\u016f ve stylu \u201cwatercolor\u201d. D\u00edky vysok\u00e9 pigmentaci a lehk\u00e9 konzistenci umo\u017e\u0148uj\u00ed snadn\u00e9 m\u00edch\u00e1n\u00ed, vrstven\u00ed i st\u00ednov\u00e1n\u00ed.<\/p>\n<\/p>\n<p>Vlastnosti:<\/p>\n<p>\t\u2022\tJasn\u00e9 neonov\u00e9 odst\u00edny<\/p>\n<p>\t\u2022\tPerfektn\u00ed pro techniku mramoru, kou\u0159e, kv\u011btin \u010di abstrakc\u00ed<\/p>\n<p>\t\u2022\tRychleschnouc\u00ed<\/p>\n<p>\t\u2022\tPou\u017e\u00edvaj\u00ed se na matn\u00fd povrch (nejl\u00e9pe bezv\u00fdpotkov\u00fd top nebo matn\u00fd top coat)<\/p>\n<p>\t\u2022\tVhodn\u00e9 pro za\u010d\u00e1te\u010dn\u00edky i profesion\u00e1ly<\/p>\n<\/p>\n<p>Tip: Pro p\u0159esn\u011bj\u0161\u00ed pr\u00e1ci pou\u017e\u00edvejte tenk\u00e9 \u0161t\u011btce nebo silikonov\u00e9 n\u00e1stroje.<\/p><\/p>\n","protected":false},"excerpt":{"rendered":"<p>Neonov\u00e9 akvarelov\u00e9 barvy Trendy Nails Neonov\u00e9 akvarelov\u00e9 barvy od zna\u010dky Trendy Nails jsou ide\u00e1ln\u00ed pro vytv\u00e1\u0159en\u00ed origin\u00e1ln\u00edch, v\u00fdrazn\u00fdch a jemn\u011b rozpit\u00fdch nehtov\u00fdch design\u016f ve stylu \u201cwatercolor\u201d. D\u00edky vysok\u00e9 pigmentaci a lehk\u00e9 konzistenci umo\u017e\u0148uj\u00ed snadn\u00e9 m\u00edch\u00e1n\u00ed, vrstven\u00ed i st\u00ednov\u00e1n\u00ed. Vlastnosti: \u2022 Jasn\u00e9 neonov\u00e9 odst\u00edny \u2022 Perfektn\u00ed pro techniku mramoru, kou\u0159e, kv\u011btin \u010di abstrakc\u00ed \u2022 Rychleschnouc\u00ed \u2022 [&hellip;]<\/p>\n","protected":false},"featured_media":4286,"comment_status":"open","ping_status":"open","template":"","meta":[],"pwb-brand":[],"product_brand":[],"product_cat":[198],"product_tag":[],"berocket_brand":[],"class_list":{"0":"post-8710","1":"product","2":"type-product","3":"status-publish","4":"has-post-thumbnail","6":"product_cat-nail-art","8":"first","9":"instock","10":"taxable","11":"shipping-taxable","12":"purchasable","13":"product-type-simple"},"acf":[],"brands":[],"_links":{"self":[{"href":"https:\/\/mikeladzenailstore.com\/en\/wp-json\/wp\/v2\/product\/8710","targetHints":{"allow":["GET"]}}],"collection":[{"href":"https:\/\/mikeladzenailstore.com\/en\/wp-json\/wp\/v2\/product"}],"about":[{"href":"https:\/\/mikeladzenailstore.com\/en\/wp-json\/wp\/v2\/types\/product"}],"replies":[{"embeddable":true,"href":"https:\/\/mikeladzenailstore.com\/en\/wp-json\/wp\/v2\/comments?post=8710"}],"version-history":[{"count":0,"href":"https:\/\/mikeladzenailstore.com\/en\/wp-json\/wp\/v2\/product\/8710\/revisions"}],"wp:featuredmedia":[{"embeddable":true,"href":"https:\/\/mikeladzenailstore.com\/en\/wp-json\/wp\/v2\/media\/4286"}],"wp:attachment":[{"href":"https:\/\/mikeladzenailstore.com\/en\/wp-json\/wp\/v2\/media?parent=8710"}],"wp:term":[{"taxonomy":"pwb-brand","embeddable":true,"href":"https:\/\/mikeladzenailstore.com\/en\/wp-json\/wp\/v2\/pwb-brand?post=8710"},{"taxonomy":"product_brand","embeddable":true,"href":"https:\/\/mikeladzenailstore.com\/en\/wp-json\/wp\/v2\/product_brand?post=8710"},{"taxonomy":"product_cat","embeddable":true,"href":"https:\/\/mikeladzenailstore.com\/en\/wp-json\/wp\/v2\/product_cat?post=8710"},{"taxonomy":"product_tag","embeddable":true,"href":"https:\/\/mikeladzenailstore.com\/en\/wp-json\/wp\/v2\/product_tag?post=8710"},{"taxonomy":"berocket_brand","embeddable":true,"href":"https:\/\/mikeladzenailstore.com\/en\/wp-json\/wp\/v2\/berocket_brand?post=8710"}],"curies":[{"name":"wp","href":"https:\/\/api.w.org\/{rel}","templated":true}]}}