{"id":8731,"date":"2025-11-15T11:59:08","date_gmt":"2025-11-15T11:59:08","guid":{"rendered":"https:\/\/mikeladzenailstore.com\/p\/freza-patron-jz-nails-group\/"},"modified":"2026-01-30T15:47:51","modified_gmt":"2026-01-30T15:47:51","slug":"freza-patron-jz-nails-group","status":"publish","type":"product","link":"https:\/\/mikeladzenailstore.com\/en\/p\/freza-patron-jz-nails-group\/","title":{"rendered":"Fr\u00e9za PATRON JZ Nails Group"},"content":{"rendered":"<p>\u2728 Fr\u00e9za PATRON s kombinovanou abrazivitou (modro-\u010derven\u00e1) \u2728<\/p>\n<p>Univerz\u00e1ln\u00ed n\u00e1stroj pro profesion\u00e1ly<\/p>\n<p>Fr\u00e9za PATRON je navr\u017eena tak, aby efektivn\u011b pracovala s r\u016fzn\u00fdmi typy poko\u017eky \u2013 od m\u011bkk\u00e9 a\u017e po tvrdou. D\u00edky kombinovan\u00e9 abrazivit\u011b (modro-\u010derven\u00e1) a promy\u0161len\u00e9mu tvaru je maxim\u00e1ln\u011b univerz\u00e1ln\u00ed a ide\u00e1ln\u00ed pro:<\/p>\n<p>\u00fapravu k\u016f\u017ei\u010dky<\/p>\n<p>postrann\u00ed valy<\/p>\n<p>prostor pod k\u016f\u017ei\u010dkou<\/p>\n<p>Perfektn\u00ed alternativa k \u201eplam\u00ednku\u201c \u2013 tam, kde je klasick\u00fd tvar p\u0159\u00edli\u0161 dlouh\u00fd, PATRON sed\u00ed p\u0159esn\u011b!<\/p>\n<p>Hod\u00ed se pro:<\/p>\n<p>\u2705 techniku p\u0159\u00edstrojov\u00e9 manik\u00fary \u201ejedna fr\u00e9za\u201c<\/p>\n<p>\u2705 odstran\u011bn\u00ed pterygia<\/p>\n<p>\u2705 brou\u0161en\u00ed otlak\u016f a mozol\u016f<\/p>\n<p>\u2728 Profesion\u00e1ln\u00ed p\u0159esnost, pohodl\u00ed v pr\u00e1ci a \u010dist\u00fd v\u00fdsledek \u2013 to je PATRON!<\/p>\n<p>Technick\u00e9 parametry:<\/p>\n<p>\u2022 Pr\u016fm\u011br pracovn\u00ed \u010d\u00e1sti: 2,3 mm<\/p>\n<p>\u2022 V\u00fd\u0161ka pracovn\u00ed \u010d\u00e1sti: 8 mm<\/p>\n<p>\u2022 Celkov\u00e1 d\u00e9lka: 45 mm<\/p>\n<p>\u2022 Zrnitost: modro-\u010derven\u00e1 (kombinovan\u00e1 abrazivita)<\/p>\n<p>Vlastnosti:<\/p>\n<p>\u2022 Dvojit\u00e9 diamantov\u00e9 povrstven\u00ed zaji\u0161\u0165uje rovnom\u011brn\u00e9 brou\u0161en\u00ed a vy\u0161\u0161\u00ed \u017eivotnost n\u00e1stroje.<\/p>\n<p>\u2022 Vhodn\u00e1 pro sterilizaci v autokl\u00e1vu i horkovzdu\u0161n\u00e9m steriliz\u00e1toru.<\/p>\n<p>\u2022 Vysok\u00e1 odolnost proti korozi a opot\u0159eben\u00ed.<\/p>\n<p>\u2022 Vhodn\u00e1 pro \u00fapravu jak m\u011bkk\u00e9, tak tvrd\u00e9 poko\u017eky \u2013 umo\u017e\u0148uje pr\u00e1ci s r\u016fzn\u00fdmi typy poko\u017eky a neht\u016f.<\/p>\n<p>Zem\u011b p\u016fvodu: Ukrajina<\/p>\n","protected":false},"excerpt":{"rendered":"<p>\u2728 Fr\u00e9za PATRON s kombinovanou abrazivitou (modro-\u010derven\u00e1) \u2728 Univerz\u00e1ln\u00ed n\u00e1stroj pro profesion\u00e1ly Fr\u00e9za PATRON je navr\u017eena tak, aby efektivn\u011b pracovala s r\u016fzn\u00fdmi typy poko\u017eky \u2013 od m\u011bkk\u00e9 a\u017e po tvrdou. D\u00edky kombinovan\u00e9 abrazivit\u011b (modro-\u010derven\u00e1) a promy\u0161len\u00e9mu tvaru je maxim\u00e1ln\u011b univerz\u00e1ln\u00ed a ide\u00e1ln\u00ed pro: \u00fapravu k\u016f\u017ei\u010dky postrann\u00ed valy prostor pod k\u016f\u017ei\u010dkou Perfektn\u00ed alternativa k \u201eplam\u00ednku\u201c \u2013 [&hellip;]<\/p>\n","protected":false},"featured_media":4262,"comment_status":"open","ping_status":"closed","template":"","meta":[],"pwb-brand":[],"product_brand":[],"product_cat":[689],"product_tag":[],"berocket_brand":[556],"class_list":{"0":"post-8731","1":"product","2":"type-product","3":"status-publish","4":"has-post-thumbnail","6":"product_cat-diamantove-frezy","7":"berocket_brand-jz-nails-group","9":"first","10":"instock","11":"taxable","12":"shipping-taxable","13":"purchasable","14":"product-type-simple"},"acf":[],"brands":[],"_links":{"self":[{"href":"https:\/\/mikeladzenailstore.com\/en\/wp-json\/wp\/v2\/product\/8731","targetHints":{"allow":["GET"]}}],"collection":[{"href":"https:\/\/mikeladzenailstore.com\/en\/wp-json\/wp\/v2\/product"}],"about":[{"href":"https:\/\/mikeladzenailstore.com\/en\/wp-json\/wp\/v2\/types\/product"}],"replies":[{"embeddable":true,"href":"https:\/\/mikeladzenailstore.com\/en\/wp-json\/wp\/v2\/comments?post=8731"}],"version-history":[{"count":0,"href":"https:\/\/mikeladzenailstore.com\/en\/wp-json\/wp\/v2\/product\/8731\/revisions"}],"wp:featuredmedia":[{"embeddable":true,"href":"https:\/\/mikeladzenailstore.com\/en\/wp-json\/wp\/v2\/media\/4262"}],"wp:attachment":[{"href":"https:\/\/mikeladzenailstore.com\/en\/wp-json\/wp\/v2\/media?parent=8731"}],"wp:term":[{"taxonomy":"pwb-brand","embeddable":true,"href":"https:\/\/mikeladzenailstore.com\/en\/wp-json\/wp\/v2\/pwb-brand?post=8731"},{"taxonomy":"product_brand","embeddable":true,"href":"https:\/\/mikeladzenailstore.com\/en\/wp-json\/wp\/v2\/product_brand?post=8731"},{"taxonomy":"product_cat","embeddable":true,"href":"https:\/\/mikeladzenailstore.com\/en\/wp-json\/wp\/v2\/product_cat?post=8731"},{"taxonomy":"product_tag","embeddable":true,"href":"https:\/\/mikeladzenailstore.com\/en\/wp-json\/wp\/v2\/product_tag?post=8731"},{"taxonomy":"berocket_brand","embeddable":true,"href":"https:\/\/mikeladzenailstore.com\/en\/wp-json\/wp\/v2\/berocket_brand?post=8731"}],"curies":[{"name":"wp","href":"https:\/\/api.w.org\/{rel}","templated":true}]}}