{"id":8785,"date":"2025-11-15T11:56:43","date_gmt":"2025-11-15T11:56:43","guid":{"rendered":"https:\/\/mikeladzenailstore.com\/p\/gel-lak-ash-grey-trendy-nails-8-ml\/"},"modified":"2026-04-15T19:23:30","modified_gmt":"2026-04-15T19:23:30","slug":"gel-lak-ash-grey-trendy-nails-8-ml","status":"publish","type":"product","link":"https:\/\/mikeladzenailstore.com\/en\/p\/gel-lak-ash-grey-trendy-nails-8-ml\/","title":{"rendered":"Nail polish ASH grey Trendy nails 8 ml"},"content":{"rendered":"<p>Tepl\u00e1 a sofistikovan\u00e1 \u0161ed\u00e1, kter\u00e1 zahal\u00ed nehty do nad\u010dasov\u00e9 elegance.<br \/>\nAsh Grey je semipermanentn\u00ed lak, kter\u00fd prom\u011b\u0148uje st\u0159\u00eddmost v couture styl \u2013 ide\u00e1ln\u00ed volba pro milovn\u00edky modern\u00ed a vyt\u0159\u00edben\u00e9 manik\u00fary.<\/p>\n<p>Vysoce pigmentovan\u00fd a kryc\u00ed ji\u017e v prvn\u00ed vrstv\u011b, se st\u0159edn\u011b hustou konzistenc\u00ed, kter\u00e1 se snadno nan\u00e1\u0161\u00ed a nest\u00e9k\u00e1.<br \/>\nZaji\u0161\u0165uje bezchybnou v\u00fddr\u017e v\u00edce ne\u017e 4 t\u00fddny, bez odchlipov\u00e1n\u00ed.<\/p>\n<p>Bezpe\u010dn\u00e1 formule bez HEMA, Di-HEMA a TPO, vhodn\u00e1 i pro citliv\u00e9 nehty.<\/p>\n","protected":false},"excerpt":{"rendered":"<p>Tepl\u00e1 a sofistikovan\u00e1 \u0161ed\u00e1, kter\u00e1 zahal\u00ed nehty do nad\u010dasov\u00e9 elegance. Ash Grey je semipermanentn\u00ed lak, kter\u00fd prom\u011b\u0148uje st\u0159\u00eddmost v couture styl \u2013 ide\u00e1ln\u00ed volba pro milovn\u00edky modern\u00ed a vyt\u0159\u00edben\u00e9 manik\u00fary. Vysoce pigmentovan\u00fd a kryc\u00ed ji\u017e v prvn\u00ed vrstv\u011b, se st\u0159edn\u011b hustou konzistenc\u00ed, kter\u00e1 se snadno nan\u00e1\u0161\u00ed a nest\u00e9k\u00e1. Zaji\u0161\u0165uje bezchybnou v\u00fddr\u017e v\u00edce ne\u017e 4 t\u00fddny, [&hellip;]<\/p>\n","protected":false},"featured_media":2993,"comment_status":"open","ping_status":"closed","template":"","meta":[],"pwb-brand":[],"product_brand":[],"product_cat":[659],"product_tag":[],"berocket_brand":[419],"class_list":{"0":"post-8785","1":"product","2":"type-product","3":"status-publish","4":"has-post-thumbnail","6":"product_cat-gel-polish-trendy-nails","7":"berocket_brand-trendy-nails","9":"first","10":"instock","11":"taxable","12":"shipping-taxable","13":"purchasable","14":"product-type-simple"},"acf":[],"brands":[],"_links":{"self":[{"href":"https:\/\/mikeladzenailstore.com\/en\/wp-json\/wp\/v2\/product\/8785","targetHints":{"allow":["GET"]}}],"collection":[{"href":"https:\/\/mikeladzenailstore.com\/en\/wp-json\/wp\/v2\/product"}],"about":[{"href":"https:\/\/mikeladzenailstore.com\/en\/wp-json\/wp\/v2\/types\/product"}],"replies":[{"embeddable":true,"href":"https:\/\/mikeladzenailstore.com\/en\/wp-json\/wp\/v2\/comments?post=8785"}],"version-history":[{"count":1,"href":"https:\/\/mikeladzenailstore.com\/en\/wp-json\/wp\/v2\/product\/8785\/revisions"}],"predecessor-version":[{"id":21134,"href":"https:\/\/mikeladzenailstore.com\/en\/wp-json\/wp\/v2\/product\/8785\/revisions\/21134"}],"wp:featuredmedia":[{"embeddable":true,"href":"https:\/\/mikeladzenailstore.com\/en\/wp-json\/wp\/v2\/media\/2993"}],"wp:attachment":[{"href":"https:\/\/mikeladzenailstore.com\/en\/wp-json\/wp\/v2\/media?parent=8785"}],"wp:term":[{"taxonomy":"pwb-brand","embeddable":true,"href":"https:\/\/mikeladzenailstore.com\/en\/wp-json\/wp\/v2\/pwb-brand?post=8785"},{"taxonomy":"product_brand","embeddable":true,"href":"https:\/\/mikeladzenailstore.com\/en\/wp-json\/wp\/v2\/product_brand?post=8785"},{"taxonomy":"product_cat","embeddable":true,"href":"https:\/\/mikeladzenailstore.com\/en\/wp-json\/wp\/v2\/product_cat?post=8785"},{"taxonomy":"product_tag","embeddable":true,"href":"https:\/\/mikeladzenailstore.com\/en\/wp-json\/wp\/v2\/product_tag?post=8785"},{"taxonomy":"berocket_brand","embeddable":true,"href":"https:\/\/mikeladzenailstore.com\/en\/wp-json\/wp\/v2\/berocket_brand?post=8785"}],"curies":[{"name":"wp","href":"https:\/\/api.w.org\/{rel}","templated":true}]}}