{"id":8863,"date":"2025-11-15T11:56:08","date_gmt":"2025-11-15T11:56:08","guid":{"rendered":"https:\/\/mikeladzenailstore.com\/p\/modeling-gel-mousse-trendy-nails-15-ml\/"},"modified":"2026-03-12T20:12:31","modified_gmt":"2026-03-12T20:12:31","slug":"modeling-gel-mousse-trendy-nails-15-ml","status":"publish","type":"product","link":"https:\/\/mikeladzenailstore.com\/en\/p\/modeling-gel-mousse-trendy-nails-15-ml\/","title":{"rendered":"Modeling gel MOUSSE Trendy nails 15 ml"},"content":{"rendered":"<p data-start=\"68\" data-end=\"257\"><strong data-start=\"68\" data-end=\"107\">Objevte novou \u00farove\u0148 modelace neht\u016f<\/strong> s na\u0161\u00edm <strong data-start=\"116\" data-end=\"143\">Modeling gelem \u201eMousse\u201c<\/strong> \u2013 profesion\u00e1ln\u00ed formul\u00ed <strong data-start=\"168\" data-end=\"186\">bez HEMA a TPO<\/strong>, kter\u00e1 v jednom produktu spojuje <strong data-start=\"220\" data-end=\"256\">bezpe\u010dnost, v\u00fdkon a v\u0161estrannost<\/strong>.<\/p>\n<p data-start=\"259\" data-end=\"424\">D\u00edky <strong data-start=\"264\" data-end=\"304\">st\u0159edn\u00ed, samovyrovn\u00e1vac\u00ed konzistenci<\/strong> je ide\u00e1ln\u00ed pro v\u0161echny typy aplikac\u00ed: <strong data-start=\"343\" data-end=\"388\">zpevn\u011bn\u00ed, refill, modelaci i prodlu\u017eov\u00e1n\u00ed<\/strong> na \u0161ablon\u00e1ch nebo <strong data-start=\"407\" data-end=\"423\">dual form\u00e1ch<\/strong>.<\/p>\n<p data-start=\"426\" data-end=\"576\">Jeho <strong data-start=\"431\" data-end=\"461\">hedv\u00e1bn\u00e1 a kr\u00e9mov\u00e1 textura<\/strong> se snadno tvaruje, vytv\u00e1\u0159\u00ed <strong data-start=\"489\" data-end=\"527\">hladk\u00fd, rovnom\u011brn\u00fd a odoln\u00fd povrch<\/strong> a z\u00e1rove\u0148 si zachov\u00e1v\u00e1 <strong data-start=\"551\" data-end=\"575\">vyv\u00e1\u017eenou elasticitu<\/strong>.<\/p>\n<p data-start=\"578\" data-end=\"791\">Odst\u00edn <strong data-start=\"585\" data-end=\"595\">Mousse<\/strong> \u2013 <strong data-start=\"598\" data-end=\"655\">r\u016f\u017eov\u00fd nude s tepl\u00fdmi podt\u00f3ny meru\u0148ky a ml\u00e9\u010dn\u011b b\u00e9\u017eov\u00e9<\/strong> \u2013 dod\u00e1v\u00e1 neht\u016fm <strong data-start=\"672\" data-end=\"707\">jemn\u00fd, p\u0159irozen\u00fd a z\u00e1\u0159iv\u00fd efekt<\/strong>. Ide\u00e1ln\u00ed pro <strong data-start=\"721\" data-end=\"790\">elegantn\u00ed b\u00e1ze, nude looky i sofistikovanou francouzskou manik\u00faru<\/strong>.<\/p>\n<p data-start=\"793\" data-end=\"971\"><strong data-start=\"793\" data-end=\"853\">Vysok\u00e1 p\u0159ilnavost, dlouh\u00e1 v\u00fddr\u017e a struktur\u00e1ln\u00ed stabilita<\/strong> \u010din\u00ed tento gel <strong data-start=\"869\" data-end=\"916\">dokonal\u00fdm spojencem ka\u017ed\u00e9 nehtov\u00e9 stylistky<\/strong>, kter\u00e1 po\u017eaduje <strong data-start=\"933\" data-end=\"970\">bezchybn\u00e9 v\u00fdsledky bez kompromis\u016f<\/strong>.<\/p>\n","protected":false},"excerpt":{"rendered":"<p>Objevte novou \u00farove\u0148 modelace neht\u016f s na\u0161\u00edm Modeling gelem \u201eMousse\u201c \u2013 profesion\u00e1ln\u00ed formul\u00ed bez HEMA a TPO, kter\u00e1 v jednom produktu spojuje bezpe\u010dnost, v\u00fdkon a v\u0161estrannost. D\u00edky st\u0159edn\u00ed, samovyrovn\u00e1vac\u00ed konzistenci je ide\u00e1ln\u00ed pro v\u0161echny typy aplikac\u00ed: zpevn\u011bn\u00ed, refill, modelaci i prodlu\u017eov\u00e1n\u00ed na \u0161ablon\u00e1ch nebo dual form\u00e1ch. Jeho hedv\u00e1bn\u00e1 a kr\u00e9mov\u00e1 textura se snadno tvaruje, vytv\u00e1\u0159\u00ed [&hellip;]<\/p>\n","protected":false},"featured_media":2875,"comment_status":"open","ping_status":"closed","template":"","meta":[],"pwb-brand":[],"product_brand":[],"product_cat":[507,531],"product_tag":[],"berocket_brand":[419],"class_list":{"0":"post-8863","1":"product","2":"type-product","3":"status-publish","4":"has-post-thumbnail","6":"product_cat-builder-gel-gel-jelly","7":"product_cat-novinky","8":"berocket_brand-trendy-nails","10":"first","11":"instock","12":"taxable","13":"shipping-taxable","14":"purchasable","15":"product-type-simple"},"acf":[],"brands":[],"_links":{"self":[{"href":"https:\/\/mikeladzenailstore.com\/en\/wp-json\/wp\/v2\/product\/8863","targetHints":{"allow":["GET"]}}],"collection":[{"href":"https:\/\/mikeladzenailstore.com\/en\/wp-json\/wp\/v2\/product"}],"about":[{"href":"https:\/\/mikeladzenailstore.com\/en\/wp-json\/wp\/v2\/types\/product"}],"replies":[{"embeddable":true,"href":"https:\/\/mikeladzenailstore.com\/en\/wp-json\/wp\/v2\/comments?post=8863"}],"version-history":[{"count":0,"href":"https:\/\/mikeladzenailstore.com\/en\/wp-json\/wp\/v2\/product\/8863\/revisions"}],"wp:featuredmedia":[{"embeddable":true,"href":"https:\/\/mikeladzenailstore.com\/en\/wp-json\/wp\/v2\/media\/2875"}],"wp:attachment":[{"href":"https:\/\/mikeladzenailstore.com\/en\/wp-json\/wp\/v2\/media?parent=8863"}],"wp:term":[{"taxonomy":"pwb-brand","embeddable":true,"href":"https:\/\/mikeladzenailstore.com\/en\/wp-json\/wp\/v2\/pwb-brand?post=8863"},{"taxonomy":"product_brand","embeddable":true,"href":"https:\/\/mikeladzenailstore.com\/en\/wp-json\/wp\/v2\/product_brand?post=8863"},{"taxonomy":"product_cat","embeddable":true,"href":"https:\/\/mikeladzenailstore.com\/en\/wp-json\/wp\/v2\/product_cat?post=8863"},{"taxonomy":"product_tag","embeddable":true,"href":"https:\/\/mikeladzenailstore.com\/en\/wp-json\/wp\/v2\/product_tag?post=8863"},{"taxonomy":"berocket_brand","embeddable":true,"href":"https:\/\/mikeladzenailstore.com\/en\/wp-json\/wp\/v2\/berocket_brand?post=8863"}],"curies":[{"name":"wp","href":"https:\/\/api.w.org\/{rel}","templated":true}]}}