{"id":8875,"date":"2025-11-15T11:56:08","date_gmt":"2025-11-15T11:56:08","guid":{"rendered":"https:\/\/mikeladzenailstore.com\/p\/pink-gel-polish-love-%e2%84%963-gel-lak-tmave-cervene-barvy-10ml\/"},"modified":"2026-01-20T10:45:42","modified_gmt":"2026-01-20T10:45:42","slug":"pink-gel-polish-love-%e2%84%963-gel-lak-tmave-cervene-barvy-10ml","status":"publish","type":"product","link":"https:\/\/mikeladzenailstore.com\/en\/p\/pink-gel-polish-love-%e2%84%963-gel-lak-tmave-cervene-barvy-10ml\/","title":{"rendered":"Pink Gel Polish Love \u21163 \u2013 gel lak tmav\u011b \u010derven\u00e9 barvy\/10ml"},"content":{"rendered":"<p>P\u0159edstavujeme novou \u0159adu gel lak\u016f LOVE \u2013 4 unik\u00e1tn\u00ed \u010derven\u00e9 odst\u00edny s vysok\u00fdm obsahem pigmentu pro dokonal\u00e9 kryt\u00ed ji\u017e v prvn\u00edm n\u00e1t\u011bru.<\/p>\n<\/p>\n<p>LOVE \u2013 \u010derven\u00e1 jako v\u00e1\u0161e\u0148. Tyto barvy jsou vytvo\u0159eny pro siln\u00e9 emoce a stylov\u00e9 looky.<\/p>\n<\/p>\n<p>\u21163 \u2013 tmav\u011b \u010derven\u00e1, hlubok\u00e1 a syt\u00e1. Barva, kter\u00e1 mluv\u00ed beze slov.<\/p>\n<\/p>\n<p>Exkluzivita s\u00e9rie:<\/p>\n<p>\u2022 Vysok\u00e1 pigmentace umo\u017e\u0148uj\u00edc\u00ed nan\u00e1\u0161en\u00ed v jednom n\u00e1t\u011bru bez pr\u016fsvitu.<\/p>\n<p>\u2022 Hlubok\u00e9, syt\u00e9 odst\u00edny, kter\u00e9 si uchov\u00e1vaj\u00ed intenzitu barvy.<\/p>\n<p>\u2022 Ide\u00e1ln\u00ed pro mistry, kte\u0159\u00ed ocen\u00ed \u010das i kvalitu.<\/p>\n","protected":false},"excerpt":{"rendered":"<p>P\u0159edstavujeme novou \u0159adu gel lak\u016f LOVE \u2013 4 unik\u00e1tn\u00ed \u010derven\u00e9 odst\u00edny s vysok\u00fdm obsahem pigmentu pro dokonal\u00e9 kryt\u00ed ji\u017e v prvn\u00edm n\u00e1t\u011bru. LOVE \u2013 \u010derven\u00e1 jako v\u00e1\u0161e\u0148. Tyto barvy jsou vytvo\u0159eny pro siln\u00e9 emoce a stylov\u00e9 looky. \u21163 \u2013 tmav\u011b \u010derven\u00e1, hlubok\u00e1 a syt\u00e1. Barva, kter\u00e1 mluv\u00ed beze slov. Exkluzivita s\u00e9rie: \u2022 Vysok\u00e1 pigmentace umo\u017e\u0148uj\u00edc\u00ed [&hellip;]<\/p>\n","protected":false},"featured_media":2887,"comment_status":"open","ping_status":"closed","template":"","meta":[],"pwb-brand":[],"product_brand":[],"product_cat":[180,703],"product_tag":[],"berocket_brand":[559],"class_list":{"0":"post-8875","1":"product","2":"type-product","3":"status-publish","4":"has-post-thumbnail","6":"product_cat-barevny-gel-laky","7":"product_cat-slevy","8":"berocket_brand-pink","10":"first","11":"outofstock","12":"sale","13":"taxable","14":"shipping-taxable","15":"purchasable","16":"product-type-simple"},"acf":[],"brands":[],"_links":{"self":[{"href":"https:\/\/mikeladzenailstore.com\/en\/wp-json\/wp\/v2\/product\/8875","targetHints":{"allow":["GET"]}}],"collection":[{"href":"https:\/\/mikeladzenailstore.com\/en\/wp-json\/wp\/v2\/product"}],"about":[{"href":"https:\/\/mikeladzenailstore.com\/en\/wp-json\/wp\/v2\/types\/product"}],"replies":[{"embeddable":true,"href":"https:\/\/mikeladzenailstore.com\/en\/wp-json\/wp\/v2\/comments?post=8875"}],"version-history":[{"count":0,"href":"https:\/\/mikeladzenailstore.com\/en\/wp-json\/wp\/v2\/product\/8875\/revisions"}],"wp:featuredmedia":[{"embeddable":true,"href":"https:\/\/mikeladzenailstore.com\/en\/wp-json\/wp\/v2\/media\/2887"}],"wp:attachment":[{"href":"https:\/\/mikeladzenailstore.com\/en\/wp-json\/wp\/v2\/media?parent=8875"}],"wp:term":[{"taxonomy":"pwb-brand","embeddable":true,"href":"https:\/\/mikeladzenailstore.com\/en\/wp-json\/wp\/v2\/pwb-brand?post=8875"},{"taxonomy":"product_brand","embeddable":true,"href":"https:\/\/mikeladzenailstore.com\/en\/wp-json\/wp\/v2\/product_brand?post=8875"},{"taxonomy":"product_cat","embeddable":true,"href":"https:\/\/mikeladzenailstore.com\/en\/wp-json\/wp\/v2\/product_cat?post=8875"},{"taxonomy":"product_tag","embeddable":true,"href":"https:\/\/mikeladzenailstore.com\/en\/wp-json\/wp\/v2\/product_tag?post=8875"},{"taxonomy":"berocket_brand","embeddable":true,"href":"https:\/\/mikeladzenailstore.com\/en\/wp-json\/wp\/v2\/berocket_brand?post=8875"}],"curies":[{"name":"wp","href":"https:\/\/api.w.org\/{rel}","templated":true}]}}