{"id":8881,"date":"2025-11-15T11:56:08","date_gmt":"2025-11-15T11:56:08","guid":{"rendered":"https:\/\/mikeladzenailstore.com\/p\/pink-gel-polish-love-%e2%84%961-gel-lak-v-jasnem-neonove-jahodovem-odstinu-s-ruzovym\/"},"modified":"2026-01-20T10:46:13","modified_gmt":"2026-01-20T10:46:13","slug":"pink-gel-polish-love-%e2%84%961-gel-lak-v-jasnem-neonove-jahodovem-odstinu-s-ruzovym","status":"publish","type":"product","link":"https:\/\/mikeladzenailstore.com\/en\/p\/pink-gel-polish-love-%e2%84%961-gel-lak-v-jasnem-neonove-jahodovem-odstinu-s-ruzovym\/","title":{"rendered":"Pink Gel Polish Love \u21161 \u2013 gel lak v jasn\u00e9m neonov\u011b \u2013 jahodov\u00e9m odst\u00ednu s r\u016f\u017eov\u00fdm"},"content":{"rendered":"<p>P\u0159edstavujeme novou \u0159adu gel lak\u016f LOVE \u2014 4 unik\u00e1tn\u00ed \u010derven\u00e9 odst\u00edny s vysok\u00fdm obsahem pigmentu pro dokonal\u00e9 kryt\u00ed v jednom n\u00e1t\u011bru.<\/p>\n<\/p>\n<p>LOVE \u2014 \u010derven\u00e1 jako v\u00e1\u0161e\u0148. Tyto odst\u00edny jsou vytvo\u0159eny pro siln\u00e9 emoce a stylov\u00e9 looky.<\/p>\n<\/p>\n<p>\u21161 \u2013 jasn\u00fd neonov\u011b \u2013 jahodov\u00fd odst\u00edn s r\u016f\u017eov\u00fdm podt\u00f3nem. Efektn\u00ed a \u017eiv\u00fd, po polymerizaci m\u00edrn\u011b tmavne, ale sv\u016fj p\u016fvodn\u00ed odst\u00edn vrac\u00ed b\u011bhem 30 minut.<\/p>\n<p>Doporu\u010den\u00ed: \u21161 je lep\u0161\u00ed p\u0159ekr\u00fdt topem bez UV filtr\u016f nebo s jejich minim\u00e1ln\u00edm obsahem, aby nedo\u0161lo ke zm\u011bn\u011b odst\u00ednu.<\/p>\n<\/p>\n<p>Exkluzivita s\u00e9rie:<\/p>\n<p>\u2022 Vysok\u00e1 pigmentace umo\u017e\u0148uj\u00edc\u00ed nan\u00e1\u0161et v jednom n\u00e1t\u011bru bez pr\u016fsvitu.<\/p>\n<p>\u2022 Hlubok\u00e9, syt\u00e9 odst\u00edny, kter\u00e9 si uchov\u00e1vaj\u00ed intenzitu barvy.<\/p>\n<p>\u2022 Ide\u00e1ln\u00ed pro mistry, kte\u0159\u00ed ocen\u00ed \u010das i kvalitu.<\/p>\n","protected":false},"excerpt":{"rendered":"<p>P\u0159edstavujeme novou \u0159adu gel lak\u016f LOVE \u2014 4 unik\u00e1tn\u00ed \u010derven\u00e9 odst\u00edny s vysok\u00fdm obsahem pigmentu pro dokonal\u00e9 kryt\u00ed v jednom n\u00e1t\u011bru. LOVE \u2014 \u010derven\u00e1 jako v\u00e1\u0161e\u0148. Tyto odst\u00edny jsou vytvo\u0159eny pro siln\u00e9 emoce a stylov\u00e9 looky. \u21161 \u2013 jasn\u00fd neonov\u011b \u2013 jahodov\u00fd odst\u00edn s r\u016f\u017eov\u00fdm podt\u00f3nem. Efektn\u00ed a \u017eiv\u00fd, po polymerizaci m\u00edrn\u011b tmavne, ale sv\u016fj [&hellip;]<\/p>\n","protected":false},"featured_media":2899,"comment_status":"open","ping_status":"closed","template":"","meta":[],"pwb-brand":[],"product_brand":[],"product_cat":[180,703],"product_tag":[],"berocket_brand":[559],"class_list":{"0":"post-8881","1":"product","2":"type-product","3":"status-publish","4":"has-post-thumbnail","6":"product_cat-barevny-gel-laky","7":"product_cat-slevy","8":"berocket_brand-pink","10":"first","11":"instock","12":"sale","13":"taxable","14":"shipping-taxable","15":"purchasable","16":"product-type-simple"},"acf":[],"brands":[],"_links":{"self":[{"href":"https:\/\/mikeladzenailstore.com\/en\/wp-json\/wp\/v2\/product\/8881","targetHints":{"allow":["GET"]}}],"collection":[{"href":"https:\/\/mikeladzenailstore.com\/en\/wp-json\/wp\/v2\/product"}],"about":[{"href":"https:\/\/mikeladzenailstore.com\/en\/wp-json\/wp\/v2\/types\/product"}],"replies":[{"embeddable":true,"href":"https:\/\/mikeladzenailstore.com\/en\/wp-json\/wp\/v2\/comments?post=8881"}],"version-history":[{"count":0,"href":"https:\/\/mikeladzenailstore.com\/en\/wp-json\/wp\/v2\/product\/8881\/revisions"}],"wp:featuredmedia":[{"embeddable":true,"href":"https:\/\/mikeladzenailstore.com\/en\/wp-json\/wp\/v2\/media\/2899"}],"wp:attachment":[{"href":"https:\/\/mikeladzenailstore.com\/en\/wp-json\/wp\/v2\/media?parent=8881"}],"wp:term":[{"taxonomy":"pwb-brand","embeddable":true,"href":"https:\/\/mikeladzenailstore.com\/en\/wp-json\/wp\/v2\/pwb-brand?post=8881"},{"taxonomy":"product_brand","embeddable":true,"href":"https:\/\/mikeladzenailstore.com\/en\/wp-json\/wp\/v2\/product_brand?post=8881"},{"taxonomy":"product_cat","embeddable":true,"href":"https:\/\/mikeladzenailstore.com\/en\/wp-json\/wp\/v2\/product_cat?post=8881"},{"taxonomy":"product_tag","embeddable":true,"href":"https:\/\/mikeladzenailstore.com\/en\/wp-json\/wp\/v2\/product_tag?post=8881"},{"taxonomy":"berocket_brand","embeddable":true,"href":"https:\/\/mikeladzenailstore.com\/en\/wp-json\/wp\/v2\/berocket_brand?post=8881"}],"curies":[{"name":"wp","href":"https:\/\/api.w.org\/{rel}","templated":true}]}}