{"id":8902,"date":"2025-11-15T11:55:56","date_gmt":"2025-11-15T11:55:56","guid":{"rendered":"https:\/\/mikeladzenailstore.com\/p\/modeling-gel-pastel-pink-trendy-nails-15-ml\/"},"modified":"2026-01-19T21:20:06","modified_gmt":"2026-01-19T21:20:06","slug":"modeling-gel-pastel-pink-trendy-nails-15-ml","status":"publish","type":"product","link":"https:\/\/mikeladzenailstore.com\/en\/p\/modeling-gel-pastel-pink-trendy-nails-15-ml\/","title":{"rendered":"Modeling gel PASTEL PINK Trendy nails 15 ml"},"content":{"rendered":"<p data-start=\"68\" data-end=\"269\"><strong data-start=\"68\" data-end=\"107\">Objevte novou \u00farove\u0148 modelace neht\u016f<\/strong> s na\u0161\u00edm <strong data-start=\"116\" data-end=\"148\">Modeling gelem \u201ePastel Pink\u201c<\/strong> \u2013 profesion\u00e1ln\u00ed formul\u00ed <strong data-start=\"173\" data-end=\"191\">bez HEMA a TPO<\/strong>, kter\u00e1 v jednom produktu spojuje <strong data-start=\"225\" data-end=\"268\">bezpe\u010dnost, vysok\u00fd v\u00fdkon a v\u0161estrannost<\/strong>.<\/p>\n<p data-start=\"271\" data-end=\"413\">D\u00edky <strong data-start=\"276\" data-end=\"316\">st\u0159edn\u00ed, samovyrovn\u00e1vac\u00ed konzistenci<\/strong> je ide\u00e1ln\u00ed pro <strong data-start=\"332\" data-end=\"377\">zpevn\u011bn\u00ed, refill, modelaci i prodlu\u017eov\u00e1n\u00ed<\/strong> na \u0161ablon\u00e1ch nebo <strong data-start=\"396\" data-end=\"412\">dual form\u00e1ch<\/strong>.<\/p>\n<p data-start=\"415\" data-end=\"547\">Jeho <strong data-start=\"420\" data-end=\"440\">hedv\u00e1bn\u00e1 textura<\/strong> se snadno tvaruje, vytv\u00e1\u0159\u00ed <strong data-start=\"468\" data-end=\"498\">rovnom\u011brn\u00fd a odoln\u00fd povrch<\/strong> a z\u00e1rove\u0148 si zachov\u00e1v\u00e1 <strong data-start=\"522\" data-end=\"546\">vyv\u00e1\u017eenou elasticitu<\/strong>.<\/p>\n<p data-start=\"549\" data-end=\"721\">Odst\u00edn <strong data-start=\"556\" data-end=\"571\">Pastel Pink<\/strong> \u2013 <strong data-start=\"574\" data-end=\"598\">jemn\u00e1, ml\u00e9\u010dn\u011b r\u016f\u017eov\u00e1<\/strong> \u2013 dod\u00e1v\u00e1 neht\u016fm <strong data-start=\"615\" data-end=\"648\">\u017eensk\u00fd, jemn\u00fd a z\u00e1\u0159iv\u00fd vzhled<\/strong>, ide\u00e1ln\u00ed pro <strong data-start=\"662\" data-end=\"689\">babyboomer, soft french<\/strong> i <strong data-start=\"692\" data-end=\"720\">romantick\u00e9 salonn\u00ed looky<\/strong>.<\/p>\n<p data-start=\"723\" data-end=\"902\">D\u00edky <strong data-start=\"728\" data-end=\"790\">vysok\u00e9 p\u0159ilnavosti, dlouh\u00e9 v\u00fddr\u017ei a struktur\u00e1ln\u00ed stabilit\u011b<\/strong> je tento gel <strong data-start=\"804\" data-end=\"851\">dokonal\u00fdm spojencem ka\u017ed\u00e9 nehtov\u00e9 stylistky<\/strong>, kter\u00e1 chce <strong data-start=\"864\" data-end=\"901\">bezchybn\u00e9 v\u00fdsledky bez kompromis\u016f<\/strong>.<\/p>\n","protected":false},"excerpt":{"rendered":"<p>Objevte novou \u00farove\u0148 modelace neht\u016f s na\u0161\u00edm Modeling gelem \u201ePastel Pink\u201c \u2013 profesion\u00e1ln\u00ed formul\u00ed bez HEMA a TPO, kter\u00e1 v jednom produktu spojuje bezpe\u010dnost, vysok\u00fd v\u00fdkon a v\u0161estrannost. D\u00edky st\u0159edn\u00ed, samovyrovn\u00e1vac\u00ed konzistenci je ide\u00e1ln\u00ed pro zpevn\u011bn\u00ed, refill, modelaci i prodlu\u017eov\u00e1n\u00ed na \u0161ablon\u00e1ch nebo dual form\u00e1ch. Jeho hedv\u00e1bn\u00e1 textura se snadno tvaruje, vytv\u00e1\u0159\u00ed rovnom\u011brn\u00fd a odoln\u00fd [&hellip;]<\/p>\n","protected":false},"featured_media":2861,"comment_status":"open","ping_status":"closed","template":"","meta":[],"pwb-brand":[],"product_brand":[],"product_cat":[655,531],"product_tag":[],"berocket_brand":[419],"class_list":{"0":"post-8902","1":"product","2":"type-product","3":"status-publish","4":"has-post-thumbnail","6":"product_cat-modeling-gel-trendy-nails","7":"product_cat-novinky","8":"berocket_brand-trendy-nails","10":"first","11":"outofstock","12":"taxable","13":"shipping-taxable","14":"purchasable","15":"product-type-simple"},"acf":[],"brands":[],"_links":{"self":[{"href":"https:\/\/mikeladzenailstore.com\/en\/wp-json\/wp\/v2\/product\/8902","targetHints":{"allow":["GET"]}}],"collection":[{"href":"https:\/\/mikeladzenailstore.com\/en\/wp-json\/wp\/v2\/product"}],"about":[{"href":"https:\/\/mikeladzenailstore.com\/en\/wp-json\/wp\/v2\/types\/product"}],"replies":[{"embeddable":true,"href":"https:\/\/mikeladzenailstore.com\/en\/wp-json\/wp\/v2\/comments?post=8902"}],"version-history":[{"count":0,"href":"https:\/\/mikeladzenailstore.com\/en\/wp-json\/wp\/v2\/product\/8902\/revisions"}],"wp:featuredmedia":[{"embeddable":true,"href":"https:\/\/mikeladzenailstore.com\/en\/wp-json\/wp\/v2\/media\/2861"}],"wp:attachment":[{"href":"https:\/\/mikeladzenailstore.com\/en\/wp-json\/wp\/v2\/media?parent=8902"}],"wp:term":[{"taxonomy":"pwb-brand","embeddable":true,"href":"https:\/\/mikeladzenailstore.com\/en\/wp-json\/wp\/v2\/pwb-brand?post=8902"},{"taxonomy":"product_brand","embeddable":true,"href":"https:\/\/mikeladzenailstore.com\/en\/wp-json\/wp\/v2\/product_brand?post=8902"},{"taxonomy":"product_cat","embeddable":true,"href":"https:\/\/mikeladzenailstore.com\/en\/wp-json\/wp\/v2\/product_cat?post=8902"},{"taxonomy":"product_tag","embeddable":true,"href":"https:\/\/mikeladzenailstore.com\/en\/wp-json\/wp\/v2\/product_tag?post=8902"},{"taxonomy":"berocket_brand","embeddable":true,"href":"https:\/\/mikeladzenailstore.com\/en\/wp-json\/wp\/v2\/berocket_brand?post=8902"}],"curies":[{"name":"wp","href":"https:\/\/api.w.org\/{rel}","templated":true}]}}