{"id":8905,"date":"2025-11-15T11:55:56","date_gmt":"2025-11-15T11:55:56","guid":{"rendered":"https:\/\/mikeladzenailstore.com\/p\/modeling-gel-almond-trendy-nails-15-ml\/"},"modified":"2026-04-15T17:19:18","modified_gmt":"2026-04-15T17:19:18","slug":"modeling-gel-almond-trendy-nails-15-ml","status":"publish","type":"product","link":"https:\/\/mikeladzenailstore.com\/en\/p\/modeling-gel-almond-trendy-nails-15-ml\/","title":{"rendered":"Modeling gel ALMOND Trendy nails 15 ml"},"content":{"rendered":"<p data-start=\"81\" data-end=\"276\"><strong data-start=\"81\" data-end=\"120\">Objevte novou \u00farove\u0148 modelace neht\u016f<\/strong> s na\u0161\u00edm <strong data-start=\"129\" data-end=\"156\">Modeling gelem \u201eAlmond\u201c<\/strong> \u2013 profesion\u00e1ln\u00ed formul\u00ed <strong data-start=\"181\" data-end=\"199\">bez HEMA a TPO<\/strong>, kter\u00e1 v sob\u011b spojuje <strong data-start=\"222\" data-end=\"275\">bezpe\u010dnost, vysok\u00fd v\u00fdkon a maxim\u00e1ln\u00ed v\u0161estrannost<\/strong>.<\/p>\n<p data-start=\"278\" data-end=\"420\">D\u00edky <strong data-start=\"283\" data-end=\"323\">st\u0159edn\u00ed, samovyrovn\u00e1vac\u00ed konzistenci<\/strong> je ide\u00e1ln\u00ed pro <strong data-start=\"339\" data-end=\"384\">modelaci, refill, zpevn\u011bn\u00ed i prodlu\u017eov\u00e1n\u00ed<\/strong> na \u0161ablon\u00e1ch nebo <strong data-start=\"403\" data-end=\"419\">dual form\u00e1ch<\/strong>.<\/p>\n<p data-start=\"422\" data-end=\"574\">Jeho <strong data-start=\"427\" data-end=\"471\">hedv\u00e1bn\u00e1 a dob\u0159e kontrolovateln\u00e1 textura<\/strong> se snadno tvaruje, vytv\u00e1\u0159\u00ed <strong data-start=\"499\" data-end=\"525\">hladk\u00fd a odoln\u00fd povrch<\/strong> a z\u00e1rove\u0148 si zachov\u00e1v\u00e1 <strong data-start=\"549\" data-end=\"573\">vyv\u00e1\u017eenou elasticitu<\/strong>.<\/p>\n<p data-start=\"576\" data-end=\"765\">Odst\u00edn <strong data-start=\"583\" data-end=\"593\">Almond<\/strong> \u2013 <strong data-start=\"596\" data-end=\"656\">neutr\u00e1ln\u00ed r\u016f\u017eovo-b\u00e9\u017eov\u00fd t\u00f3n s tepl\u00fdmi, kr\u00e9mov\u00fdmi podt\u00f3ny<\/strong> \u2013 dod\u00e1v\u00e1 neht\u016fm <strong data-start=\"673\" data-end=\"709\">elegantn\u00ed a p\u0159irozen\u00fd nude efekt<\/strong>, ide\u00e1ln\u00ed pro <strong data-start=\"723\" data-end=\"739\">jemn\u00fd french<\/strong> i <strong data-start=\"742\" data-end=\"764\">soft salonn\u00ed looky<\/strong>.<\/p>\n<p data-start=\"767\" data-end=\"915\">D\u00edky <strong data-start=\"772\" data-end=\"810\">vysok\u00e9 p\u0159ilnavosti a dlouh\u00e9 v\u00fddr\u017ei<\/strong> je tento gel <strong data-start=\"824\" data-end=\"860\">ide\u00e1ln\u00ed volbou pro profesion\u00e1lky<\/strong>, kter\u00e9 po\u017eaduj\u00ed <strong data-start=\"877\" data-end=\"914\">bezchybn\u00e9 v\u00fdsledky bez kompromis\u016f<\/strong>.<\/p>\n","protected":false},"excerpt":{"rendered":"<p>Objevte novou \u00farove\u0148 modelace neht\u016f s na\u0161\u00edm Modeling gelem \u201eAlmond\u201c \u2013 profesion\u00e1ln\u00ed formul\u00ed bez HEMA a TPO, kter\u00e1 v sob\u011b spojuje bezpe\u010dnost, vysok\u00fd v\u00fdkon a maxim\u00e1ln\u00ed v\u0161estrannost. D\u00edky st\u0159edn\u00ed, samovyrovn\u00e1vac\u00ed konzistenci je ide\u00e1ln\u00ed pro modelaci, refill, zpevn\u011bn\u00ed i prodlu\u017eov\u00e1n\u00ed na \u0161ablon\u00e1ch nebo dual form\u00e1ch. Jeho hedv\u00e1bn\u00e1 a dob\u0159e kontrolovateln\u00e1 textura se snadno tvaruje, vytv\u00e1\u0159\u00ed hladk\u00fd [&hellip;]<\/p>\n","protected":false},"featured_media":2863,"comment_status":"open","ping_status":"closed","template":"","meta":[],"pwb-brand":[],"product_brand":[],"product_cat":[655],"product_tag":[],"berocket_brand":[419],"class_list":{"0":"post-8905","1":"product","2":"type-product","3":"status-publish","4":"has-post-thumbnail","6":"product_cat-modeling-gel-trendy-nails","7":"berocket_brand-trendy-nails","9":"first","10":"instock","11":"taxable","12":"shipping-taxable","13":"purchasable","14":"product-type-simple"},"acf":[],"brands":[],"_links":{"self":[{"href":"https:\/\/mikeladzenailstore.com\/en\/wp-json\/wp\/v2\/product\/8905","targetHints":{"allow":["GET"]}}],"collection":[{"href":"https:\/\/mikeladzenailstore.com\/en\/wp-json\/wp\/v2\/product"}],"about":[{"href":"https:\/\/mikeladzenailstore.com\/en\/wp-json\/wp\/v2\/types\/product"}],"replies":[{"embeddable":true,"href":"https:\/\/mikeladzenailstore.com\/en\/wp-json\/wp\/v2\/comments?post=8905"}],"version-history":[{"count":1,"href":"https:\/\/mikeladzenailstore.com\/en\/wp-json\/wp\/v2\/product\/8905\/revisions"}],"predecessor-version":[{"id":20880,"href":"https:\/\/mikeladzenailstore.com\/en\/wp-json\/wp\/v2\/product\/8905\/revisions\/20880"}],"wp:featuredmedia":[{"embeddable":true,"href":"https:\/\/mikeladzenailstore.com\/en\/wp-json\/wp\/v2\/media\/2863"}],"wp:attachment":[{"href":"https:\/\/mikeladzenailstore.com\/en\/wp-json\/wp\/v2\/media?parent=8905"}],"wp:term":[{"taxonomy":"pwb-brand","embeddable":true,"href":"https:\/\/mikeladzenailstore.com\/en\/wp-json\/wp\/v2\/pwb-brand?post=8905"},{"taxonomy":"product_brand","embeddable":true,"href":"https:\/\/mikeladzenailstore.com\/en\/wp-json\/wp\/v2\/product_brand?post=8905"},{"taxonomy":"product_cat","embeddable":true,"href":"https:\/\/mikeladzenailstore.com\/en\/wp-json\/wp\/v2\/product_cat?post=8905"},{"taxonomy":"product_tag","embeddable":true,"href":"https:\/\/mikeladzenailstore.com\/en\/wp-json\/wp\/v2\/product_tag?post=8905"},{"taxonomy":"berocket_brand","embeddable":true,"href":"https:\/\/mikeladzenailstore.com\/en\/wp-json\/wp\/v2\/berocket_brand?post=8905"}],"curies":[{"name":"wp","href":"https:\/\/api.w.org\/{rel}","templated":true}]}}