{"id":8917,"date":"2025-11-15T11:55:56","date_gmt":"2025-11-15T11:55:56","guid":{"rendered":"https:\/\/mikeladzenailstore.com\/p\/modeling-gel-sesame-trendy-nails-15-ml\/"},"modified":"2026-03-04T14:04:27","modified_gmt":"2026-03-04T14:04:27","slug":"modeling-gel-sesame-trendy-nails-15-ml","status":"publish","type":"product","link":"https:\/\/mikeladzenailstore.com\/en\/p\/modeling-gel-sesame-trendy-nails-15-ml\/","title":{"rendered":"Modeling gel SESAME Trendy nails 15 ml"},"content":{"rendered":"<p data-start=\"58\" data-end=\"245\"><strong data-start=\"58\" data-end=\"97\">Objevte novou \u00farove\u0148 modelace neht\u016f<\/strong> s na\u0161\u00edm <strong data-start=\"106\" data-end=\"133\">Modeling gelem \u201eSesame\u201c<\/strong> \u2013 profesion\u00e1ln\u00ed formul\u00ed <strong data-start=\"158\" data-end=\"176\">bez HEMA a TPO<\/strong>, kter\u00e1 v sob\u011b spojuje <strong data-start=\"199\" data-end=\"242\">bezpe\u010dnost, vysok\u00fd v\u00fdkon a v\u0161estrannost<\/strong>.<\/p>\n<p data-start=\"247\" data-end=\"391\">D\u00edky <strong data-start=\"252\" data-end=\"292\">st\u0159edn\u00ed, samovyrovn\u00e1vac\u00ed konzistenci<\/strong> je ide\u00e1ln\u00ed pro <strong data-start=\"308\" data-end=\"353\">zpevn\u011bn\u00ed, refill, modelaci i prodlu\u017eov\u00e1n\u00ed<\/strong> na \u0161ablon\u00e1ch nebo <strong data-start=\"372\" data-end=\"388\">dual form\u00e1ch<\/strong>.<\/p>\n<p data-start=\"393\" data-end=\"527\">Jeho <strong data-start=\"398\" data-end=\"418\">hedv\u00e1bn\u00e1 textura<\/strong> se snadno tvaruje, vytv\u00e1\u0159\u00ed <strong data-start=\"446\" data-end=\"476\">rovnom\u011brn\u00fd a odoln\u00fd povrch<\/strong> a z\u00e1rove\u0148 si zachov\u00e1v\u00e1 <strong data-start=\"500\" data-end=\"524\">vyv\u00e1\u017eenou elasticitu<\/strong>.<\/p>\n<p data-start=\"529\" data-end=\"709\">Odst\u00edn <strong data-start=\"536\" data-end=\"546\">Sesame<\/strong> \u2013 <strong data-start=\"549\" data-end=\"603\">sv\u011btle r\u016f\u017eovo-b\u00e9\u017eov\u00fd s jemn\u00fdmi neutr\u00e1ln\u00edmi podt\u00f3ny<\/strong> \u2013 dod\u00e1v\u00e1 neht\u016fm <strong data-start=\"620\" data-end=\"651\">elegantn\u00ed, jemn\u00fd nude efekt<\/strong>, ide\u00e1ln\u00ed pro <strong data-start=\"665\" data-end=\"706\">p\u0159irozen\u00e9 b\u00e1ze i sofistikovan\u00fd french<\/strong>.<\/p>\n<p data-start=\"711\" data-end=\"888\">D\u00edky <strong data-start=\"716\" data-end=\"778\">vysok\u00e9 p\u0159ilnavosti, dlouh\u00e9 v\u00fddr\u017ei a struktur\u00e1ln\u00ed stabilit\u011b<\/strong> je tento gel <strong data-start=\"792\" data-end=\"835\">dokonal\u00fdm spojencem ka\u017ed\u00e9 profesion\u00e1lky<\/strong>, kter\u00e1 chce <strong data-start=\"848\" data-end=\"885\">bezchybn\u00e9 v\u00fdsledky bez kompromis\u016f<\/strong>.<\/p>\n","protected":false},"excerpt":{"rendered":"<p>Objevte novou \u00farove\u0148 modelace neht\u016f s na\u0161\u00edm Modeling gelem \u201eSesame\u201c \u2013 profesion\u00e1ln\u00ed formul\u00ed bez HEMA a TPO, kter\u00e1 v sob\u011b spojuje bezpe\u010dnost, vysok\u00fd v\u00fdkon a v\u0161estrannost. D\u00edky st\u0159edn\u00ed, samovyrovn\u00e1vac\u00ed konzistenci je ide\u00e1ln\u00ed pro zpevn\u011bn\u00ed, refill, modelaci i prodlu\u017eov\u00e1n\u00ed na \u0161ablon\u00e1ch nebo dual form\u00e1ch. Jeho hedv\u00e1bn\u00e1 textura se snadno tvaruje, vytv\u00e1\u0159\u00ed rovnom\u011brn\u00fd a odoln\u00fd povrch a [&hellip;]<\/p>\n","protected":false},"featured_media":2871,"comment_status":"open","ping_status":"closed","template":"","meta":[],"pwb-brand":[],"product_brand":[],"product_cat":[655],"product_tag":[],"berocket_brand":[419],"class_list":{"0":"post-8917","1":"product","2":"type-product","3":"status-publish","4":"has-post-thumbnail","6":"product_cat-modeling-gel-trendy-nails","7":"berocket_brand-trendy-nails","9":"first","10":"instock","11":"taxable","12":"shipping-taxable","13":"purchasable","14":"product-type-simple"},"acf":[],"brands":[],"_links":{"self":[{"href":"https:\/\/mikeladzenailstore.com\/en\/wp-json\/wp\/v2\/product\/8917","targetHints":{"allow":["GET"]}}],"collection":[{"href":"https:\/\/mikeladzenailstore.com\/en\/wp-json\/wp\/v2\/product"}],"about":[{"href":"https:\/\/mikeladzenailstore.com\/en\/wp-json\/wp\/v2\/types\/product"}],"replies":[{"embeddable":true,"href":"https:\/\/mikeladzenailstore.com\/en\/wp-json\/wp\/v2\/comments?post=8917"}],"version-history":[{"count":0,"href":"https:\/\/mikeladzenailstore.com\/en\/wp-json\/wp\/v2\/product\/8917\/revisions"}],"wp:featuredmedia":[{"embeddable":true,"href":"https:\/\/mikeladzenailstore.com\/en\/wp-json\/wp\/v2\/media\/2871"}],"wp:attachment":[{"href":"https:\/\/mikeladzenailstore.com\/en\/wp-json\/wp\/v2\/media?parent=8917"}],"wp:term":[{"taxonomy":"pwb-brand","embeddable":true,"href":"https:\/\/mikeladzenailstore.com\/en\/wp-json\/wp\/v2\/pwb-brand?post=8917"},{"taxonomy":"product_brand","embeddable":true,"href":"https:\/\/mikeladzenailstore.com\/en\/wp-json\/wp\/v2\/product_brand?post=8917"},{"taxonomy":"product_cat","embeddable":true,"href":"https:\/\/mikeladzenailstore.com\/en\/wp-json\/wp\/v2\/product_cat?post=8917"},{"taxonomy":"product_tag","embeddable":true,"href":"https:\/\/mikeladzenailstore.com\/en\/wp-json\/wp\/v2\/product_tag?post=8917"},{"taxonomy":"berocket_brand","embeddable":true,"href":"https:\/\/mikeladzenailstore.com\/en\/wp-json\/wp\/v2\/berocket_brand?post=8917"}],"curies":[{"name":"wp","href":"https:\/\/api.w.org\/{rel}","templated":true}]}}