{"id":8986,"date":"2025-11-15T12:06:32","date_gmt":"2025-11-15T12:06:32","guid":{"rendered":"https:\/\/mikeladzenailstore.com\/p\/pilnik-pulmesic-180-grit\/"},"modified":"2025-11-15T12:06:32","modified_gmt":"2025-11-15T12:06:32","slug":"pilnik-pulmesic-180-grit","status":"publish","type":"product","link":"https:\/\/mikeladzenailstore.com\/en\/p\/pilnik-pulmesic-180-grit\/","title":{"rendered":"Pilnik p\u016flm\u011bs\u00edc 180 grit"},"content":{"rendered":"<p>P\u0159edstavujeme V\u00e1m novinku : nepostradateln\u00e9 p\u0159\u00edslu\u0161enstv\u00ed- plastov\u00e9 z\u00e1kladny a v\u00fdm\u011bnn\u00e9 piln\u00edky pr\u00e9miov\u00e9 abrazivity od zna\u010dky Pink.<\/p>\n<p>Jedn\u00e1 se o r\u016f\u017eovou plastovou z\u00e1kladnu, na kter\u00e9 jsou nalepeny vym\u011bniteln\u00e9 piln\u00edky.<\/p>\n<p>V\u00fdhoda plastov\u00e9 z\u00e1kladny oproti kovov\u00e9 : je leh\u010d\u00ed a m\u011bk\u010d\u00ed p\u0159i pr\u00e1ci, co\u017e umo\u017e\u0148uje piln\u00edku  &#8220;snadno chodit&#8221; po povrchu nehtu bez n\u00e1mahy a bez naru\u0161en\u00ed architektury nehtu. Lze jej snadno a rychle dezinfikovat dezinfek\u010dn\u00edmi roztoky. Brusivo pr\u00e9miov\u00e9 kvality vydr\u017e\u00ed extr\u00e9mn\u011b dlouho. Cena umo\u017e\u0148uje vybrat individu\u00e1ln\u00ed piln\u00edk pro ka\u017ed\u00e9ho klienta zvl\u00e1\u0161\u0165. A m\u016f\u017eete m\u011bnit nalepovac\u00ed piln\u00edky podle pot\u0159eby. <\/p>\n<p>Nap\u0159\u00edklad: na jedn\u00e9 stran\u011b \u0161ed\u00fd tvrd\u0161\u00ed piln\u00edk pro pilov\u00e1n\u00ed hrany a stran nehtu, na druh\u00e9 stran\u011b &#8211; b\u00edl\u00e9 m\u011bkk\u00e9 brusivo pro povrch nehtu.<\/p>\n<p>\u0160ed\u00e9 v\u00fdm\u011bnn\u00e9 piln\u00edky jsou pr\u00e9miov\u00e9 kvality, kter\u00e9 maj\u00ed extr\u00e9mn\u00ed odolnost.&nbsp; Tvrdost: 150, 180, 240 grit.<\/p>\n<p>B\u00edl\u00e9 v\u00fdm\u011bnn\u00e9 piln\u00edky jsou jemn\u011bj\u0161\u00ed ve struktu\u0159e ne\u017e \u0161ed\u00e9, jsou perfektn\u00ed pro pe\u010dliv\u00e9 pilov\u00e1n\u00ed pro p\u0159\u00edrodn\u00ed nehty a pedik\u00faru.&nbsp; Tvrdost: 150, 180, 240 grit.<\/p>\n","protected":false},"excerpt":{"rendered":"<p>P\u0159edstavujeme V\u00e1m novinku : nepostradateln\u00e9 p\u0159\u00edslu\u0161enstv\u00ed- plastov\u00e9 z\u00e1kladny a v\u00fdm\u011bnn\u00e9 piln\u00edky pr\u00e9miov\u00e9 abrazivity od zna\u010dky Pink. Jedn\u00e1 se o r\u016f\u017eovou plastovou z\u00e1kladnu, na kter\u00e9 jsou nalepeny vym\u011bniteln\u00e9 piln\u00edky. V\u00fdhoda plastov\u00e9 z\u00e1kladny oproti kovov\u00e9 : je leh\u010d\u00ed a m\u011bk\u010d\u00ed p\u0159i pr\u00e1ci, co\u017e umo\u017e\u0148uje piln\u00edku &#8220;snadno chodit&#8221; po povrchu nehtu bez n\u00e1mahy a bez naru\u0161en\u00ed architektury nehtu. [&hellip;]<\/p>\n","protected":false},"featured_media":4906,"comment_status":"open","ping_status":"open","template":"","meta":[],"pwb-brand":[],"product_brand":[],"product_cat":[504],"product_tag":[],"berocket_brand":[559],"class_list":{"0":"post-8986","1":"product","2":"type-product","3":"status-publish","4":"has-post-thumbnail","6":"product_cat-abrasives","7":"berocket_brand-pink","9":"first","10":"instock","11":"taxable","12":"shipping-taxable","13":"purchasable","14":"product-type-simple"},"acf":[],"brands":[],"_links":{"self":[{"href":"https:\/\/mikeladzenailstore.com\/en\/wp-json\/wp\/v2\/product\/8986","targetHints":{"allow":["GET"]}}],"collection":[{"href":"https:\/\/mikeladzenailstore.com\/en\/wp-json\/wp\/v2\/product"}],"about":[{"href":"https:\/\/mikeladzenailstore.com\/en\/wp-json\/wp\/v2\/types\/product"}],"replies":[{"embeddable":true,"href":"https:\/\/mikeladzenailstore.com\/en\/wp-json\/wp\/v2\/comments?post=8986"}],"version-history":[{"count":0,"href":"https:\/\/mikeladzenailstore.com\/en\/wp-json\/wp\/v2\/product\/8986\/revisions"}],"wp:featuredmedia":[{"embeddable":true,"href":"https:\/\/mikeladzenailstore.com\/en\/wp-json\/wp\/v2\/media\/4906"}],"wp:attachment":[{"href":"https:\/\/mikeladzenailstore.com\/en\/wp-json\/wp\/v2\/media?parent=8986"}],"wp:term":[{"taxonomy":"pwb-brand","embeddable":true,"href":"https:\/\/mikeladzenailstore.com\/en\/wp-json\/wp\/v2\/pwb-brand?post=8986"},{"taxonomy":"product_brand","embeddable":true,"href":"https:\/\/mikeladzenailstore.com\/en\/wp-json\/wp\/v2\/product_brand?post=8986"},{"taxonomy":"product_cat","embeddable":true,"href":"https:\/\/mikeladzenailstore.com\/en\/wp-json\/wp\/v2\/product_cat?post=8986"},{"taxonomy":"product_tag","embeddable":true,"href":"https:\/\/mikeladzenailstore.com\/en\/wp-json\/wp\/v2\/product_tag?post=8986"},{"taxonomy":"berocket_brand","embeddable":true,"href":"https:\/\/mikeladzenailstore.com\/en\/wp-json\/wp\/v2\/berocket_brand?post=8986"}],"curies":[{"name":"wp","href":"https:\/\/api.w.org\/{rel}","templated":true}]}}