{"id":9007,"date":"2025-11-15T12:06:21","date_gmt":"2025-11-15T12:06:21","guid":{"rendered":"https:\/\/mikeladzenailstore.com\/p\/staleks-expert-11-3-nuzky-na-kuzicku-pro-levaky\/"},"modified":"2026-01-11T11:30:30","modified_gmt":"2026-01-11T11:30:30","slug":"staleks-expert-11-3-nuzky-na-kuzicku-pro-levaky","status":"publish","type":"product","link":"https:\/\/mikeladzenailstore.com\/en\/p\/staleks-expert-11-3-nuzky-na-kuzicku-pro-levaky\/","title":{"rendered":"Staleks Expert 11\/3 NU\u0179KY NA K\u016e\u017dI\u010cKU PRO LEV\u00c1KY"},"content":{"rendered":"<p>No\u017enice Staleks Pro Expert 11\/3 s\u00fa navrhnut\u00e9 \u0161peci\u00e1lne pre \u013eav\u00e1kov, aby sa zabezpe\u010dilo pohodln\u00e9 uchopenie, presnos\u0165 a ergon\u00f3mia. Zabezpe\u010duj\u00fa pohodln\u00e9 uchopenie, presnos\u0165 a ergon\u00f3miu. \u00dazke \u010depele na hladk\u00e9 strihanie ko\u017ei\u010dky, vyle\u0161ten\u00e1 zadn\u00e1 strana \u010depele aby bolo zn\u00ed\u017een\u00e9 riziko poranenia ko\u017ei\u010dky, klasick\u00e1 krivka \u010depele. D\u013a\u017eka \u010depele je 24 mm<\/p>\n","protected":false},"excerpt":{"rendered":"<p>No\u017enice Staleks Pro Expert 11\/3 s\u00fa navrhnut\u00e9 \u0161peci\u00e1lne pre \u013eav\u00e1kov, aby sa zabezpe\u010dilo pohodln\u00e9 uchopenie, presnos\u0165 a ergon\u00f3mia. Zabezpe\u010duj\u00fa pohodln\u00e9 uchopenie, presnos\u0165 a ergon\u00f3miu. \u00dazke \u010depele na hladk\u00e9 strihanie ko\u017ei\u010dky, vyle\u0161ten\u00e1 zadn\u00e1 strana \u010depele aby bolo zn\u00ed\u017een\u00e9 riziko poranenia ko\u017ei\u010dky, klasick\u00e1 krivka \u010depele. D\u013a\u017eka \u010depele je 24 mm<\/p>\n","protected":false},"featured_media":4886,"comment_status":"open","ping_status":"closed","template":"","meta":[],"pwb-brand":[],"product_brand":[],"product_cat":[683],"product_tag":[],"berocket_brand":[418],"class_list":{"0":"post-9007","1":"product","2":"type-product","3":"status-publish","4":"has-post-thumbnail","6":"product_cat-manikurni-nuzky","7":"berocket_brand-staleks","9":"first","10":"instock","11":"taxable","12":"shipping-taxable","13":"purchasable","14":"product-type-simple"},"acf":[],"brands":[],"_links":{"self":[{"href":"https:\/\/mikeladzenailstore.com\/en\/wp-json\/wp\/v2\/product\/9007","targetHints":{"allow":["GET"]}}],"collection":[{"href":"https:\/\/mikeladzenailstore.com\/en\/wp-json\/wp\/v2\/product"}],"about":[{"href":"https:\/\/mikeladzenailstore.com\/en\/wp-json\/wp\/v2\/types\/product"}],"replies":[{"embeddable":true,"href":"https:\/\/mikeladzenailstore.com\/en\/wp-json\/wp\/v2\/comments?post=9007"}],"version-history":[{"count":0,"href":"https:\/\/mikeladzenailstore.com\/en\/wp-json\/wp\/v2\/product\/9007\/revisions"}],"wp:featuredmedia":[{"embeddable":true,"href":"https:\/\/mikeladzenailstore.com\/en\/wp-json\/wp\/v2\/media\/4886"}],"wp:attachment":[{"href":"https:\/\/mikeladzenailstore.com\/en\/wp-json\/wp\/v2\/media?parent=9007"}],"wp:term":[{"taxonomy":"pwb-brand","embeddable":true,"href":"https:\/\/mikeladzenailstore.com\/en\/wp-json\/wp\/v2\/pwb-brand?post=9007"},{"taxonomy":"product_brand","embeddable":true,"href":"https:\/\/mikeladzenailstore.com\/en\/wp-json\/wp\/v2\/product_brand?post=9007"},{"taxonomy":"product_cat","embeddable":true,"href":"https:\/\/mikeladzenailstore.com\/en\/wp-json\/wp\/v2\/product_cat?post=9007"},{"taxonomy":"product_tag","embeddable":true,"href":"https:\/\/mikeladzenailstore.com\/en\/wp-json\/wp\/v2\/product_tag?post=9007"},{"taxonomy":"berocket_brand","embeddable":true,"href":"https:\/\/mikeladzenailstore.com\/en\/wp-json\/wp\/v2\/berocket_brand?post=9007"}],"curies":[{"name":"wp","href":"https:\/\/api.w.org\/{rel}","templated":true}]}}