{"id":9013,"date":"2025-11-15T12:06:21","date_gmt":"2025-11-15T12:06:21","guid":{"rendered":"https:\/\/mikeladzenailstore.com\/p\/staleks-karbidovy-brusny-nadstavec-frustum-blue-ft70b060-14\/"},"modified":"2026-01-11T12:45:52","modified_gmt":"2026-01-11T12:45:52","slug":"staleks-karbidovy-brusny-nadstavec-frustum-blue-ft70b060-14","status":"publish","type":"product","link":"https:\/\/mikeladzenailstore.com\/en\/p\/staleks-karbidovy-brusny-nadstavec-frustum-blue-ft70b060-14\/","title":{"rendered":"Staleks Karbidov\u00fd br\u00fasny nadstavec &#8211; \u201cfrustum\u201d blue &#8211; FT70B060\/14"},"content":{"rendered":"<p>Karbidov\u00e1 fr\u00e9zka pro p\u0159\u00edstrojovou manik\u00faru\/pedik\u00faru.<\/p>\n<p>Modr\u00fd z\u00e1\u0159ez st\u0159edn\u00ed tvrdosti.<\/p>\n<p>Tvar \u201eku\u017eele\u201c je pro korekci um\u011bl\u00e9ho nehtu, odstran\u011bn\u00ed um\u011bl\u00e9ho materi\u00e1lu, zpracov\u00e1n\u00ed k\u016f\u017ee chodidel a pol\u0161t\u00e1\u0159k\u016f na nohou v manik\u00fa\u0159e.<\/p>\n<p>Korekce tenk\u00e9ho um\u011bl\u00e9ho materi\u00e1lu.<\/p>\n<p>Odstran\u011bn\u00ed p\u0159ebytk\u016f materi\u00e1lu.<\/p>\n<p>Zpracov\u00e1n\u00ed odchl\u00edpen\u00ed v postrann\u00edch nehtov\u00fdch z\u00e1hybech. v pedik\u00fa\u0159e\/podologii.<\/p>\n<p>Zpracov\u00e1n\u00ed rohoviny a mozol\u016f.<\/p>\n<p>Vysoce kvalitn\u00ed kov \u2013 lze podrobit v\u0161em typ\u016fm sterilizace a dezinfekce \u2013 odoln\u00fd v\u016f\u010di korozi.<\/p>\n","protected":false},"excerpt":{"rendered":"<p>Karbidov\u00e1 fr\u00e9zka pro p\u0159\u00edstrojovou manik\u00faru\/pedik\u00faru. Modr\u00fd z\u00e1\u0159ez st\u0159edn\u00ed tvrdosti. Tvar \u201eku\u017eele\u201c je pro korekci um\u011bl\u00e9ho nehtu, odstran\u011bn\u00ed um\u011bl\u00e9ho materi\u00e1lu, zpracov\u00e1n\u00ed k\u016f\u017ee chodidel a pol\u0161t\u00e1\u0159k\u016f na nohou v manik\u00fa\u0159e. Korekce tenk\u00e9ho um\u011bl\u00e9ho materi\u00e1lu. Odstran\u011bn\u00ed p\u0159ebytk\u016f materi\u00e1lu. Zpracov\u00e1n\u00ed odchl\u00edpen\u00ed v postrann\u00edch nehtov\u00fdch z\u00e1hybech. v pedik\u00fa\u0159e\/podologii. Zpracov\u00e1n\u00ed rohoviny a mozol\u016f. Vysoce kvalitn\u00ed kov \u2013 lze podrobit v\u0161em typ\u016fm [&hellip;]<\/p>\n","protected":false},"featured_media":4891,"comment_status":"open","ping_status":"closed","template":"","meta":[],"pwb-brand":[],"product_brand":[],"product_cat":[692],"product_tag":[],"berocket_brand":[418],"class_list":{"0":"post-9013","1":"product","2":"type-product","3":"status-publish","4":"has-post-thumbnail","6":"product_cat-karbidove-frezy","7":"berocket_brand-staleks","9":"first","10":"outofstock","11":"taxable","12":"shipping-taxable","13":"purchasable","14":"product-type-simple"},"acf":[],"brands":[],"_links":{"self":[{"href":"https:\/\/mikeladzenailstore.com\/en\/wp-json\/wp\/v2\/product\/9013","targetHints":{"allow":["GET"]}}],"collection":[{"href":"https:\/\/mikeladzenailstore.com\/en\/wp-json\/wp\/v2\/product"}],"about":[{"href":"https:\/\/mikeladzenailstore.com\/en\/wp-json\/wp\/v2\/types\/product"}],"replies":[{"embeddable":true,"href":"https:\/\/mikeladzenailstore.com\/en\/wp-json\/wp\/v2\/comments?post=9013"}],"version-history":[{"count":0,"href":"https:\/\/mikeladzenailstore.com\/en\/wp-json\/wp\/v2\/product\/9013\/revisions"}],"wp:featuredmedia":[{"embeddable":true,"href":"https:\/\/mikeladzenailstore.com\/en\/wp-json\/wp\/v2\/media\/4891"}],"wp:attachment":[{"href":"https:\/\/mikeladzenailstore.com\/en\/wp-json\/wp\/v2\/media?parent=9013"}],"wp:term":[{"taxonomy":"pwb-brand","embeddable":true,"href":"https:\/\/mikeladzenailstore.com\/en\/wp-json\/wp\/v2\/pwb-brand?post=9013"},{"taxonomy":"product_brand","embeddable":true,"href":"https:\/\/mikeladzenailstore.com\/en\/wp-json\/wp\/v2\/product_brand?post=9013"},{"taxonomy":"product_cat","embeddable":true,"href":"https:\/\/mikeladzenailstore.com\/en\/wp-json\/wp\/v2\/product_cat?post=9013"},{"taxonomy":"product_tag","embeddable":true,"href":"https:\/\/mikeladzenailstore.com\/en\/wp-json\/wp\/v2\/product_tag?post=9013"},{"taxonomy":"berocket_brand","embeddable":true,"href":"https:\/\/mikeladzenailstore.com\/en\/wp-json\/wp\/v2\/berocket_brand?post=9013"}],"curies":[{"name":"wp","href":"https:\/\/api.w.org\/{rel}","templated":true}]}}