{"id":9016,"date":"2025-11-15T12:06:21","date_gmt":"2025-11-15T12:06:21","guid":{"rendered":"https:\/\/mikeladzenailstore.com\/p\/staleks-karbidovy-brusny-nadstavec-cone-red-ft71r023-8\/"},"modified":"2026-01-11T12:47:14","modified_gmt":"2026-01-11T12:47:14","slug":"staleks-karbidovy-brusny-nadstavec-cone-red-ft71r023-8","status":"publish","type":"product","link":"https:\/\/mikeladzenailstore.com\/en\/p\/staleks-karbidovy-brusny-nadstavec-cone-red-ft71r023-8\/","title":{"rendered":"Staleks Karbidov\u00fd br\u00fasny nadstavec &#8211; \u201ccone\u201d red &#8211; FT71R023\/8"},"content":{"rendered":"<p>Staleks Karbidov\u00fd brusn\u00fd n\u00e1stavec-&#8220;cone&#8221; red 2,3mm\/8mm -FT71R023\/8 je jemnozrnn\u00fd karbidov\u00fd n\u00e1stavec ve tvaru ku\u017eele se se\u0159\u00edznutou zaoblenou \u0161pi\u010dkou o pr\u016fm\u011bru 2,3mm a d\u00e9lce pracovn\u00ed \u010d\u00e1sti 8mm. Ide\u00e1ln\u00ed pro odstra\u0148ov\u00e1n\u00ed gel-lakov\u00e9ho a gelov\u00e9ho materi\u00e1lu, p\u0159\u00edpravu tvaru nehtu a kone\u010dnou \u00fapravu. Vyrobeno z vysoce kvalitn\u00edch materi\u00e1l\u016f.<\/p>\n<p>jemnozrnn\u00fd karbidov\u00fd n\u00e1stavec ve tvaru ku\u017eele se se\u0159\u00edznutou zaoblenou \u0161pi\u010dkou o pr\u016fm\u011bru 2,3mm a d\u00e9lce 8mm<\/p>\n<p>vysok\u00e1 pevnost a odolnost v\u016f\u010di vn\u011bj\u0161\u00edm vliv\u016fm<\/p>\n<p>nezp\u016fsobuje pocit p\u00e1len\u00ed<\/p>\n<p>st\u0159ed ot\u00e1\u010den\u00ed se p\u0159i vysok\u00fdch rychlostech neposouv\u00e1<\/p>\n<p>odol\u00e1v\u00e1 v\u0161em typ\u016fm sterilizace a dezinfekce<\/p>\n<p>pou\u017e\u00edv\u00e1 se k odstran\u011bn\u00ed gel-laku a gelu<\/p>\n<p>p\u0159i pr\u00e1ci s problematick\u00fdmi p\u0159\u00edrodn\u00edmi nehty<\/p>\n<p>ke zpracov\u00e1n\u00ed trhlin na chodidlech<\/p>\n<p>k \u010di\u0161t\u011bn\u00ed oblasti pod nehtovou plot\u00e9nkou od ne\u010distot a hrub\u00fdch \u010d\u00e1stic<\/p>\n<p>pro kone\u010dnou \u00fapravu model\u00e1\u017ee<\/p>\n<p>Technick\u00e9 parametry:<\/p>\n<p>&#8211; \u00fa\u010del: pro manik\u00faru a pedik\u00faru<\/p>\n<p>&#8211; typ pracovn\u00ed \u010d\u00e1sti: tvar ku\u017eele se se\u0159\u00edznutou zaoblenou \u0161pi\u010dkou<\/p>\n<p>&#8211; pr\u016fm\u011br: 2,3mm<\/p>\n<p>&#8211; d\u00e9lka pracovn\u00ed \u010d\u00e1sti: 8mm<\/p>\n<p>&#8211; barva pruhu: \u010derven\u00e1<\/p>\n<p>&#8211; zrnitost: jemnozrnn\u00e1<\/p>\n<p>&#8211; sterilizace: ano<\/p>\n<p>&#8211; dezinfekce: ano<\/p>\n<p>&#8211; rada: Expert<\/p>\n","protected":false},"excerpt":{"rendered":"<p>Staleks Karbidov\u00fd brusn\u00fd n\u00e1stavec-&#8220;cone&#8221; red 2,3mm\/8mm -FT71R023\/8 je jemnozrnn\u00fd karbidov\u00fd n\u00e1stavec ve tvaru ku\u017eele se se\u0159\u00edznutou zaoblenou \u0161pi\u010dkou o pr\u016fm\u011bru 2,3mm a d\u00e9lce pracovn\u00ed \u010d\u00e1sti 8mm. Ide\u00e1ln\u00ed pro odstra\u0148ov\u00e1n\u00ed gel-lakov\u00e9ho a gelov\u00e9ho materi\u00e1lu, p\u0159\u00edpravu tvaru nehtu a kone\u010dnou \u00fapravu. Vyrobeno z vysoce kvalitn\u00edch materi\u00e1l\u016f. jemnozrnn\u00fd karbidov\u00fd n\u00e1stavec ve tvaru ku\u017eele se se\u0159\u00edznutou zaoblenou \u0161pi\u010dkou o [&hellip;]<\/p>\n","protected":false},"featured_media":0,"comment_status":"open","ping_status":"closed","template":"","meta":[],"pwb-brand":[],"product_brand":[],"product_cat":[703],"product_tag":[],"berocket_brand":[],"class_list":{"0":"post-9016","1":"product","2":"type-product","3":"status-publish","5":"product_cat-slevy","7":"first","8":"outofstock","9":"taxable","10":"shipping-taxable","11":"purchasable","12":"product-type-simple"},"acf":[],"brands":[],"_links":{"self":[{"href":"https:\/\/mikeladzenailstore.com\/en\/wp-json\/wp\/v2\/product\/9016","targetHints":{"allow":["GET"]}}],"collection":[{"href":"https:\/\/mikeladzenailstore.com\/en\/wp-json\/wp\/v2\/product"}],"about":[{"href":"https:\/\/mikeladzenailstore.com\/en\/wp-json\/wp\/v2\/types\/product"}],"replies":[{"embeddable":true,"href":"https:\/\/mikeladzenailstore.com\/en\/wp-json\/wp\/v2\/comments?post=9016"}],"version-history":[{"count":0,"href":"https:\/\/mikeladzenailstore.com\/en\/wp-json\/wp\/v2\/product\/9016\/revisions"}],"wp:attachment":[{"href":"https:\/\/mikeladzenailstore.com\/en\/wp-json\/wp\/v2\/media?parent=9016"}],"wp:term":[{"taxonomy":"pwb-brand","embeddable":true,"href":"https:\/\/mikeladzenailstore.com\/en\/wp-json\/wp\/v2\/pwb-brand?post=9016"},{"taxonomy":"product_brand","embeddable":true,"href":"https:\/\/mikeladzenailstore.com\/en\/wp-json\/wp\/v2\/product_brand?post=9016"},{"taxonomy":"product_cat","embeddable":true,"href":"https:\/\/mikeladzenailstore.com\/en\/wp-json\/wp\/v2\/product_cat?post=9016"},{"taxonomy":"product_tag","embeddable":true,"href":"https:\/\/mikeladzenailstore.com\/en\/wp-json\/wp\/v2\/product_tag?post=9016"},{"taxonomy":"berocket_brand","embeddable":true,"href":"https:\/\/mikeladzenailstore.com\/en\/wp-json\/wp\/v2\/berocket_brand?post=9016"}],"curies":[{"name":"wp","href":"https:\/\/api.w.org\/{rel}","templated":true}]}}