{"id":9019,"date":"2025-11-15T12:06:21","date_gmt":"2025-11-15T12:06:21","guid":{"rendered":"https:\/\/mikeladzenailstore.com\/p\/staleks-karbidovy-brusny-nadstavec-corn-blue-ft90b050-13\/"},"modified":"2026-01-11T12:39:54","modified_gmt":"2026-01-11T12:39:54","slug":"staleks-karbidovy-brusny-nadstavec-corn-blue-ft90b050-13","status":"publish","type":"product","link":"https:\/\/mikeladzenailstore.com\/en\/p\/staleks-karbidovy-brusny-nadstavec-corn-blue-ft90b050-13\/","title":{"rendered":"Staleks Karbidov\u00fd br\u00fasny nadstavec &#8211; \u201ccorn\u201d blue &#8211; FT90B050\/13"},"content":{"rendered":"<p>Stalex Karbidov\u00fd brusn\u00fd n\u00e1stavec &#8211; &#8220;kuku\u0159i\u010dn\u00fd&#8221; modr\u00fd &#8211; FT90B050\/13<\/p>\n<p>Stalex Karbidov\u00fd brusn\u00fd n\u00e1stavec &#8211; &#8220;kuku\u0159ice&#8221; modr\u00fd 5mm\/13mm -FT90B050\/13 je st\u0159edn\u011b zrnit\u00fd karbidov\u00fd n\u00e1stavec ve tvaru ku\u017eele o pr\u016fm\u011bru 5mm a pracovn\u00ed d\u00e9lce 13mm. Ide\u00e1ln\u00ed pro odstra\u0148ov\u00e1n\u00ed gelov\u00fdch n\u00e1t\u011br\u016f, gel\u016f a akryl\u00e1tov\u00fdch gelov\u00fdch materi\u00e1l\u016f. Vyrobeno z vysoce kvalitn\u00edch materi\u00e1l\u016f<\/p>\n<p>Karbidov\u00fd n\u00e1stavec ve tvaru ku\u017eele se st\u0159edn\u00ed zrnitost\u00ed o pr\u016fm\u011bru 5 mm a d\u00e9lce 13 mm&amp;nbsp<\/p>\n<p>vysok\u00e1 pevnost a odolnost v\u016f\u010di vn\u011bj\u0161\u00edm vliv\u016fm.<\/p>\n<p>nevyvol\u00e1v\u00e1 pocit p\u00e1len\u00ed<\/p>\n<p>st\u0159ed ot\u00e1\u010den\u00ed se neposouv\u00e1 ani p\u0159i vysok\u00fdch rychlostech<\/p>\n<p>odol\u00e1v\u00e1 v\u0161em typ\u016fm sterilizace a dezinfekce<\/p>\n<p>pou\u017e\u00edv\u00e1 se k odstra\u0148ov\u00e1n\u00ed gel-laku, gelu a akrylov\u00e9ho gelu<\/p>\n<p>p\u0159i pr\u00e1ci s problematick\u00fdmi p\u0159\u00edrodn\u00edmi nehty<\/p>\n<p>bezpe\u010dn\u00e1 zaoblen\u00e1 horn\u00ed \u010d\u00e1st jemn\u011b o\u0161et\u0159uje oblasti bo\u010dn\u00edch z\u00e1hyb\u016f nehtu, ani\u017e by je po\u0161kodila<\/p>\n<p>doporu\u010duje se za\u010d\u00ednaj\u00edc\u00edm technik\u016fm<\/p>\n<p>Technick\u00e9 specifikace<\/p>\n<p>Ur\u010den\u00ed pro manik\u00faru a pedik\u00faru<\/p>\n<p>typ pracovn\u00ed \u010d\u00e1sti zaoblen\u00fd tvar bezpe\u010dnostn\u00edho v\u00e1lce<\/p>\n<p>pr\u016fm\u011br 6 mm<\/p>\n<p>d\u00e9lka pracovn\u00ed \u010d\u00e1sti 13 mm<\/p>\n<p>barva p\u00e1sku modr\u00e1<\/p>\n<p>zrnitost st\u0159edn\u00ed<\/p>\n<p>sterilizace ano<\/p>\n<p>dezinfekce ano<\/p>\n<p>Rada expert<\/p>\n","protected":false},"excerpt":{"rendered":"<p>Stalex Karbidov\u00fd brusn\u00fd n\u00e1stavec &#8211; &#8220;kuku\u0159i\u010dn\u00fd&#8221; modr\u00fd &#8211; FT90B050\/13 Stalex Karbidov\u00fd brusn\u00fd n\u00e1stavec &#8211; &#8220;kuku\u0159ice&#8221; modr\u00fd 5mm\/13mm -FT90B050\/13 je st\u0159edn\u011b zrnit\u00fd karbidov\u00fd n\u00e1stavec ve tvaru ku\u017eele o pr\u016fm\u011bru 5mm a pracovn\u00ed d\u00e9lce 13mm. Ide\u00e1ln\u00ed pro odstra\u0148ov\u00e1n\u00ed gelov\u00fdch n\u00e1t\u011br\u016f, gel\u016f a akryl\u00e1tov\u00fdch gelov\u00fdch materi\u00e1l\u016f. Vyrobeno z vysoce kvalitn\u00edch materi\u00e1l\u016f Karbidov\u00fd n\u00e1stavec ve tvaru ku\u017eele se st\u0159edn\u00ed [&hellip;]<\/p>\n","protected":false},"featured_media":4894,"comment_status":"open","ping_status":"closed","template":"","meta":[],"pwb-brand":[],"product_brand":[],"product_cat":[692],"product_tag":[],"berocket_brand":[418],"class_list":{"0":"post-9019","1":"product","2":"type-product","3":"status-publish","4":"has-post-thumbnail","6":"product_cat-karbidove-frezy","7":"berocket_brand-staleks","9":"first","10":"outofstock","11":"taxable","12":"shipping-taxable","13":"purchasable","14":"product-type-simple"},"acf":[],"brands":[],"_links":{"self":[{"href":"https:\/\/mikeladzenailstore.com\/en\/wp-json\/wp\/v2\/product\/9019","targetHints":{"allow":["GET"]}}],"collection":[{"href":"https:\/\/mikeladzenailstore.com\/en\/wp-json\/wp\/v2\/product"}],"about":[{"href":"https:\/\/mikeladzenailstore.com\/en\/wp-json\/wp\/v2\/types\/product"}],"replies":[{"embeddable":true,"href":"https:\/\/mikeladzenailstore.com\/en\/wp-json\/wp\/v2\/comments?post=9019"}],"version-history":[{"count":0,"href":"https:\/\/mikeladzenailstore.com\/en\/wp-json\/wp\/v2\/product\/9019\/revisions"}],"wp:featuredmedia":[{"embeddable":true,"href":"https:\/\/mikeladzenailstore.com\/en\/wp-json\/wp\/v2\/media\/4894"}],"wp:attachment":[{"href":"https:\/\/mikeladzenailstore.com\/en\/wp-json\/wp\/v2\/media?parent=9019"}],"wp:term":[{"taxonomy":"pwb-brand","embeddable":true,"href":"https:\/\/mikeladzenailstore.com\/en\/wp-json\/wp\/v2\/pwb-brand?post=9019"},{"taxonomy":"product_brand","embeddable":true,"href":"https:\/\/mikeladzenailstore.com\/en\/wp-json\/wp\/v2\/product_brand?post=9019"},{"taxonomy":"product_cat","embeddable":true,"href":"https:\/\/mikeladzenailstore.com\/en\/wp-json\/wp\/v2\/product_cat?post=9019"},{"taxonomy":"product_tag","embeddable":true,"href":"https:\/\/mikeladzenailstore.com\/en\/wp-json\/wp\/v2\/product_tag?post=9019"},{"taxonomy":"berocket_brand","embeddable":true,"href":"https:\/\/mikeladzenailstore.com\/en\/wp-json\/wp\/v2\/berocket_brand?post=9019"}],"curies":[{"name":"wp","href":"https:\/\/api.w.org\/{rel}","templated":true}]}}