{"id":9025,"date":"2025-11-15T12:06:21","date_gmt":"2025-11-15T12:06:21","guid":{"rendered":"https:\/\/mikeladzenailstore.com\/p\/staleks-diamantovy-brusny-nadstavec-rounded-pear-red-fa101r050-12\/"},"modified":"2026-01-11T12:46:38","modified_gmt":"2026-01-11T12:46:38","slug":"staleks-diamantovy-brusny-nadstavec-rounded-pear-red-fa101r050-12","status":"publish","type":"product","link":"https:\/\/mikeladzenailstore.com\/en\/p\/staleks-diamantovy-brusny-nadstavec-rounded-pear-red-fa101r050-12\/","title":{"rendered":"Staleks Diamantov\u00fd br\u00fasny nadstavec &#8211; &#8220;rounded pear&#8221; red &#8211; FA101R050\/12"},"content":{"rendered":"<p>Staleks Diamantov\u00fd brusn\u00fd n\u00e1stavec &#8211; &#8220;rounded pear&#8221; red &#8211; FA10R050\/12 je jemnozrnn\u00fd diamantov\u00fd n\u00e1stavec ve tvaru zaoblen\u00e9 hru\u0161ky o pr\u016fm\u011bru 5mm a d\u00e9lce pracovn\u00ed \u010d\u00e1sti 12mm. Ide\u00e1ln\u00ed pro pr\u00e1ci s poko\u017ekou a p\u0159\u00edrodn\u00edmi nehty v manik\u00fa\u0159e a pedik\u00fa\u0159e.<\/p>\n<p>jemn\u00e1 abrazivita pro jemn\u00e9 zpracov\u00e1n\u00ed poko\u017eky<\/p>\n<p>vhodn\u00fd pro pr\u00e1ci za\u010d\u00e1te\u010dn\u00edky i zku\u0161en\u00e9<\/p>\n<p>ur\u010den ke zpracov\u00e1n\u00ed kutikuly a bo\u010dn\u00edch z\u00e1hyb\u016f neht\u016f, jako\u017e i k \u010di\u0161t\u011bn\u00ed nehtov\u00e9<\/p>\n<p>plot\u00e9nky od epidermy<\/p>\n<p>V manik\u00fa\u0159e:<\/p>\n<p>&#8211; zved\u00e1n\u00ed a odstra\u0148ov\u00e1n\u00ed kutikuly<\/p>\n<p>&#8211; zpracov\u00e1n\u00ed bo\u010dn\u00edch z\u00e1hyb\u016f neht\u016f<\/p>\n<p>&#8211; odstran\u011bn\u00ed pterygie<\/p>\n<p>&#8211; otev\u00edr\u00e1n\u00ed dutin<\/p>\n<p>&#8211; le\u0161t\u011bn\u00ed nehtov\u00e9 plot\u00e9nky<\/p>\n<p>V pedik\u00fa\u0159e:<\/p>\n<p>&#8211; otev\u00edr\u00e1n\u00ed a le\u0161t\u011bn\u00ed trhlin<\/p>\n<p>&#8211; zpracov\u00e1n\u00ed a odstran\u011bn\u00ed mozol\u016f<\/p>\n<p>vysoce kvalitn\u00ed diamantov\u00fd povlak<\/p>\n<p>odoln\u00fd v\u016f\u010di korozi<\/p>\n<p>Technick\u00e9 parametry:<\/p>\n<p>\u00fa\u010del: pro manik\u00faru a pedik\u00faru<\/p>\n<p>typ pracovn\u00ed \u010d\u00e1sti: zaoblen\u00e1 hru\u0161ka<\/p>\n<p>pr\u016fm\u011br: 5mm<\/p>\n<p>d\u00e9lka pracovn\u00ed \u010d\u00e1sti: 12mm<\/p>\n<p>barva pruhu: \u010derven\u00e1<\/p>\n<p>zrnitost: jemnozrnn\u00fd<\/p>\n<p>sterilizace: ano<\/p>\n<p>dezinfekce: ano<\/p>\n<p>rada: Expert<\/p>\n","protected":false},"excerpt":{"rendered":"<p>Staleks Diamantov\u00fd brusn\u00fd n\u00e1stavec &#8211; &#8220;rounded pear&#8221; red &#8211; FA10R050\/12 je jemnozrnn\u00fd diamantov\u00fd n\u00e1stavec ve tvaru zaoblen\u00e9 hru\u0161ky o pr\u016fm\u011bru 5mm a d\u00e9lce pracovn\u00ed \u010d\u00e1sti 12mm. Ide\u00e1ln\u00ed pro pr\u00e1ci s poko\u017ekou a p\u0159\u00edrodn\u00edmi nehty v manik\u00fa\u0159e a pedik\u00fa\u0159e. jemn\u00e1 abrazivita pro jemn\u00e9 zpracov\u00e1n\u00ed poko\u017eky vhodn\u00fd pro pr\u00e1ci za\u010d\u00e1te\u010dn\u00edky i zku\u0161en\u00e9 ur\u010den ke zpracov\u00e1n\u00ed kutikuly a [&hellip;]<\/p>\n","protected":false},"featured_media":4898,"comment_status":"open","ping_status":"closed","template":"","meta":[],"pwb-brand":[],"product_brand":[],"product_cat":[689],"product_tag":[],"berocket_brand":[418],"class_list":{"0":"post-9025","1":"product","2":"type-product","3":"status-publish","4":"has-post-thumbnail","6":"product_cat-diamantove-frezy","7":"berocket_brand-staleks","9":"first","10":"outofstock","11":"taxable","12":"shipping-taxable","13":"purchasable","14":"product-type-simple"},"acf":[],"brands":[],"_links":{"self":[{"href":"https:\/\/mikeladzenailstore.com\/en\/wp-json\/wp\/v2\/product\/9025","targetHints":{"allow":["GET"]}}],"collection":[{"href":"https:\/\/mikeladzenailstore.com\/en\/wp-json\/wp\/v2\/product"}],"about":[{"href":"https:\/\/mikeladzenailstore.com\/en\/wp-json\/wp\/v2\/types\/product"}],"replies":[{"embeddable":true,"href":"https:\/\/mikeladzenailstore.com\/en\/wp-json\/wp\/v2\/comments?post=9025"}],"version-history":[{"count":0,"href":"https:\/\/mikeladzenailstore.com\/en\/wp-json\/wp\/v2\/product\/9025\/revisions"}],"wp:featuredmedia":[{"embeddable":true,"href":"https:\/\/mikeladzenailstore.com\/en\/wp-json\/wp\/v2\/media\/4898"}],"wp:attachment":[{"href":"https:\/\/mikeladzenailstore.com\/en\/wp-json\/wp\/v2\/media?parent=9025"}],"wp:term":[{"taxonomy":"pwb-brand","embeddable":true,"href":"https:\/\/mikeladzenailstore.com\/en\/wp-json\/wp\/v2\/pwb-brand?post=9025"},{"taxonomy":"product_brand","embeddable":true,"href":"https:\/\/mikeladzenailstore.com\/en\/wp-json\/wp\/v2\/product_brand?post=9025"},{"taxonomy":"product_cat","embeddable":true,"href":"https:\/\/mikeladzenailstore.com\/en\/wp-json\/wp\/v2\/product_cat?post=9025"},{"taxonomy":"product_tag","embeddable":true,"href":"https:\/\/mikeladzenailstore.com\/en\/wp-json\/wp\/v2\/product_tag?post=9025"},{"taxonomy":"berocket_brand","embeddable":true,"href":"https:\/\/mikeladzenailstore.com\/en\/wp-json\/wp\/v2\/berocket_brand?post=9025"}],"curies":[{"name":"wp","href":"https:\/\/api.w.org\/{rel}","templated":true}]}}