{"id":9112,"date":"2025-11-15T12:05:40","date_gmt":"2025-11-15T12:05:40","guid":{"rendered":"https:\/\/mikeladzenailstore.com\/p\/discleen-extra-1l\/"},"modified":"2025-11-15T12:05:40","modified_gmt":"2025-11-15T12:05:40","slug":"discleen-extra-1l","status":"publish","type":"product","link":"https:\/\/mikeladzenailstore.com\/en\/p\/discleen-extra-1l\/","title":{"rendered":"DISCLEEN EXTRA 1L"},"content":{"rendered":"<\/p>\n<p>Kapaln\u00fd dezinfek\u010dn\u00ed p\u0159\u00edpravek na b\u00e1zi kombinovan\u00e9ho \u00fa\u010dinku KAS a aminu.<\/p>\n<\/p>\n<p>Velmi \u00fa\u010dinn\u00fd kapaln\u00fd dezinfek\u010dn\u00ed koncentr\u00e1t na b\u00e1zi kvart\u00e9rn\u00edch amoniov\u00fdch slou\u010denin a aminu<\/p>\n<p>Vhodn\u00fd k jednof\u00e1zov\u00e9 dezinfekci opera\u010dn\u00edho instrumentaria, dezinfekci a myt\u00ed l\u00e9ka\u0159sk\u00fdch n\u00e1stroj\u016f, pom\u016fcek a  povrch\u016f zdravotnick\u00fdch prost\u0159edk\u016f<\/p>\n<p>Umo\u017e\u0148uje dezinfekci a myt\u00ed v jednom kroku, d\u00edky sv\u00e9mu sou\u010dasn\u00e9mu \u010dist\u00edc\u00edmu efektu<\/p>\n<p>Rychl\u00fd a spolehliv\u00fd \u00fa\u010dinek, i p\u0159i n\u00edzk\u00fdch koncentrac\u00edch pracovn\u00edch roztok\u016f<\/p>\n<p>Dezinfekce bez nep\u0159\u00edjemn\u00e9ho z\u00e1pachu, nedr\u00e1\u017ed\u00ed sliznice. D\u00edky t\u011bmto vlastnostem lze Discleen Extra pou\u017e\u00edvat i v p\u0159\u00edtomnosti pacient\u016f.<\/p>\n<p>V\u00fdborn\u00e1 materi\u00e1lov\u00e1 sn\u00e1\u0161enlivost- p\u0159\u00edpravek je kompatibiln\u00ed s mnoha druhy materi\u00e1l\u016f, jako je nerezov\u00e1 ocel, barevn\u00e9 kovy a jejich slitiny, pry\u017e a plast<\/p>\n<p>Snadn\u00e9 d\u00e1vkov\u00e1n\u00ed pomoc\u00ed d\u00e1vkovac\u00ed lahve, u v\u011bt\u0161\u00edho balen\u00ed lze vyu\u017e\u00edt aplika\u010dn\u00ed pom\u016fcky (pumpa, odm\u011brky)<\/p>\n<\/p>\n<p>\u00da\u010dinn\u00e9 l\u00e1tky<\/p>\n<p>Alkylbenzyldimethylammonium chloride, Didecyldimethylammonium chloride, N-(3-aminopropyl)-N-dodecylpropane-1,3-diamine<\/p>\n<\/p>\n<p>Spektrum \u00fa\u010dinnosti<\/p>\n<p>baktericidn\u00ed, MRSA, virucidn\u00ed (BVDV\/ Vaccinia), mykobaktericidn\u00ed, tuberkulocidn\u00ed, fungicidn\u00ed<\/p>\n<\/p>\n<p>Aplikace<\/p>\n<p>P\u0159\u00edprava pracovn\u00edho roztoku: K z\u00edsk\u00e1n\u00ed po\u017eadovan\u00e9 koncentrace pracovn\u00edho roztoku rozm\u00edchejte pot\u0159ebn\u00e9 mno\u017estv\u00ed p\u0159\u00edpravku ve vod\u011b o teplot\u011b 20 &#8211; 25 oC. 1% roztok se p\u0159iprav\u00ed rozm\u00edch\u00e1n\u00edm 10 ml p\u0159\u00edpravku v 990 ml vody. Nen\u00ed kompatibiln\u00ed s aldehydov\u00fdmi p\u0159\u00edpravky.<\/p>\n<\/p>\n<p>P\u0159edsteriliza\u010dn\u00ed p\u0159\u00edprava: Z n\u00e1stroj\u016f a pom\u016fcek ur\u010den\u00fdch k dezinfekci p\u0159edem odstra\u0148te hrub\u00e9 ne\u010distoty. N\u00e1stroje vkl\u00e1dejte do p\u0159ipraven\u00e9ho pracovn\u00edho roztoku &#8211; n\u00e1stroje mus\u00ed b\u00fdt pln\u011b pono\u0159eny pod hladinu roztoku. Po p\u0159\u00edslu\u0161n\u00e9 dob\u011b expozice n\u00e1stroje vyjm\u011bte, opl\u00e1chn\u011bte vodou a osu\u0161te.<\/p>\n<\/p>\n<p>Dezinfekce ploch a p\u0159edm\u011bt\u016f:  Z ploch a p\u0159edm\u011bt\u016f  p\u0159edem odstra\u0148te hrub\u00e9 ne\u010distoty. Plochy a povrchy p\u0159edm\u011bt\u016f ot\u0159ete pomoc\u00ed text\u00edlie (mop, ut\u011brka apod.). smo\u010den\u00e9 v pracovn\u00edm roztoku. Mal\u00e9, vod\u011bodoln\u00e9 p\u0159edm\u011bty lze pono\u0159it do pracovn\u00edho roztoku a po uplynut\u00ed doby expozice opl\u00e1chnout vodou a osu\u0161it. Pracovn\u00ed roztok lze na men\u0161\u00ed plochy a p\u0159edm\u011bty aplikovat i post\u0159ikem.<\/p>\n","protected":false},"excerpt":{"rendered":"<p>Kapaln\u00fd dezinfek\u010dn\u00ed p\u0159\u00edpravek na b\u00e1zi kombinovan\u00e9ho \u00fa\u010dinku KAS a aminu. Velmi \u00fa\u010dinn\u00fd kapaln\u00fd dezinfek\u010dn\u00ed koncentr\u00e1t na b\u00e1zi kvart\u00e9rn\u00edch amoniov\u00fdch slou\u010denin a aminu Vhodn\u00fd k jednof\u00e1zov\u00e9 dezinfekci opera\u010dn\u00edho instrumentaria, dezinfekci a myt\u00ed l\u00e9ka\u0159sk\u00fdch n\u00e1stroj\u016f, pom\u016fcek a povrch\u016f zdravotnick\u00fdch prost\u0159edk\u016f Umo\u017e\u0148uje dezinfekci a myt\u00ed v jednom kroku, d\u00edky sv\u00e9mu sou\u010dasn\u00e9mu \u010dist\u00edc\u00edmu efektu Rychl\u00fd a spolehliv\u00fd \u00fa\u010dinek, i [&hellip;]<\/p>\n","protected":false},"featured_media":0,"comment_status":"open","ping_status":"open","template":"","meta":[],"pwb-brand":[],"product_brand":[],"product_cat":[167],"product_tag":[],"berocket_brand":[],"class_list":{"0":"post-9112","1":"product","2":"type-product","3":"status-publish","5":"product_cat-baze-a-topy-pro-manikuru-pedikuru","7":"first","8":"outofstock","9":"taxable","10":"shipping-taxable","11":"purchasable","12":"product-type-simple"},"acf":[],"brands":[],"_links":{"self":[{"href":"https:\/\/mikeladzenailstore.com\/en\/wp-json\/wp\/v2\/product\/9112","targetHints":{"allow":["GET"]}}],"collection":[{"href":"https:\/\/mikeladzenailstore.com\/en\/wp-json\/wp\/v2\/product"}],"about":[{"href":"https:\/\/mikeladzenailstore.com\/en\/wp-json\/wp\/v2\/types\/product"}],"replies":[{"embeddable":true,"href":"https:\/\/mikeladzenailstore.com\/en\/wp-json\/wp\/v2\/comments?post=9112"}],"version-history":[{"count":0,"href":"https:\/\/mikeladzenailstore.com\/en\/wp-json\/wp\/v2\/product\/9112\/revisions"}],"wp:attachment":[{"href":"https:\/\/mikeladzenailstore.com\/en\/wp-json\/wp\/v2\/media?parent=9112"}],"wp:term":[{"taxonomy":"pwb-brand","embeddable":true,"href":"https:\/\/mikeladzenailstore.com\/en\/wp-json\/wp\/v2\/pwb-brand?post=9112"},{"taxonomy":"product_brand","embeddable":true,"href":"https:\/\/mikeladzenailstore.com\/en\/wp-json\/wp\/v2\/product_brand?post=9112"},{"taxonomy":"product_cat","embeddable":true,"href":"https:\/\/mikeladzenailstore.com\/en\/wp-json\/wp\/v2\/product_cat?post=9112"},{"taxonomy":"product_tag","embeddable":true,"href":"https:\/\/mikeladzenailstore.com\/en\/wp-json\/wp\/v2\/product_tag?post=9112"},{"taxonomy":"berocket_brand","embeddable":true,"href":"https:\/\/mikeladzenailstore.com\/en\/wp-json\/wp\/v2\/berocket_brand?post=9112"}],"curies":[{"name":"wp","href":"https:\/\/api.w.org\/{rel}","templated":true}]}}