{"id":9115,"date":"2025-11-15T12:05:40","date_gmt":"2025-11-15T12:05:40","guid":{"rendered":"https:\/\/mikeladzenailstore.com\/p\/pumpicka-pro-lahve-350-500-ml\/"},"modified":"2025-11-15T12:05:40","modified_gmt":"2025-11-15T12:05:40","slug":"pumpicka-pro-lahve-350-500-ml","status":"publish","type":"product","link":"https:\/\/mikeladzenailstore.com\/en\/p\/pumpicka-pro-lahve-350-500-ml\/","title":{"rendered":"PUMPI\u010cKA PRO L\u00c1HVE 350 \/ 500 ML"},"content":{"rendered":"<p>Vhodn\u00e1 pro v\u00fdrobky zna\u010dky BODE (Sterillium atd.).<\/p>\n<\/p>\n<p>Opakovan\u011b pou\u017eiteln\u00e1 d\u00e1vkovac\u00ed pumpi\u010dka umo\u017e\u0148uje pohodln\u00e9 a bezpe\u010dn\u00e9 d\u00e1vkov\u00e1n\u00ed dezinfek\u010dn\u00edho p\u0159\u00edpravku na ruce z lahv\u00ed o objemu 350\/500 ml. Pumpi\u010dka je opat\u0159ena zp\u011btnou klapkou, aby nedo\u0161lo k vyt\u00e9k\u00e1n\u00ed roztoku p\u0159i event. p\u0159evr\u00e1cen\u00ed l\u00e1hve.<\/p>\n<\/p>\n<p>Lze pou\u017e\u00edt pro dezinfek\u010dn\u00ed p\u0159\u00edpravky na ruce (Sterillium\u00ae, Sterillium\u00ae classic pure, Sterillium\u00ae med, Sterillium\u00ae Virugard, Sterillium\u00ae Gel pure, Manusept\u00ae basic), pe\u010duj\u00edc\u00ed p\u0159\u00edpravky (Baktolan\u00ae lotion, Baktolan\u00ae lotion pure, Baktolan\u00ae balm, Baktolan\u00ae balm pure) a myc\u00ed emulzi (Baktolin\u00ae pure).<\/p>\n","protected":false},"excerpt":{"rendered":"<p>Vhodn\u00e1 pro v\u00fdrobky zna\u010dky BODE (Sterillium atd.). Opakovan\u011b pou\u017eiteln\u00e1 d\u00e1vkovac\u00ed pumpi\u010dka umo\u017e\u0148uje pohodln\u00e9 a bezpe\u010dn\u00e9 d\u00e1vkov\u00e1n\u00ed dezinfek\u010dn\u00edho p\u0159\u00edpravku na ruce z lahv\u00ed o objemu 350\/500 ml. Pumpi\u010dka je opat\u0159ena zp\u011btnou klapkou, aby nedo\u0161lo k vyt\u00e9k\u00e1n\u00ed roztoku p\u0159i event. p\u0159evr\u00e1cen\u00ed l\u00e1hve. Lze pou\u017e\u00edt pro dezinfek\u010dn\u00ed p\u0159\u00edpravky na ruce (Sterillium\u00ae, Sterillium\u00ae classic pure, Sterillium\u00ae med, Sterillium\u00ae Virugard, [&hellip;]<\/p>\n","protected":false},"featured_media":0,"comment_status":"open","ping_status":"open","template":"","meta":[],"pwb-brand":[],"product_brand":[],"product_cat":[167],"product_tag":[],"berocket_brand":[],"class_list":{"0":"post-9115","1":"product","2":"type-product","3":"status-publish","5":"product_cat-baze-a-topy-pro-manikuru-pedikuru","7":"first","8":"instock","9":"taxable","10":"shipping-taxable","11":"purchasable","12":"product-type-simple"},"acf":[],"brands":[],"_links":{"self":[{"href":"https:\/\/mikeladzenailstore.com\/en\/wp-json\/wp\/v2\/product\/9115","targetHints":{"allow":["GET"]}}],"collection":[{"href":"https:\/\/mikeladzenailstore.com\/en\/wp-json\/wp\/v2\/product"}],"about":[{"href":"https:\/\/mikeladzenailstore.com\/en\/wp-json\/wp\/v2\/types\/product"}],"replies":[{"embeddable":true,"href":"https:\/\/mikeladzenailstore.com\/en\/wp-json\/wp\/v2\/comments?post=9115"}],"version-history":[{"count":0,"href":"https:\/\/mikeladzenailstore.com\/en\/wp-json\/wp\/v2\/product\/9115\/revisions"}],"wp:attachment":[{"href":"https:\/\/mikeladzenailstore.com\/en\/wp-json\/wp\/v2\/media?parent=9115"}],"wp:term":[{"taxonomy":"pwb-brand","embeddable":true,"href":"https:\/\/mikeladzenailstore.com\/en\/wp-json\/wp\/v2\/pwb-brand?post=9115"},{"taxonomy":"product_brand","embeddable":true,"href":"https:\/\/mikeladzenailstore.com\/en\/wp-json\/wp\/v2\/product_brand?post=9115"},{"taxonomy":"product_cat","embeddable":true,"href":"https:\/\/mikeladzenailstore.com\/en\/wp-json\/wp\/v2\/product_cat?post=9115"},{"taxonomy":"product_tag","embeddable":true,"href":"https:\/\/mikeladzenailstore.com\/en\/wp-json\/wp\/v2\/product_tag?post=9115"},{"taxonomy":"berocket_brand","embeddable":true,"href":"https:\/\/mikeladzenailstore.com\/en\/wp-json\/wp\/v2\/berocket_brand?post=9115"}],"curies":[{"name":"wp","href":"https:\/\/api.w.org\/{rel}","templated":true}]}}