{"id":9118,"date":"2025-11-15T12:05:40","date_gmt":"2025-11-15T12:05:40","guid":{"rendered":"https:\/\/mikeladzenailstore.com\/p\/manusept-basic-500ml\/"},"modified":"2025-11-15T12:05:40","modified_gmt":"2025-11-15T12:05:40","slug":"manusept-basic-500ml","status":"publish","type":"product","link":"https:\/\/mikeladzenailstore.com\/en\/p\/manusept-basic-500ml\/","title":{"rendered":"MANUSEPT BASIC 500ML"},"content":{"rendered":"<p>Dob\u0159e sn\u00e1\u0161en\u00fd pokou\u017ekou. \u00da\u010dinn\u00fd na obalen\u00e9 viry. Manusept basic se pou\u017e\u00edv\u00e1 v mnoha oblastech, aby se zabr\u00e1nilo infekci, pro hygienick\u00e9 a chirurgick\u00e9 dezinfekci rukou ve zdravotn\u00ed p\u00e9\u010di.<\/p>\n<\/p>\n<p>Hygienick\u00e1 a chirurgick\u00e1 dezinfekce rukou.<\/p>\n<\/p>\n<p>Ochrana infekc\u00ed v mnoha oblastech &#8211; v pokoj\u00edch pacient\u016f, ve vy\u0161et\u0159ovac\u00edch m\u00edstnostech, ve vozech z\u00e1chrann\u00e9 slu\u017eby, sanitk\u00e1ch, v prim\u00e1rn\u00ed zdravotn\u00ed p\u00e9\u010di, domovech d\u016fchod\u016f, pediatrick\u00e9 p\u00e9\u010di.<\/p>\n<\/p>\n<p>Manusept basic aplikujte ne\u0159ed\u011bn\u00fd do such\u00fdch rukou, ujist\u011bte se, \u017ee m\u00e1te skute\u010dn\u011b p\u0159\u00edpravek nanesen\u00fd na cel\u00e9 ruce &#8211; zvl\u00e1\u0161tn\u00ed pozornost v\u011bnujte prst\u016fm a palci.<\/p>\n<\/p>\n<p>Pro hygienickou a chirurgickou dezinfekci ve zdravotnictv\u00ed. Hygienick\u00e1 desinfekce rukou &#8211; doba p\u016fsoben\u00ed 30 sekund. Chirurgick\u00e1 desinfekce rukou &#8211; 3 minuty.<\/p>\n<\/p>\n<p>Bez barviv a parfemace, z\u00e1kladn\u00ed spektrum \u00fa\u010dinnosti, dobr\u00e1 sn\u00e1\u0161enlivost s poko\u017ekou.<\/p>\n<\/p>\n<p>Neskladujte v bl\u00edzkosti topn\u00fdch za\u0159\u00edzen\u00ed. Nevystavujte slune\u010dn\u00edmu z\u00e1\u0159en\u00ed. Pou\u017e\u00edvejte dezinfek\u010dn\u00ed p\u0159\u00edpravky bezpe\u010dn\u011b. P\u0159ed pou\u017eit\u00edm si v\u017edy p\u0159e\u010dt\u011bte \u00fadaje na obalu a p\u0159ipojen\u00e9 informace o p\u0159\u00edpravku.<\/p>\n<\/p>\n<p>Slo\u017een\u00ed<\/p>\n<p>etanol 99% 80g<\/p>\n","protected":false},"excerpt":{"rendered":"<p>Dob\u0159e sn\u00e1\u0161en\u00fd pokou\u017ekou. \u00da\u010dinn\u00fd na obalen\u00e9 viry. Manusept basic se pou\u017e\u00edv\u00e1 v mnoha oblastech, aby se zabr\u00e1nilo infekci, pro hygienick\u00e9 a chirurgick\u00e9 dezinfekci rukou ve zdravotn\u00ed p\u00e9\u010di. Hygienick\u00e1 a chirurgick\u00e1 dezinfekce rukou. Ochrana infekc\u00ed v mnoha oblastech &#8211; v pokoj\u00edch pacient\u016f, ve vy\u0161et\u0159ovac\u00edch m\u00edstnostech, ve vozech z\u00e1chrann\u00e9 slu\u017eby, sanitk\u00e1ch, v prim\u00e1rn\u00ed zdravotn\u00ed p\u00e9\u010di, domovech d\u016fchod\u016f, [&hellip;]<\/p>\n","protected":false},"featured_media":0,"comment_status":"open","ping_status":"open","template":"","meta":[],"pwb-brand":[],"product_brand":[],"product_cat":[167],"product_tag":[],"berocket_brand":[],"class_list":{"0":"post-9118","1":"product","2":"type-product","3":"status-publish","5":"product_cat-baze-a-topy-pro-manikuru-pedikuru","7":"first","8":"outofstock","9":"taxable","10":"shipping-taxable","11":"purchasable","12":"product-type-simple"},"acf":[],"brands":[],"_links":{"self":[{"href":"https:\/\/mikeladzenailstore.com\/en\/wp-json\/wp\/v2\/product\/9118","targetHints":{"allow":["GET"]}}],"collection":[{"href":"https:\/\/mikeladzenailstore.com\/en\/wp-json\/wp\/v2\/product"}],"about":[{"href":"https:\/\/mikeladzenailstore.com\/en\/wp-json\/wp\/v2\/types\/product"}],"replies":[{"embeddable":true,"href":"https:\/\/mikeladzenailstore.com\/en\/wp-json\/wp\/v2\/comments?post=9118"}],"version-history":[{"count":0,"href":"https:\/\/mikeladzenailstore.com\/en\/wp-json\/wp\/v2\/product\/9118\/revisions"}],"wp:attachment":[{"href":"https:\/\/mikeladzenailstore.com\/en\/wp-json\/wp\/v2\/media?parent=9118"}],"wp:term":[{"taxonomy":"pwb-brand","embeddable":true,"href":"https:\/\/mikeladzenailstore.com\/en\/wp-json\/wp\/v2\/pwb-brand?post=9118"},{"taxonomy":"product_brand","embeddable":true,"href":"https:\/\/mikeladzenailstore.com\/en\/wp-json\/wp\/v2\/product_brand?post=9118"},{"taxonomy":"product_cat","embeddable":true,"href":"https:\/\/mikeladzenailstore.com\/en\/wp-json\/wp\/v2\/product_cat?post=9118"},{"taxonomy":"product_tag","embeddable":true,"href":"https:\/\/mikeladzenailstore.com\/en\/wp-json\/wp\/v2\/product_tag?post=9118"},{"taxonomy":"berocket_brand","embeddable":true,"href":"https:\/\/mikeladzenailstore.com\/en\/wp-json\/wp\/v2\/berocket_brand?post=9118"}],"curies":[{"name":"wp","href":"https:\/\/api.w.org\/{rel}","templated":true}]}}