{"id":9121,"date":"2025-11-15T12:05:40","date_gmt":"2025-11-15T12:05:40","guid":{"rendered":"https:\/\/mikeladzenailstore.com\/p\/septoderm-500ml\/"},"modified":"2025-11-15T12:05:40","modified_gmt":"2025-11-15T12:05:40","slug":"septoderm-500ml","status":"publish","type":"product","link":"https:\/\/mikeladzenailstore.com\/en\/p\/septoderm-500ml\/","title":{"rendered":"SEPTODERM 500ML"},"content":{"rendered":"<p>CUTASEPT F 250ML &#8211; SPRAY<\/p>\n<\/p>\n<p>Septoderm 500ml <\/p>\n<\/p>\n<p>Tekut\u00fd dezinfek\u010dn\u00ed alkoholov\u00fd p\u0159\u00edpravek se zvl\u00e1\u010d\u0148uj\u00edc\u00edmi p\u0159\u00edsadami<\/p>\n<p>Vhodn\u00fd k hygienick\u00e9 a chirurgick\u00e9 dezinfekci rukou<\/p>\n<p>V\u00fdborn\u00e1 sn\u00e1\u0161enlivost  s poko\u017ekou<\/p>\n<p>Neobsahuje barviva ani parf\u00e9m<\/p>\n<p>Rychl\u00fd a dlouhotrvaj\u00edc\u00ed \u00fa\u010dinek<\/p>\n<p>Test dle normy EN12791 &#8211; remanentn\u00ed 3 hodinov\u00fd efekt<\/p>\n<\/p>\n<p>\u00da\u010dinn\u00e9 l\u00e1tky<\/p>\n<p>Etanol  45% , Isopropanol 30 %, KAS<\/p>\n<\/p>\n<p>Spektrum \u00fa\u010dinnosti<\/p>\n<p>baktericidn\u00ed, MRSA, fungicidn\u00ed, pln\u011b virucidn\u00ed, mykobaktericidn\u00ed, tuberkulocidn\u00ed   <\/p>\n<\/p>\n<p>Aplikace<\/p>\n<p>P\u0159\u00edpravek se ne\u0159ed\u00ed a aplikuje se na \u010dist\u00e9, such\u00e9 ruce. Aplikuje do dlan\u011b ruky dostate\u010dn\u00e9 mno\u017estv\u00ed p\u0159\u00edpravku a vt\u00edrejte jej do poko\u017eky rukou tak, aby byly v\u0161echna m\u00edsta na rukou mokr\u00e1 po stanovenou dobu expozice.<\/p>\n<\/p>\n<p>&nbsp;<\/p>\n<\/p>\n<p>Pou\u017eit\u00ed\tMno\u017estv\u00ed\tExpozice<\/p>\n<p>Hygienick\u00e1 dezinfekce rukou\t3 ml\t30 s<\/p>\n<p>Chirurgick\u00e1 dezinfekce\t2 x 3 ml\t2 x 1,5 min<\/p>\n<\/p>\n<p>Oblast pou\u017eit\u00ed<\/p>\n<p>Dezinfekce rukou ve v\u0161ech typech zdravotnick\u00fdch za\u0159\u00edzen\u00ed, laborato\u0159\u00edch, farmaceutick\u00e9 a kosmetick\u00e9 v\u00fdrob\u011b, v instituc\u00edch, potravin\u00e1\u0159stv\u00ed, sportovn\u00edch za\u0159\u00edzen\u00edch, v komun\u00e1ln\u00edm sektoru i v b\u011b\u017en\u00e9m \u017eivot\u011b.<\/p>\n<\/p>\n<p>Typ p\u0159\u00edpravku<\/p>\n<p>Biocidn\u00ed p\u0159\u00edpravek<\/p>\n<\/p>\n<p>Doba pou\u017eitelnosti<\/p>\n<p>36 m\u011bs\u00edc\u016f<\/p>\n","protected":false},"excerpt":{"rendered":"<p>CUTASEPT F 250ML &#8211; SPRAY Septoderm 500ml Tekut\u00fd dezinfek\u010dn\u00ed alkoholov\u00fd p\u0159\u00edpravek se zvl\u00e1\u010d\u0148uj\u00edc\u00edmi p\u0159\u00edsadami Vhodn\u00fd k hygienick\u00e9 a chirurgick\u00e9 dezinfekci rukou V\u00fdborn\u00e1 sn\u00e1\u0161enlivost s poko\u017ekou Neobsahuje barviva ani parf\u00e9m Rychl\u00fd a dlouhotrvaj\u00edc\u00ed \u00fa\u010dinek Test dle normy EN12791 &#8211; remanentn\u00ed 3 hodinov\u00fd efekt \u00da\u010dinn\u00e9 l\u00e1tky Etanol 45% , Isopropanol 30 %, KAS Spektrum \u00fa\u010dinnosti baktericidn\u00ed, MRSA, [&hellip;]<\/p>\n","protected":false},"featured_media":0,"comment_status":"open","ping_status":"open","template":"","meta":[],"pwb-brand":[],"product_brand":[],"product_cat":[167],"product_tag":[],"berocket_brand":[],"class_list":{"0":"post-9121","1":"product","2":"type-product","3":"status-publish","5":"product_cat-baze-a-topy-pro-manikuru-pedikuru","7":"first","8":"outofstock","9":"taxable","10":"shipping-taxable","11":"purchasable","12":"product-type-simple"},"acf":[],"brands":[],"_links":{"self":[{"href":"https:\/\/mikeladzenailstore.com\/en\/wp-json\/wp\/v2\/product\/9121","targetHints":{"allow":["GET"]}}],"collection":[{"href":"https:\/\/mikeladzenailstore.com\/en\/wp-json\/wp\/v2\/product"}],"about":[{"href":"https:\/\/mikeladzenailstore.com\/en\/wp-json\/wp\/v2\/types\/product"}],"replies":[{"embeddable":true,"href":"https:\/\/mikeladzenailstore.com\/en\/wp-json\/wp\/v2\/comments?post=9121"}],"version-history":[{"count":0,"href":"https:\/\/mikeladzenailstore.com\/en\/wp-json\/wp\/v2\/product\/9121\/revisions"}],"wp:attachment":[{"href":"https:\/\/mikeladzenailstore.com\/en\/wp-json\/wp\/v2\/media?parent=9121"}],"wp:term":[{"taxonomy":"pwb-brand","embeddable":true,"href":"https:\/\/mikeladzenailstore.com\/en\/wp-json\/wp\/v2\/pwb-brand?post=9121"},{"taxonomy":"product_brand","embeddable":true,"href":"https:\/\/mikeladzenailstore.com\/en\/wp-json\/wp\/v2\/product_brand?post=9121"},{"taxonomy":"product_cat","embeddable":true,"href":"https:\/\/mikeladzenailstore.com\/en\/wp-json\/wp\/v2\/product_cat?post=9121"},{"taxonomy":"product_tag","embeddable":true,"href":"https:\/\/mikeladzenailstore.com\/en\/wp-json\/wp\/v2\/product_tag?post=9121"},{"taxonomy":"berocket_brand","embeddable":true,"href":"https:\/\/mikeladzenailstore.com\/en\/wp-json\/wp\/v2\/berocket_brand?post=9121"}],"curies":[{"name":"wp","href":"https:\/\/api.w.org\/{rel}","templated":true}]}}