{"id":9124,"date":"2025-11-15T12:05:40","date_gmt":"2025-11-15T12:05:40","guid":{"rendered":"https:\/\/mikeladzenailstore.com\/p\/cutasept-f-250ml-spray\/"},"modified":"2025-11-15T12:05:40","modified_gmt":"2025-11-15T12:05:40","slug":"cutasept-f-250ml-spray","status":"publish","type":"product","link":"https:\/\/mikeladzenailstore.com\/en\/p\/cutasept-f-250ml-spray\/","title":{"rendered":"CUTASEPT F 250ML &#8211; SPRAY"},"content":{"rendered":"<p>Bezbarv\u00fd dezinfek\u010dn\u00ed p\u0159\u00edpravek na k\u016f\u017ei s komplexn\u00edm \u00fa\u010dinkem<\/p>\n<\/p>\n<p>Vlastnosti p\u0159\u00edpravku<\/p>\n<\/p>\n<p>Cutasept F je alkoholov\u00fd p\u0159\u00edpravek na dezinfekci k\u016f\u017ee s odma\u0161\u0165ovac\u00edm, \u010dist\u00edc\u00edm a rezidu\u00e1ln\u00edm \u00fa\u010dinkem.<\/p>\n<\/p>\n<p>m\u00e1 optim\u00e1ln\u00ed mikrobicidn\u00ed \u00fa\u010dinek, a to i proti kmen\u016fm resistentn\u00edm na antibiotika, mykobakteri\u00edm a lipofiln\u00edm vir\u016fm, HBV, HIV rotavir\u016fm a herpes simplex typu 1<\/p>\n<p>p\u016fsob\u00ed rychle a vykazuje dobr\u00e9 rezidu\u00e1ln\u00ed \u00fa\u010dinky<\/p>\n<p>je v\u00fdborn\u011b sn\u00e1\u0161en poko\u017ekou<\/p>\n<p>pou\u017e\u00edv\u00e1 se pro odma\u0161\u0165ov\u00e1n\u00ed k\u016f\u017ee<\/p>\n<p>po zaschnut\u00ed zaji\u0161\u0165uje dobrou p\u0159ilnavost chirurgick\u00fdch f\u00f3li\u00ed<\/p>\n<p>\u00fa\u010dinn\u00fd proti pl\u00edsn\u00edm na nohou<\/p>\n<p>&nbsp;<\/p>\n<\/p>\n<p>Slo\u017een\u00ed<\/p>\n<\/p>\n<p>100 g roztoku obsahuje:<\/p>\n<\/p>\n<p>\u00fa\u010dinn\u00e9 l\u00e1tky: 2-propanol 63,0 g, benzalkoniumchlorid 0,025 g<\/p>\n<\/p>\n<p>pomocn\u00e9 l\u00e1tky: voda<\/p>\n<\/p>\n<p>&nbsp;<\/p>\n<\/p>\n<p>Mikrobiologick\u00e1 \u00fa\u010dinnost<\/p>\n<\/p>\n<p>Baktericidn\u00ed (v\u010d. MRSA), fungicidn\u00ed, tuberkulocidn\u00ed, mykobaktericidn\u00ed, virucidn\u00ed na zaobalen\u00e9 viry (v\u010d. HBV, HCV, HIV), \u00fa\u010dinn\u00fd proti Herpes simplex viru typu 1 a rotaviru.<\/p>\n<\/p>\n<p>Oblasti pou\u017eit\u00ed<\/p>\n<\/p>\n<p>Bezbarv\u00fd alkoholov\u00fd dezinfek\u010dn\u00ed prost\u0159edek na k\u016f\u017ei k ambulantn\u00edmu pou\u017eit\u00ed p\u0159ed injekcemi, zaveden\u00edm kanyly, krevn\u00edmi odb\u011bry, punkcemi, katetrizacemi a mal\u00fdmi l\u00e9ka\u0159sk\u00fdmi z\u00e1kroky. Pro o\u0161et\u0159en\u00ed ekzematick\u00fdch infekc\u00ed bakteri\u00e1ln\u00edho a mykotick\u00e9ho p\u016fvodu. Mo\u017eno pou\u017e\u00edt tak\u00e9 pro p\u0159ed- a poopera\u010dn\u00ed dezinfekci.<\/p>\n<\/p>\n<p>N\u00e1vod k pou\u017eit\u00ed a d\u00e1vkov\u00e1n\u00ed<\/p>\n<\/p>\n<p>Partie ur\u010den\u00e9 k dezinfekci pot\u0159\u00edt nebo post\u0159\u00edkat p\u0159\u00edpravkem a nechat p\u016fsobit. Pro p\u0159edopera\u010dn\u00ed o\u0161et\u0159en\u00ed poko\u017eky \u0159\u00e1dn\u011b nat\u00edrat tamp\u00f3nem namo\u010den\u00fdm v Cutasept\u00e2 F a nechat p\u016fsobit. Po celou dobu aplikace je nutn\u00e9 poko\u017eku udr\u017eovat vlhkou.<\/p>\n<\/p>\n<p>Poko\u017eka s mal\u00fdm mno\u017estv\u00edm tukov\u00fdch \u017el\u00e1z<\/p>\n<\/p>\n<p>p\u0159ed punkcemi a injekcemi &#8211; min 15 s<\/p>\n<p>p\u0159ed punkcemi kloub\u016f, lumb\u00e1ln\u00edmi punkcemi, chirurgick\u00fdmi z\u00e1kroky &#8211; min 1 min<\/p>\n<p>&nbsp;<\/p>\n<\/p>\n<p>Poko\u017eka s velk\u00fdm mno\u017estv\u00edm tukov\u00fdch \u017el\u00e1z &#8211; minim\u00e1ln\u011b 10 min.<\/p>\n<\/p>\n<p>Bakterie MRSA\/EHEC 1 min.<\/p>\n<p>&nbsp;<\/p>\n<\/p>\n<p>Viry<\/p>\n<\/p>\n<p>Zaobalen\u00e9 viry (v\u010d. HBV, HIV, HCV) 30s<\/p>\n<p>Rotavirus 30s<\/p>\n<p>Herpes simplex virus typ 1 30s<\/p>\n<p>&nbsp;<\/p>\n<\/p>\n<p>Zvl\u00e1\u0161tn\u00ed pokyny<\/p>\n<\/p>\n<p>Elektrick\u00e9 p\u0159\u00edstroje pou\u017e\u00edvat a\u017e po \u00fapln\u00e9m zaschnut\u00ed. Nepou\u017e\u00edvat pod transfuzn\u00ed man\u017eety.<\/p>\n<\/p>\n<p>Chemick\u00e9, fyzik\u00e1ln\u00ed a toxikologick\u00e9 \u00fadaje.<\/p>\n<\/p>\n<p>vzhled bezbarv\u00e1 tekutina<\/p>\n<p>v\u016fn\u011b alkoholov\u00e1<\/p>\n<p>refrakce nD20 cca 1,37<\/p>\n<p>hustota (200C) 0,88 g\/cm3<\/p>\n<p>pH-faktor cca 8,5<\/p>\n<p>bod vzplanut\u00ed 210C<\/p>\n<p>&nbsp;<\/p>\n<\/p>\n<p>Doba pou\u017eitelnosti<\/p>\n<\/p>\n<p>Origin\u00e1ln\u011b uzav\u0159en\u00e9 60 m\u011bs\u00edc\u016f<\/p>\n<\/p>\n<p>Po otev\u0159en\u00ed 12 m\u011bs\u00edc\u016f<\/p>\n","protected":false},"excerpt":{"rendered":"<p>Bezbarv\u00fd dezinfek\u010dn\u00ed p\u0159\u00edpravek na k\u016f\u017ei s komplexn\u00edm \u00fa\u010dinkem Vlastnosti p\u0159\u00edpravku Cutasept F je alkoholov\u00fd p\u0159\u00edpravek na dezinfekci k\u016f\u017ee s odma\u0161\u0165ovac\u00edm, \u010dist\u00edc\u00edm a rezidu\u00e1ln\u00edm \u00fa\u010dinkem. m\u00e1 optim\u00e1ln\u00ed mikrobicidn\u00ed \u00fa\u010dinek, a to i proti kmen\u016fm resistentn\u00edm na antibiotika, mykobakteri\u00edm a lipofiln\u00edm vir\u016fm, HBV, HIV rotavir\u016fm a herpes simplex typu 1 p\u016fsob\u00ed rychle a vykazuje dobr\u00e9 rezidu\u00e1ln\u00ed \u00fa\u010dinky [&hellip;]<\/p>\n","protected":false},"featured_media":0,"comment_status":"open","ping_status":"open","template":"","meta":[],"pwb-brand":[],"product_brand":[],"product_cat":[167],"product_tag":[],"berocket_brand":[],"class_list":{"0":"post-9124","1":"product","2":"type-product","3":"status-publish","5":"product_cat-baze-a-topy-pro-manikuru-pedikuru","7":"first","8":"outofstock","9":"taxable","10":"shipping-taxable","11":"purchasable","12":"product-type-simple"},"acf":[],"brands":[],"_links":{"self":[{"href":"https:\/\/mikeladzenailstore.com\/en\/wp-json\/wp\/v2\/product\/9124","targetHints":{"allow":["GET"]}}],"collection":[{"href":"https:\/\/mikeladzenailstore.com\/en\/wp-json\/wp\/v2\/product"}],"about":[{"href":"https:\/\/mikeladzenailstore.com\/en\/wp-json\/wp\/v2\/types\/product"}],"replies":[{"embeddable":true,"href":"https:\/\/mikeladzenailstore.com\/en\/wp-json\/wp\/v2\/comments?post=9124"}],"version-history":[{"count":0,"href":"https:\/\/mikeladzenailstore.com\/en\/wp-json\/wp\/v2\/product\/9124\/revisions"}],"wp:attachment":[{"href":"https:\/\/mikeladzenailstore.com\/en\/wp-json\/wp\/v2\/media?parent=9124"}],"wp:term":[{"taxonomy":"pwb-brand","embeddable":true,"href":"https:\/\/mikeladzenailstore.com\/en\/wp-json\/wp\/v2\/pwb-brand?post=9124"},{"taxonomy":"product_brand","embeddable":true,"href":"https:\/\/mikeladzenailstore.com\/en\/wp-json\/wp\/v2\/product_brand?post=9124"},{"taxonomy":"product_cat","embeddable":true,"href":"https:\/\/mikeladzenailstore.com\/en\/wp-json\/wp\/v2\/product_cat?post=9124"},{"taxonomy":"product_tag","embeddable":true,"href":"https:\/\/mikeladzenailstore.com\/en\/wp-json\/wp\/v2\/product_tag?post=9124"},{"taxonomy":"berocket_brand","embeddable":true,"href":"https:\/\/mikeladzenailstore.com\/en\/wp-json\/wp\/v2\/berocket_brand?post=9124"}],"curies":[{"name":"wp","href":"https:\/\/api.w.org\/{rel}","templated":true}]}}