{"id":9127,"date":"2025-11-15T12:05:40","date_gmt":"2025-11-15T12:05:40","guid":{"rendered":"https:\/\/mikeladzenailstore.com\/p\/desprej-new-500ml-s-rozprasovacem\/"},"modified":"2025-11-15T12:05:40","modified_gmt":"2025-11-15T12:05:40","slug":"desprej-new-500ml-s-rozprasovacem","status":"publish","type":"product","link":"https:\/\/mikeladzenailstore.com\/en\/p\/desprej-new-500ml-s-rozprasovacem\/","title":{"rendered":"DESPREJ NEW 500ML S ROZPRA\u0160OVA\u010cEM"},"content":{"rendered":"<p>P\u0159\u00edpravek pro rychlou dezinfekci post\u0159ikem <\/p>\n<\/p>\n<p>Tekut\u00fd dezinfek\u010dn\u00ed p\u0159\u00edpravek na b\u00e1zi kombinovan\u00e9ho \u00fa\u010dinku alkohol\u016f a KAS, vhodn\u00fd k rychl\u00e9 dezinfekci mal\u00fdch ploch a povrch\u016f.<\/p>\n<\/p>\n<p>Okam\u017eit\u011b k pou\u017eit\u00ed<\/p>\n<p>Zaru\u010duje rychl\u00fd dezinfek\u010dn\u00ed efekt<\/p>\n<p>Vhodn\u00fd k dezinfekci \u0161patn\u011b dostupn\u00fdch m\u00edst<\/p>\n<p>Dobr\u00e1 materi\u00e1lov\u00e1 sn\u00e1\u0161enlivost<\/p>\n<p>Kompatibiln\u00ed s ut\u011brkami wettask a sch\u00fclke wipes<\/p>\n<p>&nbsp;<\/p>\n<\/p>\n<p>Oblast pou\u017eit\u00ed:<\/p>\n<\/p>\n<p>desprej\u00ae new je vhodn\u00fd k rychl\u00e9 dezinfekci mal\u00fdch ploch a povrch\u016f ve zdravotnick\u00fdch za\u0159\u00edzen\u00edch, kosmetick\u00fdch, pedik\u00e9rsk\u00fdch a tatoo salonech, fitness a wellness centrech (stoly, stolky, voz\u00edky, kliky, dve\u0159e, pom\u016fcky apod.). Obzvl\u00e1\u0161t\u011b vhodn\u00e9 pro oblasti se zv\u00fd\u0161en\u00fdm infek\u010dn\u00edm rizikem. P\u0159\u00edpravek je vhodn\u00fd v\u0161ude tam, kde je pot\u0159eba rychle a z\u00e1rove\u0148 \u00fa\u010dinn\u011b dezinfikovat, jako nap\u0159.:<\/p>\n<\/p>\n<p>Povrchy v bl\u00edzkosti pacient\u016f<\/p>\n<p>Kontaktn\u00ed plochy<\/p>\n<p>Vy\u0161et\u0159ovny<\/p>\n<p>Opera\u010dn\u00ed stoly a okoln\u00ed povrchy<\/p>\n<p>J\u00eddeln\u00ed stoly a pracovn\u00ed plochy<\/p>\n<p>&nbsp;<\/p>\n<\/p>\n<p>N\u00e1vod na pou\u017eit\u00ed:<\/p>\n<p>desprej\u00ae new se ne\u0159ed\u00ed a aplikuje se koncentrovan\u00fd pomoc\u00ed post\u0159iku, p\u0159\u00edpadn\u011b ot\u011bru. Dbejte na rovnom\u011brn\u00e9 nanesen\u00ed p\u0159\u00edpravku (rozet\u0159\u00edt ut\u011brkou) a nechejte jej p\u016fsobit po dobu expozice, p\u0159ebyte\u010dn\u00e9 mno\u017estv\u00ed tekutiny ot\u0159ete po uplynut\u00ed doby expozice jednor\u00e1zovou ut\u011brkou. Nevhodn\u00fd na materi\u00e1ly citliv\u00e9 na alkohol (plexisklo, akryl\u00e1ty, leskl\u00e9 plasty).<\/p>\n","protected":false},"excerpt":{"rendered":"<p>P\u0159\u00edpravek pro rychlou dezinfekci post\u0159ikem Tekut\u00fd dezinfek\u010dn\u00ed p\u0159\u00edpravek na b\u00e1zi kombinovan\u00e9ho \u00fa\u010dinku alkohol\u016f a KAS, vhodn\u00fd k rychl\u00e9 dezinfekci mal\u00fdch ploch a povrch\u016f. Okam\u017eit\u011b k pou\u017eit\u00ed Zaru\u010duje rychl\u00fd dezinfek\u010dn\u00ed efekt Vhodn\u00fd k dezinfekci \u0161patn\u011b dostupn\u00fdch m\u00edst Dobr\u00e1 materi\u00e1lov\u00e1 sn\u00e1\u0161enlivost Kompatibiln\u00ed s ut\u011brkami wettask a sch\u00fclke wipes &nbsp; Oblast pou\u017eit\u00ed: desprej\u00ae new je vhodn\u00fd k rychl\u00e9 [&hellip;]<\/p>\n","protected":false},"featured_media":0,"comment_status":"open","ping_status":"open","template":"","meta":[],"pwb-brand":[],"product_brand":[],"product_cat":[167],"product_tag":[],"berocket_brand":[],"class_list":{"0":"post-9127","1":"product","2":"type-product","3":"status-publish","5":"product_cat-baze-a-topy-pro-manikuru-pedikuru","7":"first","8":"outofstock","9":"taxable","10":"shipping-taxable","11":"purchasable","12":"product-type-simple"},"acf":[],"brands":[],"_links":{"self":[{"href":"https:\/\/mikeladzenailstore.com\/en\/wp-json\/wp\/v2\/product\/9127","targetHints":{"allow":["GET"]}}],"collection":[{"href":"https:\/\/mikeladzenailstore.com\/en\/wp-json\/wp\/v2\/product"}],"about":[{"href":"https:\/\/mikeladzenailstore.com\/en\/wp-json\/wp\/v2\/types\/product"}],"replies":[{"embeddable":true,"href":"https:\/\/mikeladzenailstore.com\/en\/wp-json\/wp\/v2\/comments?post=9127"}],"version-history":[{"count":0,"href":"https:\/\/mikeladzenailstore.com\/en\/wp-json\/wp\/v2\/product\/9127\/revisions"}],"wp:attachment":[{"href":"https:\/\/mikeladzenailstore.com\/en\/wp-json\/wp\/v2\/media?parent=9127"}],"wp:term":[{"taxonomy":"pwb-brand","embeddable":true,"href":"https:\/\/mikeladzenailstore.com\/en\/wp-json\/wp\/v2\/pwb-brand?post=9127"},{"taxonomy":"product_brand","embeddable":true,"href":"https:\/\/mikeladzenailstore.com\/en\/wp-json\/wp\/v2\/product_brand?post=9127"},{"taxonomy":"product_cat","embeddable":true,"href":"https:\/\/mikeladzenailstore.com\/en\/wp-json\/wp\/v2\/product_cat?post=9127"},{"taxonomy":"product_tag","embeddable":true,"href":"https:\/\/mikeladzenailstore.com\/en\/wp-json\/wp\/v2\/product_tag?post=9127"},{"taxonomy":"berocket_brand","embeddable":true,"href":"https:\/\/mikeladzenailstore.com\/en\/wp-json\/wp\/v2\/berocket_brand?post=9127"}],"curies":[{"name":"wp","href":"https:\/\/api.w.org\/{rel}","templated":true}]}}