{"id":9130,"date":"2025-11-15T12:05:29","date_gmt":"2025-11-15T12:05:29","guid":{"rendered":"https:\/\/mikeladzenailstore.com\/p\/acrygel-pink-trendy-nails-30-ml\/"},"modified":"2026-02-17T18:12:36","modified_gmt":"2026-02-17T18:12:36","slug":"acrygel-pink-trendy-nails-30-ml","status":"publish","type":"product","link":"https:\/\/mikeladzenailstore.com\/en\/p\/acrygel-pink-trendy-nails-30-ml\/","title":{"rendered":"Acrygel \u201cPink\u201d Trendy nails 30 ml"},"content":{"rendered":"<p>AcryGel Trendy Nails jsou exkluzivn\u00ed vysoce kvalitn\u00ed akrylgely vyvinut\u00e9 nejlep\u0161\u00edmi evropsk\u00fdmi technology.<\/p>\n<p>Vlastnosti AcryGel:<\/p>\n<p>&#8211; absolutn\u011b bezzrnn\u00e1 a plastick\u00e1 struktura,<\/p>\n<p>&#8211; p\u0159\u00edjemn\u00e1 konzistence,<\/p>\n<p>&#8211; snadn\u00e9 b\u011bhem procesu pilov\u00e1n\u00ed,<\/p>\n<p>&#8211; perfektn\u00ed fixace klenby,<\/p>\n<p>&#8211; vysok\u00e1 pevnost po polymeraci,<\/p>\n<p>&#8211; dlouh\u00e1 doba no\u0161en\u00ed<\/p>\n<p>Doba polymerace: v LED lamp\u011b -60 s, v UV lamp\u011b -120 s.<\/p>\n<p>T\u011bsn\u011bn\u00ed oblouku po dobu 20 sekund<\/p>\n","protected":false},"excerpt":{"rendered":"<p>AcryGel Trendy Nails jsou exkluzivn\u00ed vysoce kvalitn\u00ed akrylgely vyvinut\u00e9 nejlep\u0161\u00edmi evropsk\u00fdmi technology. Vlastnosti AcryGel: &#8211; absolutn\u011b bezzrnn\u00e1 a plastick\u00e1 struktura, &#8211; p\u0159\u00edjemn\u00e1 konzistence, &#8211; snadn\u00e9 b\u011bhem procesu pilov\u00e1n\u00ed, &#8211; perfektn\u00ed fixace klenby, &#8211; vysok\u00e1 pevnost po polymeraci, &#8211; dlouh\u00e1 doba no\u0161en\u00ed Doba polymerace: v LED lamp\u011b -60 s, v UV lamp\u011b -120 s. T\u011bsn\u011bn\u00ed oblouku [&hellip;]<\/p>\n","protected":false},"featured_media":6416,"comment_status":"open","ping_status":"closed","template":"","meta":[],"pwb-brand":[],"product_brand":[],"product_cat":[614],"product_tag":[],"berocket_brand":[419],"class_list":{"0":"post-9130","1":"product","2":"type-product","3":"status-publish","4":"has-post-thumbnail","6":"product_cat-acrygel-trendy-nails","7":"berocket_brand-trendy-nails","9":"first","10":"instock","11":"taxable","12":"shipping-taxable","13":"purchasable","14":"product-type-simple"},"acf":[],"brands":[],"_links":{"self":[{"href":"https:\/\/mikeladzenailstore.com\/en\/wp-json\/wp\/v2\/product\/9130","targetHints":{"allow":["GET"]}}],"collection":[{"href":"https:\/\/mikeladzenailstore.com\/en\/wp-json\/wp\/v2\/product"}],"about":[{"href":"https:\/\/mikeladzenailstore.com\/en\/wp-json\/wp\/v2\/types\/product"}],"replies":[{"embeddable":true,"href":"https:\/\/mikeladzenailstore.com\/en\/wp-json\/wp\/v2\/comments?post=9130"}],"version-history":[{"count":0,"href":"https:\/\/mikeladzenailstore.com\/en\/wp-json\/wp\/v2\/product\/9130\/revisions"}],"wp:featuredmedia":[{"embeddable":true,"href":"https:\/\/mikeladzenailstore.com\/en\/wp-json\/wp\/v2\/media\/6416"}],"wp:attachment":[{"href":"https:\/\/mikeladzenailstore.com\/en\/wp-json\/wp\/v2\/media?parent=9130"}],"wp:term":[{"taxonomy":"pwb-brand","embeddable":true,"href":"https:\/\/mikeladzenailstore.com\/en\/wp-json\/wp\/v2\/pwb-brand?post=9130"},{"taxonomy":"product_brand","embeddable":true,"href":"https:\/\/mikeladzenailstore.com\/en\/wp-json\/wp\/v2\/product_brand?post=9130"},{"taxonomy":"product_cat","embeddable":true,"href":"https:\/\/mikeladzenailstore.com\/en\/wp-json\/wp\/v2\/product_cat?post=9130"},{"taxonomy":"product_tag","embeddable":true,"href":"https:\/\/mikeladzenailstore.com\/en\/wp-json\/wp\/v2\/product_tag?post=9130"},{"taxonomy":"berocket_brand","embeddable":true,"href":"https:\/\/mikeladzenailstore.com\/en\/wp-json\/wp\/v2\/berocket_brand?post=9130"}],"curies":[{"name":"wp","href":"https:\/\/api.w.org\/{rel}","templated":true}]}}