{"id":9157,"date":"2025-11-15T12:05:20","date_gmt":"2025-11-15T12:05:20","guid":{"rendered":"https:\/\/mikeladzenailstore.com\/p\/dream-base-sofia-trendy-nails-15-ml\/"},"modified":"2026-02-23T12:28:31","modified_gmt":"2026-02-23T12:28:31","slug":"dream-base-sofia-trendy-nails-15-ml","status":"publish","type":"product","link":"https:\/\/mikeladzenailstore.com\/en\/p\/dream-base-sofia-trendy-nails-15-ml\/","title":{"rendered":"Dream base SOFIA Trendy nails"},"content":{"rendered":"<p data-start=\"0\" data-end=\"60\">Inovativn\u00ed samovyrovn\u00e1vac\u00ed b\u00e1ze pro zpevn\u011bn\u00ed bez pilov\u00e1n\u00ed.<\/p>\n<p data-start=\"62\" data-end=\"227\"><strong data-start=\"62\" data-end=\"82\">Dream Base Sofia<\/strong> m\u00e1 pastelov\u011b r\u016f\u017eov\u00fd odst\u00edn. D\u00edky kr\u00e9mov\u00e9, samovyrovn\u00e1vac\u00ed textu\u0159e byla vyvinuta tak, aby se aplikovala maxim\u00e1ln\u011b snadno a bez nutnosti pilov\u00e1n\u00ed.<\/p>\n<p data-start=\"229\" data-end=\"540\"><strong data-start=\"229\" data-end=\"251\">Hlavn\u00ed vlastnosti:<\/strong><br data-start=\"251\" data-end=\"254\" \/>\u2022 Univerz\u00e1ln\u00ed b\u00e1ze: ide\u00e1ln\u00ed pro zpevn\u011bn\u00ed p\u0159\u00edrodn\u00edch neht\u016f, pro prodlou\u017een\u00ed se strukturou nebo jako podklad pro v\u0161echny syst\u00e9my model\u00e1\u017ee.<br data-start=\"390\" data-end=\"393\" \/>\u2022 Elastick\u00e1 a odoln\u00e1, zaji\u0161\u0165uje vynikaj\u00edc\u00ed p\u0159ilnavost i na problematick\u00fdch nehtech.<br data-start=\"476\" data-end=\"479\" \/>\u2022 Lahvi\u010dka 15 ml s praktick\u00fdm \u0161t\u011bte\u010dkem pro p\u0159esnou aplikaci.<\/p>\n<p data-start=\"542\" data-end=\"879\" data-is-last-node=\"\" data-is-only-node=\"\"><strong data-start=\"542\" data-end=\"560\">Hlavn\u00ed v\u00fdhody:<\/strong><br data-start=\"560\" data-end=\"563\" \/>\u2022 V\u00fddr\u017e v\u00edce ne\u017e 4 t\u00fddny bez zved\u00e1n\u00ed.<br data-start=\"600\" data-end=\"603\" \/>\u2022 Nevytv\u00e1\u0159\u00ed pocit p\u00e1len\u00ed b\u011bhem polymerizace.<br data-start=\"647\" data-end=\"650\" \/>\u2022 Stabiln\u00ed a flexibiln\u00ed, vhodn\u00e1 pro v\u0161echny typy neht\u016f.<br data-start=\"705\" data-end=\"708\" \/>\u2022 Samovyrovn\u00e1vac\u00ed, bez nutnosti pilov\u00e1n\u00ed.<br data-start=\"749\" data-end=\"752\" \/>\u2022 Bez primeru: nevy\u017eaduje pou\u017eit\u00ed primeru a neobsahuje kyseliny.<br data-start=\"816\" data-end=\"819\" \/>\u2022 Snadno odstraniteln\u00e1 pomoc\u00ed Removeru, fr\u00e9zky nebo piln\u00edku.<\/p>\n","protected":false},"excerpt":{"rendered":"<p>Inovativn\u00ed samovyrovn\u00e1vac\u00ed b\u00e1ze pro zpevn\u011bn\u00ed bez pilov\u00e1n\u00ed. Dream Base Sofia m\u00e1 pastelov\u011b r\u016f\u017eov\u00fd odst\u00edn. D\u00edky kr\u00e9mov\u00e9, samovyrovn\u00e1vac\u00ed textu\u0159e byla vyvinuta tak, aby se aplikovala maxim\u00e1ln\u011b snadno a bez nutnosti pilov\u00e1n\u00ed. Hlavn\u00ed vlastnosti:\u2022 Univerz\u00e1ln\u00ed b\u00e1ze: ide\u00e1ln\u00ed pro zpevn\u011bn\u00ed p\u0159\u00edrodn\u00edch neht\u016f, pro prodlou\u017een\u00ed se strukturou nebo jako podklad pro v\u0161echny syst\u00e9my model\u00e1\u017ee.\u2022 Elastick\u00e1 a odoln\u00e1, zaji\u0161\u0165uje vynikaj\u00edc\u00ed [&hellip;]<\/p>\n","protected":false},"featured_media":4812,"comment_status":"open","ping_status":"closed","template":"","meta":[],"pwb-brand":[],"product_brand":[],"product_cat":[712],"product_tag":[],"berocket_brand":[419],"class_list":{"0":"post-9157","1":"product","2":"type-product","3":"status-publish","4":"has-post-thumbnail","6":"product_cat-cover-base-trendy-nails","7":"berocket_brand-trendy-nails","9":"first","10":"outofstock","11":"taxable","12":"shipping-taxable","13":"purchasable","14":"product-type-simple"},"acf":[],"brands":[],"_links":{"self":[{"href":"https:\/\/mikeladzenailstore.com\/en\/wp-json\/wp\/v2\/product\/9157","targetHints":{"allow":["GET"]}}],"collection":[{"href":"https:\/\/mikeladzenailstore.com\/en\/wp-json\/wp\/v2\/product"}],"about":[{"href":"https:\/\/mikeladzenailstore.com\/en\/wp-json\/wp\/v2\/types\/product"}],"replies":[{"embeddable":true,"href":"https:\/\/mikeladzenailstore.com\/en\/wp-json\/wp\/v2\/comments?post=9157"}],"version-history":[{"count":0,"href":"https:\/\/mikeladzenailstore.com\/en\/wp-json\/wp\/v2\/product\/9157\/revisions"}],"wp:featuredmedia":[{"embeddable":true,"href":"https:\/\/mikeladzenailstore.com\/en\/wp-json\/wp\/v2\/media\/4812"}],"wp:attachment":[{"href":"https:\/\/mikeladzenailstore.com\/en\/wp-json\/wp\/v2\/media?parent=9157"}],"wp:term":[{"taxonomy":"pwb-brand","embeddable":true,"href":"https:\/\/mikeladzenailstore.com\/en\/wp-json\/wp\/v2\/pwb-brand?post=9157"},{"taxonomy":"product_brand","embeddable":true,"href":"https:\/\/mikeladzenailstore.com\/en\/wp-json\/wp\/v2\/product_brand?post=9157"},{"taxonomy":"product_cat","embeddable":true,"href":"https:\/\/mikeladzenailstore.com\/en\/wp-json\/wp\/v2\/product_cat?post=9157"},{"taxonomy":"product_tag","embeddable":true,"href":"https:\/\/mikeladzenailstore.com\/en\/wp-json\/wp\/v2\/product_tag?post=9157"},{"taxonomy":"berocket_brand","embeddable":true,"href":"https:\/\/mikeladzenailstore.com\/en\/wp-json\/wp\/v2\/berocket_brand?post=9157"}],"curies":[{"name":"wp","href":"https:\/\/api.w.org\/{rel}","templated":true}]}}