{"id":9160,"date":"2025-11-15T12:05:20","date_gmt":"2025-11-15T12:05:20","guid":{"rendered":"https:\/\/mikeladzenailstore.com\/p\/dream-base-jasmine-no-tpo-no-hema-trendy-nails-15-ml\/"},"modified":"2026-04-15T18:46:18","modified_gmt":"2026-04-15T18:46:18","slug":"dream-base-jasmine-no-tpo-no-hema-trendy-nails-15-ml","status":"publish","type":"product","link":"https:\/\/mikeladzenailstore.com\/en\/p\/dream-base-jasmine-no-tpo-no-hema-trendy-nails-15-ml\/","title":{"rendered":"Dream base JASMINE Trendy nails"},"content":{"rendered":"<div class=\"flex flex-col text-sm pb-25\">\n<article class=\"text-token-text-primary w-full focus:outline-none [--shadow-height:45px] has-data-writing-block:pointer-events-none has-data-writing-block:-mt-(--shadow-height) has-data-writing-block:pt-(--shadow-height) [&amp;:has([data-writing-block])&gt;*]:pointer-events-auto scroll-mt-[calc(var(--header-height)+min(200px,max(70px,20svh)))]\" dir=\"auto\" tabindex=\"-1\" data-turn-id=\"request-69904561-868c-832e-8554-48743448e33d-20\" data-testid=\"conversation-turn-56\" data-scroll-anchor=\"true\" data-turn=\"assistant\">\n<div class=\"text-base my-auto mx-auto pb-10 [--thread-content-margin:--spacing(4)] @w-sm\/main:[--thread-content-margin:--spacing(6)] @w-lg\/main:[--thread-content-margin:--spacing(16)] px-(--thread-content-margin)\">\n<div class=\"[--thread-content-max-width:40rem] @w-lg\/main:[--thread-content-max-width:48rem] mx-auto max-w-(--thread-content-max-width) flex-1 group\/turn-messages focus-visible:outline-hidden relative flex w-full min-w-0 flex-col agent-turn\" tabindex=\"-1\">\n<div class=\"flex max-w-full flex-col grow\">\n<div class=\"min-h-8 text-message relative flex w-full flex-col items-end gap-2 text-start break-words whitespace-normal [.text-message+&amp;]:mt-1\" dir=\"auto\" data-message-author-role=\"assistant\" data-message-id=\"cd29deeb-8a15-4188-b7ba-e5cd5edde4b5\" data-message-model-slug=\"gpt-5-mini\">\n<div class=\"flex w-full flex-col gap-1 empty:hidden first:pt-[1px]\">\n<div class=\"markdown prose dark:prose-invert w-full wrap-break-word light markdown-new-styling\">\n<p data-start=\"0\" data-end=\"59\">Inovativn\u00ed samovyrovn\u00e1vac\u00ed b\u00e1ze pro zpevn\u011bn\u00ed bez pilov\u00e1n\u00ed<\/p>\n<p data-start=\"61\" data-end=\"234\"><strong data-start=\"61\" data-end=\"83\">Dream Base Jasmine<\/strong> m\u00e1 odst\u00edn ml\u00e9\u010dn\u011b b\u00edl\u00e9 barvy, ide\u00e1ln\u00ed pro v\u0161echny t\u00f3ny pleti. D\u00edky kr\u00e9mov\u00e9, samovyrovn\u00e1vac\u00ed textu\u0159e je aplikace maxim\u00e1ln\u011b snadn\u00e1 a nevy\u017eaduje pilov\u00e1n\u00ed.<\/p>\n<p data-start=\"236\" data-end=\"588\"><strong data-start=\"236\" data-end=\"258\">Hlavn\u00ed vlastnosti:<\/strong><br data-start=\"258\" data-end=\"261\" \/>\u2022 Univerz\u00e1ln\u00ed b\u00e1ze: ide\u00e1ln\u00ed pro zpevn\u011bn\u00ed p\u0159\u00edrodn\u00edch neht\u016f, prodlou\u017een\u00ed se strukturou nebo jako podklad pro v\u0161echny syst\u00e9my model\u00e1\u017ee.<br data-start=\"393\" data-end=\"396\" \/>\u2022 Elastick\u00e1 a odoln\u00e1, zaji\u0161\u0165uje v\u00fdbornou p\u0159ilnavost i na problematick\u00fdch nehtech.<br data-start=\"477\" data-end=\"480\" \/>\u2022 Dostupn\u00e1 v lahvi\u010dce 15 ml s praktick\u00fdm \u0161t\u011bte\u010dkem pro p\u0159esnou aplikaci nebo v kel\u00edmku 30 ml bez \u0161t\u011bte\u010dku.<\/p>\n<p data-start=\"590\" data-end=\"923\" data-is-last-node=\"\" data-is-only-node=\"\"><strong data-start=\"590\" data-end=\"608\">Hlavn\u00ed v\u00fdhody:<\/strong><br data-start=\"608\" data-end=\"611\" \/>\u2022 V\u00fddr\u017e v\u00edce ne\u017e 4 t\u00fddny bez zved\u00e1n\u00ed.<br data-start=\"648\" data-end=\"651\" \/>\u2022 Nevytv\u00e1\u0159\u00ed pocit p\u00e1len\u00ed b\u011bhem aplikace.<br data-start=\"691\" data-end=\"694\" \/>\u2022 Stabiln\u00ed a flexibiln\u00ed, vhodn\u00e1 pro v\u0161echny typy neht\u016f.<br data-start=\"749\" data-end=\"752\" \/>\u2022 Samovyrovn\u00e1vac\u00ed, bez nutnosti pilov\u00e1n\u00ed.<br data-start=\"793\" data-end=\"796\" \/>\u2022 Bez primeru: nevy\u017eaduje pou\u017eit\u00ed primeru a neobsahuje kyseliny.<br data-start=\"860\" data-end=\"863\" \/>\u2022 Snadno odstraniteln\u00e1 pomoc\u00ed Removeru, fr\u00e9zky nebo piln\u00edku.<\/p>\n<\/div>\n<\/div>\n<\/div>\n<\/div>\n<div class=\"z-0 flex min-h-[46px] justify-start\"><\/div>\n<div class=\"mt-3 w-full empty:hidden\">\n<div class=\"text-center\"><\/div>\n<\/div>\n<\/div>\n<\/div>\n<\/article>\n<\/div>\n<div class=\"pointer-events-none h-px w-px absolute bottom-0\" aria-hidden=\"true\" data-edge=\"true\"><\/div>\n","protected":false},"excerpt":{"rendered":"<p>Inovativn\u00ed samovyrovn\u00e1vac\u00ed b\u00e1ze pro zpevn\u011bn\u00ed bez pilov\u00e1n\u00ed Dream Base Jasmine m\u00e1 odst\u00edn ml\u00e9\u010dn\u011b b\u00edl\u00e9 barvy, ide\u00e1ln\u00ed pro v\u0161echny t\u00f3ny pleti. D\u00edky kr\u00e9mov\u00e9, samovyrovn\u00e1vac\u00ed textu\u0159e je aplikace maxim\u00e1ln\u011b snadn\u00e1 a nevy\u017eaduje pilov\u00e1n\u00ed. Hlavn\u00ed vlastnosti:\u2022 Univerz\u00e1ln\u00ed b\u00e1ze: ide\u00e1ln\u00ed pro zpevn\u011bn\u00ed p\u0159\u00edrodn\u00edch neht\u016f, prodlou\u017een\u00ed se strukturou nebo jako podklad pro v\u0161echny syst\u00e9my model\u00e1\u017ee.\u2022 Elastick\u00e1 a odoln\u00e1, zaji\u0161\u0165uje v\u00fdbornou [&hellip;]<\/p>\n","protected":false},"featured_media":4813,"comment_status":"open","ping_status":"closed","template":"","meta":[],"pwb-brand":[],"product_brand":[],"product_cat":[712],"product_tag":[],"berocket_brand":[419],"class_list":{"0":"post-9160","1":"product","2":"type-product","3":"status-publish","4":"has-post-thumbnail","6":"product_cat-cover-base-trendy-nails","7":"berocket_brand-trendy-nails","9":"first","10":"instock","11":"taxable","12":"shipping-taxable","13":"purchasable","14":"product-type-variable"},"acf":[],"brands":[],"_links":{"self":[{"href":"https:\/\/mikeladzenailstore.com\/en\/wp-json\/wp\/v2\/product\/9160","targetHints":{"allow":["GET"]}}],"collection":[{"href":"https:\/\/mikeladzenailstore.com\/en\/wp-json\/wp\/v2\/product"}],"about":[{"href":"https:\/\/mikeladzenailstore.com\/en\/wp-json\/wp\/v2\/types\/product"}],"replies":[{"embeddable":true,"href":"https:\/\/mikeladzenailstore.com\/en\/wp-json\/wp\/v2\/comments?post=9160"}],"version-history":[{"count":1,"href":"https:\/\/mikeladzenailstore.com\/en\/wp-json\/wp\/v2\/product\/9160\/revisions"}],"predecessor-version":[{"id":21072,"href":"https:\/\/mikeladzenailstore.com\/en\/wp-json\/wp\/v2\/product\/9160\/revisions\/21072"}],"wp:featuredmedia":[{"embeddable":true,"href":"https:\/\/mikeladzenailstore.com\/en\/wp-json\/wp\/v2\/media\/4813"}],"wp:attachment":[{"href":"https:\/\/mikeladzenailstore.com\/en\/wp-json\/wp\/v2\/media?parent=9160"}],"wp:term":[{"taxonomy":"pwb-brand","embeddable":true,"href":"https:\/\/mikeladzenailstore.com\/en\/wp-json\/wp\/v2\/pwb-brand?post=9160"},{"taxonomy":"product_brand","embeddable":true,"href":"https:\/\/mikeladzenailstore.com\/en\/wp-json\/wp\/v2\/product_brand?post=9160"},{"taxonomy":"product_cat","embeddable":true,"href":"https:\/\/mikeladzenailstore.com\/en\/wp-json\/wp\/v2\/product_cat?post=9160"},{"taxonomy":"product_tag","embeddable":true,"href":"https:\/\/mikeladzenailstore.com\/en\/wp-json\/wp\/v2\/product_tag?post=9160"},{"taxonomy":"berocket_brand","embeddable":true,"href":"https:\/\/mikeladzenailstore.com\/en\/wp-json\/wp\/v2\/berocket_brand?post=9160"}],"curies":[{"name":"wp","href":"https:\/\/api.w.org\/{rel}","templated":true}]}}