{"id":9217,"date":"2025-11-15T12:04:59","date_gmt":"2025-11-15T12:04:59","guid":{"rendered":"https:\/\/mikeladzenailstore.com\/p\/gel-polish-071-trendy-nails-8-ml\/"},"modified":"2025-11-15T12:04:59","modified_gmt":"2025-11-15T12:04:59","slug":"gel-polish-071-trendy-nails-8-ml","status":"publish","type":"product","link":"https:\/\/mikeladzenailstore.com\/en\/p\/gel-polish-071-trendy-nails-8-ml\/","title":{"rendered":"Gel polish 071 Trendy nails 8 ml"},"content":{"rendered":"<p>Gel lak Trendy Nails \u010d. 71 &#8211; \u010dern\u00fd se st\u0159\u00edbrn\u00fdmi odlesky. P\u0159ipom\u00edn\u00e1 temnou oblohu plnou hv\u011bzd. Syt\u011b hust\u00fd gel lak, snadno a hladce se nan\u00e1\u0161\u00ed.<\/p>\n","protected":false},"excerpt":{"rendered":"<p>Gel lak Trendy Nails \u010d. 71 &#8211; \u010dern\u00fd se st\u0159\u00edbrn\u00fdmi odlesky. P\u0159ipom\u00edn\u00e1 temnou oblohu plnou hv\u011bzd. Syt\u011b hust\u00fd gel lak, snadno a hladce se nan\u00e1\u0161\u00ed.<\/p>\n","protected":false},"featured_media":0,"comment_status":"open","ping_status":"open","template":"","meta":[],"pwb-brand":[],"product_brand":[],"product_cat":[167],"product_tag":[],"berocket_brand":[],"class_list":{"0":"post-9217","1":"product","2":"type-product","3":"status-publish","5":"product_cat-baze-a-topy-pro-manikuru-pedikuru","7":"first","8":"outofstock","9":"taxable","10":"shipping-taxable","11":"purchasable","12":"product-type-simple"},"acf":[],"brands":[],"_links":{"self":[{"href":"https:\/\/mikeladzenailstore.com\/en\/wp-json\/wp\/v2\/product\/9217","targetHints":{"allow":["GET"]}}],"collection":[{"href":"https:\/\/mikeladzenailstore.com\/en\/wp-json\/wp\/v2\/product"}],"about":[{"href":"https:\/\/mikeladzenailstore.com\/en\/wp-json\/wp\/v2\/types\/product"}],"replies":[{"embeddable":true,"href":"https:\/\/mikeladzenailstore.com\/en\/wp-json\/wp\/v2\/comments?post=9217"}],"version-history":[{"count":0,"href":"https:\/\/mikeladzenailstore.com\/en\/wp-json\/wp\/v2\/product\/9217\/revisions"}],"wp:attachment":[{"href":"https:\/\/mikeladzenailstore.com\/en\/wp-json\/wp\/v2\/media?parent=9217"}],"wp:term":[{"taxonomy":"pwb-brand","embeddable":true,"href":"https:\/\/mikeladzenailstore.com\/en\/wp-json\/wp\/v2\/pwb-brand?post=9217"},{"taxonomy":"product_brand","embeddable":true,"href":"https:\/\/mikeladzenailstore.com\/en\/wp-json\/wp\/v2\/product_brand?post=9217"},{"taxonomy":"product_cat","embeddable":true,"href":"https:\/\/mikeladzenailstore.com\/en\/wp-json\/wp\/v2\/product_cat?post=9217"},{"taxonomy":"product_tag","embeddable":true,"href":"https:\/\/mikeladzenailstore.com\/en\/wp-json\/wp\/v2\/product_tag?post=9217"},{"taxonomy":"berocket_brand","embeddable":true,"href":"https:\/\/mikeladzenailstore.com\/en\/wp-json\/wp\/v2\/berocket_brand?post=9217"}],"curies":[{"name":"wp","href":"https:\/\/api.w.org\/{rel}","templated":true}]}}