{"id":9265,"date":"2025-11-15T12:02:29","date_gmt":"2025-11-15T12:02:29","guid":{"rendered":"https:\/\/mikeladzenailstore.com\/p\/remover-iq-podo-jz-nails-group\/"},"modified":"2026-03-26T19:42:17","modified_gmt":"2026-03-26T19:42:17","slug":"remover-iq-podo-jz-nails-group","status":"publish","type":"product","link":"https:\/\/mikeladzenailstore.com\/en\/p\/remover-iq-podo-jz-nails-group\/","title":{"rendered":"Remover IQ Podo JZ Nails Group"},"content":{"rendered":"<p>D\u00edky Julii Zvarych byla inovov\u00e1na receptura REMOVER LOTION a nyn\u00ed je sou\u010d\u00e1st\u00ed \u0159ady IQ PODO.<\/p>\n<p>Inovativn\u00ed slo\u017eka \u2013 Hydrolyzovan\u00fd PERLOV\u00dd PR\u00c1\u0160EK s bohat\u00fdm p\u016fsoben\u00edm a vlastnostmi nyn\u00ed \u0159e\u0161\u00ed v\u0161echny probl\u00e9my s o\u0161et\u0159en\u00edm prst\u016f p\u0159i pedik\u00fa\u0159e.<\/p>\n<p>\u2705 Remover Lotion \u2013 inovovan\u00e1 formule pro jemn\u00e9 a efektivn\u00ed odstran\u011bn\u00ed k\u016f\u017ei\u010dky na prstech u nohou a o\u0161et\u0159en\u00ed poko\u017eky p\u0159i pedik\u00fa\u0159e.<\/p>\n<p>\u2757\ufe0fProdukt byl vylep\u0161en tak, aby proces o\u0161et\u0159en\u00ed byl rychl\u00fd, poskytoval ochranu poko\u017eky a tak\u00e9 pom\u00e1hal p\u0159i pr\u00e1ci s poko\u017ekou ovlivn\u011bnou bakteriemi, nadm\u011brnou vlhkost\u00ed nebo pl\u00edsn\u011bmi nehtov\u00fdch plot\u00e9nek.<\/p>\n<p>\u2757\ufe0fProdukt je vhodn\u00fd pro poko\u017eku s komplikacemi nebo nadm\u011brn\u00fdm obsahem lipid\u016f (\u201esilikonov\u00e1 poko\u017eka\u201c). M\u00e1 optim\u00e1ln\u00ed pH pro regeneraci poko\u017eky a z\u00e1rove\u0148 rychle a efektivn\u011b odstra\u0148uje zrohovat\u011bl\u00e9 bu\u0148ky k\u016f\u017ei\u010dky.<\/p>\n<p>Hlavn\u00ed slo\u017eky a v\u00fdhody:<\/p>\n<p>\u25aa\ufe0f UREA a n\u00edzk\u00e9 procento alkalin\u016f \u2013 zaji\u0161\u0165uj\u00ed efektivn\u00ed odstran\u011bn\u00ed zrohovat\u011bl\u00e9 poko\u017eky, zabra\u0148uj\u00ed vysych\u00e1n\u00ed a vzniku prasklin.<\/p>\n<p>\u25aa\ufe0f Hydrolyzovan\u00fd PERLOV\u00dd PR\u00c1\u0160EK:<\/p>\n<p>\u2022 Bohat\u00e9 slo\u017een\u00ed: obsahuje 17 aminokyselin, mikroprvky (v\u00e1pn\u00edk, ho\u0159\u010d\u00edk, zinek, m\u011b\u010f), vitam\u00edny skupiny B, b\u00edlkoviny a polysacharidy.<\/p>\n<p>\u2022 Stimuluje tvorbu kolagenu a elastinu, vyhlazuje poko\u017eku, zvy\u0161uje jej\u00ed pru\u017enost a tonus.<\/p>\n<p>\u2022 Poskytuje poko\u017ece v\u00fd\u017eivu a hydrataci, odstra\u0148uje suchost a \u0161upinat\u011bn\u00ed.<\/p>\n<p>\u2022 Chr\u00e1n\u00ed p\u0159ed negativn\u00edmi vlivy prost\u0159ed\u00ed a voln\u00fdmi radik\u00e1ly, je vynikaj\u00edc\u00edm antioxidantem.<\/p>\n<p>\u2022 M\u00e1 vysok\u00e9 antimikrobi\u00e1ln\u00ed vlastnosti.<\/p>\n<p>\u2022 Uklid\u0148uje podr\u00e1\u017ed\u011bnou, citlivou poko\u017eku, redukuje zarudnut\u00ed a z\u00e1n\u011bty.<\/p>\n<p>\u2022 Reguluje vodn\u00ed a pH rovnov\u00e1hu.<\/p>\n<p>\u25aa\ufe0f Silanetriol \u2013 zvy\u0161uje pru\u017enost poko\u017eky a chr\u00e1n\u00ed ji p\u0159ed negativn\u00edmi vn\u011bj\u0161\u00edmi vlivy.<\/p>\n<p>\u25aa\ufe0f Bezpe\u010dn\u00e9 konzervanty (Sodium Benzoate a Phenoxyethanol) \u2013 zaji\u0161\u0165uj\u00ed dlouhou trvanlivost produktu, maj\u00ed antiseptick\u00e9 \u00fa\u010dinky, potla\u010duj\u00ed r\u016fst bakteri\u00ed, kvasinek a pl\u00edsn\u00ed.<\/p>\n<p>Pou\u017eit\u00ed:<\/p>\n<p>\u25aa\ufe0f Naneste kapku REMOVER LOTION na oblast poko\u017eky u nehtov\u00fdch val\u016f, kter\u00e1 vy\u017eaduje o\u0161et\u0159en\u00ed, a ihned za\u010dn\u011bte pracovat.<\/p>\n<p>\u25aa\ufe0f Pomoc\u00ed zatla\u010dova\u010de, \u0161pachtle nebo pomeran\u010dov\u00e9ho d\u0159\u00edvka odstra\u0148te p\u0159ebyte\u010dnou zrohovat\u011blou poko\u017eku a k\u016f\u017ei\u010dku.<\/p>\n<p>\u25aa\ufe0f Zbytky produktu a odstran\u011bn\u00e9 poko\u017eky smyjte vodou (pou\u017eijte bezvl\u00e1knovou ut\u011brku).<\/p>\n<p>Vyhn\u011bte se kontaktu s sliznicemi. Uchov\u00e1vejte mimo dosah d\u011bt\u00ed. Pouze pro profesion\u00e1ln\u00ed pou\u017eit\u00ed.<\/p>\n<p>P\u0159i nep\u0159\u00edjemn\u00fdch pocitech ihned omyjte vodou.<\/p>\n<p>Slo\u017een\u00ed:<\/p>\n<p>Ingredients (EN):<\/p>\n<p>Aqua, Glycerin, Urea, Alcaline, Hydrolyzed Pearl,<\/p>\n<p>Acrylates\/C10-30 Alkyl Acrylate Crosspolymer, Silanetriol, Phenoxyethanol, Sodium Benzoate, May Contain [+\/-] CI 77891<\/p>\n","protected":false},"excerpt":{"rendered":"<p>D\u00edky Julii Zvarych byla inovov\u00e1na receptura REMOVER LOTION a nyn\u00ed je sou\u010d\u00e1st\u00ed \u0159ady IQ PODO. Inovativn\u00ed slo\u017eka \u2013 Hydrolyzovan\u00fd PERLOV\u00dd PR\u00c1\u0160EK s bohat\u00fdm p\u016fsoben\u00edm a vlastnostmi nyn\u00ed \u0159e\u0161\u00ed v\u0161echny probl\u00e9my s o\u0161et\u0159en\u00edm prst\u016f p\u0159i pedik\u00fa\u0159e. \u2705 Remover Lotion \u2013 inovovan\u00e1 formule pro jemn\u00e9 a efektivn\u00ed odstran\u011bn\u00ed k\u016f\u017ei\u010dky na prstech u nohou a o\u0161et\u0159en\u00ed poko\u017eky p\u0159i [&hellip;]<\/p>\n","protected":false},"featured_media":4615,"comment_status":"open","ping_status":"closed","template":"","meta":[],"pwb-brand":[],"product_brand":[],"product_cat":[494,204],"product_tag":[],"berocket_brand":[556],"class_list":{"0":"post-9265","1":"product","2":"type-product","3":"status-publish","4":"has-post-thumbnail","6":"product_cat-bestseller","7":"product_cat-pedikura","8":"berocket_brand-jz-nails-group","10":"first","11":"instock","12":"taxable","13":"shipping-taxable","14":"purchasable","15":"product-type-simple"},"acf":[],"brands":[],"_links":{"self":[{"href":"https:\/\/mikeladzenailstore.com\/en\/wp-json\/wp\/v2\/product\/9265","targetHints":{"allow":["GET"]}}],"collection":[{"href":"https:\/\/mikeladzenailstore.com\/en\/wp-json\/wp\/v2\/product"}],"about":[{"href":"https:\/\/mikeladzenailstore.com\/en\/wp-json\/wp\/v2\/types\/product"}],"replies":[{"embeddable":true,"href":"https:\/\/mikeladzenailstore.com\/en\/wp-json\/wp\/v2\/comments?post=9265"}],"version-history":[{"count":0,"href":"https:\/\/mikeladzenailstore.com\/en\/wp-json\/wp\/v2\/product\/9265\/revisions"}],"wp:featuredmedia":[{"embeddable":true,"href":"https:\/\/mikeladzenailstore.com\/en\/wp-json\/wp\/v2\/media\/4615"}],"wp:attachment":[{"href":"https:\/\/mikeladzenailstore.com\/en\/wp-json\/wp\/v2\/media?parent=9265"}],"wp:term":[{"taxonomy":"pwb-brand","embeddable":true,"href":"https:\/\/mikeladzenailstore.com\/en\/wp-json\/wp\/v2\/pwb-brand?post=9265"},{"taxonomy":"product_brand","embeddable":true,"href":"https:\/\/mikeladzenailstore.com\/en\/wp-json\/wp\/v2\/product_brand?post=9265"},{"taxonomy":"product_cat","embeddable":true,"href":"https:\/\/mikeladzenailstore.com\/en\/wp-json\/wp\/v2\/product_cat?post=9265"},{"taxonomy":"product_tag","embeddable":true,"href":"https:\/\/mikeladzenailstore.com\/en\/wp-json\/wp\/v2\/product_tag?post=9265"},{"taxonomy":"berocket_brand","embeddable":true,"href":"https:\/\/mikeladzenailstore.com\/en\/wp-json\/wp\/v2\/berocket_brand?post=9265"}],"curies":[{"name":"wp","href":"https:\/\/api.w.org\/{rel}","templated":true}]}}