{"id":9313,"date":"2025-11-15T12:02:07","date_gmt":"2025-11-15T12:02:07","guid":{"rendered":"https:\/\/mikeladzenailstore.com\/p\/venetian-paste-1-ruzova-3-ml\/"},"modified":"2025-11-15T12:02:07","modified_gmt":"2025-11-15T12:02:07","slug":"venetian-paste-1-ruzova-3-ml","status":"publish","type":"product","link":"https:\/\/mikeladzenailstore.com\/en\/p\/venetian-paste-1-ruzova-3-ml\/","title":{"rendered":"Venetian paste 1 \u201cR\u016f\u017eova\u201d 3 ml"},"content":{"rendered":"<p>Ben\u00e1tsk\u00e1 barva pro malov\u00e1n\u00ed a designy<\/p>\n<\/p>\n<p>Tato barva bez lepiv\u00e9 vrstvy je ur\u010dena k vytvo\u0159en\u00ed hlubok\u00e9ho p\u0159eru\u0161ovan\u00e9ho luxusn\u00edho efektu ben\u00e1tsk\u00e9 om\u00edtky.<\/p>\n<\/p>\n<p>Jedn\u00edm snadn\u00fdm tahem vytvo\u0159\u00edte samostatn\u00fd design.<\/p>\n<p>Nen\u00ed nutn\u00e9 p\u0159ekr\u00fdvat topem, pokud to ov\u0161em nen\u00ed v\u00e1\u0161 z\u00e1m\u011br. Polymerizace: 2 minuty!<\/p>\n<\/p>\n<p>K DISPOZICI:<\/p>\n<p>\t\u2022\tR\u016f\u017eov\u00fd F\u00e9nix 1<\/p>\n<p>\t\u2022\tLila t\u0159pyt 2<\/p>\n<p>\t\u2022\tZlat\u00fd t\u0159pyt 3<\/p><\/p>\n","protected":false},"excerpt":{"rendered":"<p>Ben\u00e1tsk\u00e1 barva pro malov\u00e1n\u00ed a designy Tato barva bez lepiv\u00e9 vrstvy je ur\u010dena k vytvo\u0159en\u00ed hlubok\u00e9ho p\u0159eru\u0161ovan\u00e9ho luxusn\u00edho efektu ben\u00e1tsk\u00e9 om\u00edtky. Jedn\u00edm snadn\u00fdm tahem vytvo\u0159\u00edte samostatn\u00fd design. Nen\u00ed nutn\u00e9 p\u0159ekr\u00fdvat topem, pokud to ov\u0161em nen\u00ed v\u00e1\u0161 z\u00e1m\u011br. Polymerizace: 2 minuty! K DISPOZICI: \u2022 R\u016f\u017eov\u00fd F\u00e9nix 1 \u2022 Lila t\u0159pyt 2 \u2022 Zlat\u00fd t\u0159pyt 3<\/p>\n","protected":false},"featured_media":4562,"comment_status":"open","ping_status":"open","template":"","meta":[],"pwb-brand":[],"product_brand":[],"product_cat":[198],"product_tag":[],"berocket_brand":[],"class_list":{"0":"post-9313","1":"product","2":"type-product","3":"status-publish","4":"has-post-thumbnail","6":"product_cat-nail-art","8":"first","9":"instock","10":"taxable","11":"shipping-taxable","12":"purchasable","13":"product-type-simple"},"acf":[],"brands":[],"_links":{"self":[{"href":"https:\/\/mikeladzenailstore.com\/en\/wp-json\/wp\/v2\/product\/9313","targetHints":{"allow":["GET"]}}],"collection":[{"href":"https:\/\/mikeladzenailstore.com\/en\/wp-json\/wp\/v2\/product"}],"about":[{"href":"https:\/\/mikeladzenailstore.com\/en\/wp-json\/wp\/v2\/types\/product"}],"replies":[{"embeddable":true,"href":"https:\/\/mikeladzenailstore.com\/en\/wp-json\/wp\/v2\/comments?post=9313"}],"version-history":[{"count":0,"href":"https:\/\/mikeladzenailstore.com\/en\/wp-json\/wp\/v2\/product\/9313\/revisions"}],"wp:featuredmedia":[{"embeddable":true,"href":"https:\/\/mikeladzenailstore.com\/en\/wp-json\/wp\/v2\/media\/4562"}],"wp:attachment":[{"href":"https:\/\/mikeladzenailstore.com\/en\/wp-json\/wp\/v2\/media?parent=9313"}],"wp:term":[{"taxonomy":"pwb-brand","embeddable":true,"href":"https:\/\/mikeladzenailstore.com\/en\/wp-json\/wp\/v2\/pwb-brand?post=9313"},{"taxonomy":"product_brand","embeddable":true,"href":"https:\/\/mikeladzenailstore.com\/en\/wp-json\/wp\/v2\/product_brand?post=9313"},{"taxonomy":"product_cat","embeddable":true,"href":"https:\/\/mikeladzenailstore.com\/en\/wp-json\/wp\/v2\/product_cat?post=9313"},{"taxonomy":"product_tag","embeddable":true,"href":"https:\/\/mikeladzenailstore.com\/en\/wp-json\/wp\/v2\/product_tag?post=9313"},{"taxonomy":"berocket_brand","embeddable":true,"href":"https:\/\/mikeladzenailstore.com\/en\/wp-json\/wp\/v2\/berocket_brand?post=9313"}],"curies":[{"name":"wp","href":"https:\/\/api.w.org\/{rel}","templated":true}]}}