{"id":9322,"date":"2025-11-15T12:02:07","date_gmt":"2025-11-15T12:02:07","guid":{"rendered":"https:\/\/mikeladzenailstore.com\/p\/top-oksamit-tpo-free-trendy-nails-15-ml\/"},"modified":"2026-02-27T10:14:21","modified_gmt":"2026-02-27T10:14:21","slug":"top-oksamit-tpo-free-trendy-nails-15-ml","status":"publish","type":"product","link":"https:\/\/mikeladzenailstore.com\/en\/p\/top-oksamit-tpo-free-trendy-nails-15-ml\/","title":{"rendered":"Top oksamit TPO free Trendy nails"},"content":{"rendered":"<p>Top Matte Oksamit \u2013 ide\u00e1ln\u00ed matn\u00fd top pro tv\u016fj nep\u0159ekonateln\u00fd manik\u00faru.<\/p>\n<p>Vytv\u00e1\u0159\u00ed velmi p\u0159\u00edjemnou na dotek texturu Soft Touch.<\/p>\n<p>\u23f1 \u010cas mezi fixac\u00ed \u2013 30 sekund,<\/p>\n<p>\u23f1 \u010cas \u00fapln\u00e9 polymerace \u2013 120 sekund.<\/p>\n","protected":false},"excerpt":{"rendered":"<p>Top Matte Oksamit \u2013 ide\u00e1ln\u00ed matn\u00fd top pro tv\u016fj nep\u0159ekonateln\u00fd manik\u00faru. Vytv\u00e1\u0159\u00ed velmi p\u0159\u00edjemnou na dotek texturu Soft Touch. \u23f1 \u010cas mezi fixac\u00ed \u2013 30 sekund, \u23f1 \u010cas \u00fapln\u00e9 polymerace \u2013 120 sekund.<\/p>\n","protected":false},"featured_media":4571,"comment_status":"open","ping_status":"closed","template":"","meta":[],"pwb-brand":[],"product_brand":[],"product_cat":[249],"product_tag":[],"berocket_brand":[419],"class_list":{"0":"post-9322","1":"product","2":"type-product","3":"status-publish","4":"has-post-thumbnail","6":"product_cat-topy-trendy-nails","7":"berocket_brand-trendy-nails","9":"first","10":"instock","11":"taxable","12":"shipping-taxable","13":"purchasable","14":"product-type-variable"},"acf":[],"brands":[],"_links":{"self":[{"href":"https:\/\/mikeladzenailstore.com\/en\/wp-json\/wp\/v2\/product\/9322","targetHints":{"allow":["GET"]}}],"collection":[{"href":"https:\/\/mikeladzenailstore.com\/en\/wp-json\/wp\/v2\/product"}],"about":[{"href":"https:\/\/mikeladzenailstore.com\/en\/wp-json\/wp\/v2\/types\/product"}],"replies":[{"embeddable":true,"href":"https:\/\/mikeladzenailstore.com\/en\/wp-json\/wp\/v2\/comments?post=9322"}],"version-history":[{"count":0,"href":"https:\/\/mikeladzenailstore.com\/en\/wp-json\/wp\/v2\/product\/9322\/revisions"}],"wp:featuredmedia":[{"embeddable":true,"href":"https:\/\/mikeladzenailstore.com\/en\/wp-json\/wp\/v2\/media\/4571"}],"wp:attachment":[{"href":"https:\/\/mikeladzenailstore.com\/en\/wp-json\/wp\/v2\/media?parent=9322"}],"wp:term":[{"taxonomy":"pwb-brand","embeddable":true,"href":"https:\/\/mikeladzenailstore.com\/en\/wp-json\/wp\/v2\/pwb-brand?post=9322"},{"taxonomy":"product_brand","embeddable":true,"href":"https:\/\/mikeladzenailstore.com\/en\/wp-json\/wp\/v2\/product_brand?post=9322"},{"taxonomy":"product_cat","embeddable":true,"href":"https:\/\/mikeladzenailstore.com\/en\/wp-json\/wp\/v2\/product_cat?post=9322"},{"taxonomy":"product_tag","embeddable":true,"href":"https:\/\/mikeladzenailstore.com\/en\/wp-json\/wp\/v2\/product_tag?post=9322"},{"taxonomy":"berocket_brand","embeddable":true,"href":"https:\/\/mikeladzenailstore.com\/en\/wp-json\/wp\/v2\/berocket_brand?post=9322"}],"curies":[{"name":"wp","href":"https:\/\/api.w.org\/{rel}","templated":true}]}}