{"id":9391,"date":"2025-11-15T12:01:39","date_gmt":"2025-11-15T12:01:39","guid":{"rendered":"https:\/\/mikeladzenailstore.com\/p\/brushes-artist-classic-jz-nails-group\/"},"modified":"2026-01-02T10:46:32","modified_gmt":"2026-01-02T10:46:32","slug":"brushes-artist-classic-jz-nails-group","status":"publish","type":"product","link":"https:\/\/mikeladzenailstore.com\/en\/p\/brushes-artist-classic-jz-nails-group\/","title":{"rendered":"Brushes ARTIST classic JZ Nails Group"},"content":{"rendered":"<p data-start=\"62\" data-end=\"255\"><strong data-start=\"62\" data-end=\"87\">Artist \u2013 liner \u0161t\u011btec<\/strong> s d\u00e9lkou <strong data-start=\"97\" data-end=\"106\">10 mm<\/strong>, vyroben\u00fd z <strong data-start=\"119\" data-end=\"158\">m\u011bkk\u00e9ho japonsk\u00e9ho nylonov\u00e9ho vlasu<\/strong>.<br data-start=\"159\" data-end=\"162\" \/>D\u00edky kvalitn\u00edmu zpracov\u00e1n\u00ed obj\u00edmky <strong data-start=\"197\" data-end=\"224\">nevy\u017eaduje zast\u0159ih\u00e1v\u00e1n\u00ed<\/strong> a zachov\u00e1v\u00e1 si perfektn\u00ed tvar.<\/p>\n<p data-start=\"257\" data-end=\"269\">Ide\u00e1ln\u00ed pro:<\/p>\n<ul data-start=\"270\" data-end=\"370\">\n<li data-start=\"270\" data-end=\"285\">\n<p data-start=\"272\" data-end=\"285\">ru\u010dn\u00ed malbu<\/p>\n<\/li>\n<li data-start=\"286\" data-end=\"311\">\n<p data-start=\"288\" data-end=\"311\">francouzskou manik\u00faru<\/p>\n<\/li>\n<li data-start=\"312\" data-end=\"332\">\n<p data-start=\"314\" data-end=\"332\">detailn\u00ed zdoben\u00ed<\/p>\n<\/li>\n<li data-start=\"333\" data-end=\"370\">\n<p data-start=\"335\" data-end=\"370\">v\u0161echny techniky nail art designu<\/p>\n<\/li>\n<\/ul>\n<p data-start=\"372\" data-end=\"442\">Vhodn\u00fd jak pro profesion\u00e1ln\u00ed pou\u017eit\u00ed, tak pro precizn\u00ed detailn\u00ed pr\u00e1ci.<\/p>\n","protected":false},"excerpt":{"rendered":"<p>Artist \u2013 liner \u0161t\u011btec s d\u00e9lkou 10 mm, vyroben\u00fd z m\u011bkk\u00e9ho japonsk\u00e9ho nylonov\u00e9ho vlasu.D\u00edky kvalitn\u00edmu zpracov\u00e1n\u00ed obj\u00edmky nevy\u017eaduje zast\u0159ih\u00e1v\u00e1n\u00ed a zachov\u00e1v\u00e1 si perfektn\u00ed tvar. Ide\u00e1ln\u00ed pro: ru\u010dn\u00ed malbu francouzskou manik\u00faru detailn\u00ed zdoben\u00ed v\u0161echny techniky nail art designu Vhodn\u00fd jak pro profesion\u00e1ln\u00ed pou\u017eit\u00ed, tak pro precizn\u00ed detailn\u00ed pr\u00e1ci.<\/p>\n","protected":false},"featured_media":4515,"comment_status":"open","ping_status":"closed","template":"","meta":[],"pwb-brand":[],"product_brand":[],"product_cat":[525],"product_tag":[],"berocket_brand":[556],"class_list":{"0":"post-9391","1":"product","2":"type-product","3":"status-publish","4":"has-post-thumbnail","6":"product_cat-nail-brushes","7":"berocket_brand-jz-nails-group","9":"first","10":"instock","11":"taxable","12":"shipping-taxable","13":"purchasable","14":"product-type-simple"},"acf":[],"brands":[],"_links":{"self":[{"href":"https:\/\/mikeladzenailstore.com\/en\/wp-json\/wp\/v2\/product\/9391","targetHints":{"allow":["GET"]}}],"collection":[{"href":"https:\/\/mikeladzenailstore.com\/en\/wp-json\/wp\/v2\/product"}],"about":[{"href":"https:\/\/mikeladzenailstore.com\/en\/wp-json\/wp\/v2\/types\/product"}],"replies":[{"embeddable":true,"href":"https:\/\/mikeladzenailstore.com\/en\/wp-json\/wp\/v2\/comments?post=9391"}],"version-history":[{"count":0,"href":"https:\/\/mikeladzenailstore.com\/en\/wp-json\/wp\/v2\/product\/9391\/revisions"}],"wp:featuredmedia":[{"embeddable":true,"href":"https:\/\/mikeladzenailstore.com\/en\/wp-json\/wp\/v2\/media\/4515"}],"wp:attachment":[{"href":"https:\/\/mikeladzenailstore.com\/en\/wp-json\/wp\/v2\/media?parent=9391"}],"wp:term":[{"taxonomy":"pwb-brand","embeddable":true,"href":"https:\/\/mikeladzenailstore.com\/en\/wp-json\/wp\/v2\/pwb-brand?post=9391"},{"taxonomy":"product_brand","embeddable":true,"href":"https:\/\/mikeladzenailstore.com\/en\/wp-json\/wp\/v2\/product_brand?post=9391"},{"taxonomy":"product_cat","embeddable":true,"href":"https:\/\/mikeladzenailstore.com\/en\/wp-json\/wp\/v2\/product_cat?post=9391"},{"taxonomy":"product_tag","embeddable":true,"href":"https:\/\/mikeladzenailstore.com\/en\/wp-json\/wp\/v2\/product_tag?post=9391"},{"taxonomy":"berocket_brand","embeddable":true,"href":"https:\/\/mikeladzenailstore.com\/en\/wp-json\/wp\/v2\/berocket_brand?post=9391"}],"curies":[{"name":"wp","href":"https:\/\/api.w.org\/{rel}","templated":true}]}}