{"id":9394,"date":"2025-11-15T12:01:39","date_gmt":"2025-11-15T12:01:39","guid":{"rendered":"https:\/\/mikeladzenailstore.com\/p\/bezvlaknove-ubrousky-500-kusu\/"},"modified":"2025-11-15T12:01:39","modified_gmt":"2025-11-15T12:01:39","slug":"bezvlaknove-ubrousky-500-kusu","status":"publish","type":"product","link":"https:\/\/mikeladzenailstore.com\/en\/p\/bezvlaknove-ubrousky-500-kusu\/","title":{"rendered":"Bezvl\u00e1knov\u00e9 ubrousky 500 kus\u016f"},"content":{"rendered":"<p>U\u017e se nikdy nevr\u00e1t\u00edte ke b\u011b\u017en\u00fdm netkan\u00fdm ubrousk\u016fm.<\/p>\n<p>Jakmile vyzkou\u0161\u00edte na\u0161e z\u00e1zra\u010dn\u00e9 ubrousky, vyhod\u00edte v\u0161echny sv\u00e9 star\u00e9. Tyto ubrousky jsou toti\u017e neuv\u011b\u0159iteln\u011b pohodln\u00e9 a spl\u0148uj\u00ed v\u0161echny po\u017eadavky i toho nejn\u00e1ro\u010dn\u011bj\u0161\u00edho profesion\u00e1la. A nejen pro manik\u00e9rky, ale i pro kosmetology, lash stylisty, brow artisty a viz\u00e1\u017eisty.<\/p>\n<\/p>\n<p>\u2022 Elastick\u00e9, natahuj\u00ed se \u2013 netrhaj\u00ed se;<\/p>\n<p>\u2022 Nezanech\u00e1vaj\u00ed \u017e\u00e1dn\u00e1 mikrovl\u00e1kna;<\/p>\n<p>\u2022 Maj\u00ed speci\u00e1ln\u00ed strukturu tkaniny, kter\u00e1 m\u00edrn\u011b absorbuje speci\u00e1ln\u00ed tekutiny a rovnom\u011brn\u011b je uvol\u0148uje;<\/p>\n<p>\u2022 Pohodln\u00e1 velikost;<\/p>\n<p>\u2022 V balen\u00ed 500 ks.<\/p>\n<\/p>\n<p>Tak\u00e9 jsou ide\u00e1ln\u00ed na \u010di\u0161t\u011bn\u00ed obrazovek telefon\u016f, po\u010d\u00edta\u010d\u016f, br\u00fdl\u00ed a dal\u0161\u00edch povrch\u016f.<\/p>\n","protected":false},"excerpt":{"rendered":"<p>U\u017e se nikdy nevr\u00e1t\u00edte ke b\u011b\u017en\u00fdm netkan\u00fdm ubrousk\u016fm. Jakmile vyzkou\u0161\u00edte na\u0161e z\u00e1zra\u010dn\u00e9 ubrousky, vyhod\u00edte v\u0161echny sv\u00e9 star\u00e9. Tyto ubrousky jsou toti\u017e neuv\u011b\u0159iteln\u011b pohodln\u00e9 a spl\u0148uj\u00ed v\u0161echny po\u017eadavky i toho nejn\u00e1ro\u010dn\u011bj\u0161\u00edho profesion\u00e1la. A nejen pro manik\u00e9rky, ale i pro kosmetology, lash stylisty, brow artisty a viz\u00e1\u017eisty. \u2022 Elastick\u00e9, natahuj\u00ed se \u2013 netrhaj\u00ed se; \u2022 Nezanech\u00e1vaj\u00ed \u017e\u00e1dn\u00e1 [&hellip;]<\/p>\n","protected":false},"featured_media":0,"comment_status":"open","ping_status":"open","template":"","meta":[],"pwb-brand":[],"product_brand":[],"product_cat":[345],"product_tag":[],"berocket_brand":[],"class_list":{"0":"post-9394","1":"product","2":"type-product","3":"status-publish","5":"product_cat-vymenny-abraziv","7":"first","8":"outofstock","9":"taxable","10":"shipping-taxable","11":"purchasable","12":"product-type-simple"},"acf":[],"brands":[],"_links":{"self":[{"href":"https:\/\/mikeladzenailstore.com\/en\/wp-json\/wp\/v2\/product\/9394","targetHints":{"allow":["GET"]}}],"collection":[{"href":"https:\/\/mikeladzenailstore.com\/en\/wp-json\/wp\/v2\/product"}],"about":[{"href":"https:\/\/mikeladzenailstore.com\/en\/wp-json\/wp\/v2\/types\/product"}],"replies":[{"embeddable":true,"href":"https:\/\/mikeladzenailstore.com\/en\/wp-json\/wp\/v2\/comments?post=9394"}],"version-history":[{"count":0,"href":"https:\/\/mikeladzenailstore.com\/en\/wp-json\/wp\/v2\/product\/9394\/revisions"}],"wp:attachment":[{"href":"https:\/\/mikeladzenailstore.com\/en\/wp-json\/wp\/v2\/media?parent=9394"}],"wp:term":[{"taxonomy":"pwb-brand","embeddable":true,"href":"https:\/\/mikeladzenailstore.com\/en\/wp-json\/wp\/v2\/pwb-brand?post=9394"},{"taxonomy":"product_brand","embeddable":true,"href":"https:\/\/mikeladzenailstore.com\/en\/wp-json\/wp\/v2\/product_brand?post=9394"},{"taxonomy":"product_cat","embeddable":true,"href":"https:\/\/mikeladzenailstore.com\/en\/wp-json\/wp\/v2\/product_cat?post=9394"},{"taxonomy":"product_tag","embeddable":true,"href":"https:\/\/mikeladzenailstore.com\/en\/wp-json\/wp\/v2\/product_tag?post=9394"},{"taxonomy":"berocket_brand","embeddable":true,"href":"https:\/\/mikeladzenailstore.com\/en\/wp-json\/wp\/v2\/berocket_brand?post=9394"}],"curies":[{"name":"wp","href":"https:\/\/api.w.org\/{rel}","templated":true}]}}