{"id":9577,"date":"2025-11-15T11:58:57","date_gmt":"2025-11-15T11:58:57","guid":{"rendered":"https:\/\/mikeladzenailstore.com\/p\/nuzky-balerina-sq-10-4\/"},"modified":"2026-01-11T11:57:13","modified_gmt":"2026-01-11T11:57:13","slug":"nuzky-balerina-sq-10-4","status":"publish","type":"product","link":"https:\/\/mikeladzenailstore.com\/en\/p\/nuzky-balerina-sq-10-4\/","title":{"rendered":"N\u016f\u017eky Baler\u00edna SQ-10\/4"},"content":{"rendered":"<div id=\"long-desc\" class=\"section x bg-wh lrs\">\n<div class=\"container max-w-xxl\">\n<div class=\"card b description-tabs bg-wh x\">\n<div class=\"tab-content card-body x b bo-t-s-0 pt-6 bg-wh pr-sm-0 pb-0 pl-sm-0\">\n<div id=\"description\" class=\"tab-pane fade max-w-xl ca-c-v active show\" role=\"tabpanel\" aria-labelledby=\"description-tab\">\n<div class=\"text text-w ta-l\">\n<p><strong>Stalex Profesion\u00e1ln\u00ed n\u016f\u017eky na k\u016f\u017ei\u010dku Pro Ballerina UNIQ 10\/4<\/strong><\/p>\n<p>Tenk\u00e9, z\u00fa\u017een\u00e9 \u010depele se zahnut\u00fdmi \u0161pi\u010dkami jsou vhodn\u00e9 i pro jemnou, pr\u016fhlednou k\u016f\u017ei\u010dku. Klasick\u00fd polom\u011br zak\u0159iven\u00ed kop\u00edruje linii k\u016f\u017ei\u010dky a v\u00fdsledkem je \u010dist\u00fd, p\u0159esn\u00fd a \u00fahledn\u00fd st\u0159ih. P\u0159i pr\u00e1ci s n\u00e1strojem se zahnut\u00fdmi hroty mistr dokonale vid\u00ed na pracovn\u00ed oblast, p\u0159i pr\u00e1ci na dutin\u00e1ch nen\u00ed t\u0159eba kart\u00e1\u010dek ot\u00e1\u010det ven a ruka se p\u0159i dlouhodob\u00e9 pr\u00e1ci neunav\u00ed. Hrany jsou z vn\u011bj\u0161\u00ed strany le\u0161t\u011bn\u00e9 a nepo\u0161kr\u00e1bou nehtovou plot\u00e9nku.<\/p>\n<p><b><strong>\u010ci\u0161t\u011bn\u00ed n\u00e1stroje<\/strong><\/b><\/p>\n<p>Profesion\u00e1ln\u00ed manik\u00farn\u00ed n\u016f\u017eky je t\u0159eba po ka\u017ed\u00e9m pou\u017eit\u00ed vy\u010distit a vydezinfikovat. V z\u00e1jmu bezpe\u010dnosti mistra i klient\u016f byste m\u011bli udr\u017eovat pracovn\u00ed st\u016fl v \u010distot\u011b, stejn\u011b jako dodr\u017eovat v\u0161echny f\u00e1ze dezinfekce a sterilizace. Krom\u011b toho by se m\u011bly pou\u017e\u00edvat rukavice a rou\u0161ky. Pod\u00edvejme se na jednotliv\u00e9 kroky zpracov\u00e1n\u00ed krok za krokem.<\/p>\n<p><b>Jak pe\u010dovat o n\u00e1stroj<\/b><\/p>\n<p>Od toho, jak n\u016f\u017eky pou\u017e\u00edv\u00e1te, \u010dist\u00edte a skladujete, z\u00e1vis\u00ed jejich trvanlivost, ostrost hran, n\u00e1chylnost ke korozi. Aby manik\u00farn\u00ed n\u00e1stroj z\u016fstal co nejd\u00e9le ostr\u00fd a provozuschopn\u00fd, je t\u0159eba se o n\u011bj \u0159\u00e1dn\u011b starat.<\/p>\n<p><b>Skladov\u00e1n\u00ed n\u00e1stroje<\/b><\/p>\n<ol>\n<li>P\u0159i prov\u00e1d\u011bn\u00ed klasick\u00e9 \u00fapravy neht\u016f a kombinovan\u00e9 manik\u00fary\/pedik\u00fary pou\u017e\u00edvejte n\u016f\u017eky v souladu s jejich ur\u010den\u00edm (pro \u00fapravu neht\u016f, resp. odstran\u011bn\u00ed k\u016f\u017ei\u010dky). Doporu\u010dujeme nepou\u017e\u00edvat n\u00e1stroj k jin\u00fdm \u00fa\u010del\u016fm, proto\u017ee \u010depele se otup\u00ed a upevn\u011bn\u00ed se uvoln\u00ed.<\/li>\n<li>Po vy\u010di\u0161t\u011bn\u00ed doporu\u010dujeme namazat spojovac\u00ed \u010d\u00e1sti, aby byl zachov\u00e1n hladk\u00fd chod, nedoch\u00e1zelo ke t\u0159en\u00ed a zadrh\u00e1v\u00e1n\u00ed. N\u011bkolik kapek oleje a n\u00e1sledn\u00e9 pohyby stla\u010dov\u00e1n\u00ed a roztahov\u00e1n\u00ed, pot\u00e9 lze n\u00e1stroj ulo\u017eit do uzav\u0159en\u00e9 n\u00e1doby. Zbytky oleje odstra\u0148te \u010dist\u00fdm had\u0159\u00edkem.<\/li>\n<li>Manik\u00farn\u00ed n\u016f\u017eky skladujte v \u010dist\u00e9m, such\u00e9m, speci\u00e1ln\u00edm pouzd\u0159e na n\u00e1stroj, krabici nebo steriln\u00edch kraftov\u00fdch s\u00e1\u010dc\u00edch, aby z\u016fstaly \u010dist\u00e9 a neztupily se dotykem hran jin\u00fdch kovov\u00fdch n\u00e1stroj\u016f a p\u0159edm\u011bt\u016f. Steriln\u00ed n\u00e1stroje lze skladovat v ultrafialov\u00e9 sk\u0159\u00edni.<\/li>\n<li>P\u0159i skladov\u00e1n\u00ed n\u016f\u017eek je ukl\u00e1dejte \u010depelemi sm\u011brem nahoru.<\/li>\n<li>\u017divotnost n\u00e1stroje je p\u0159i dodr\u017een\u00ed podm\u00ednek p\u0159epravy, skladov\u00e1n\u00ed a pou\u017e\u00edv\u00e1n\u00ed neomezen\u00e1.<\/li>\n<li>N\u016f\u017eky skladujte na such\u00e9m m\u00edst\u011b mimo dosah d\u011bt\u00ed.<\/li>\n<li>N\u00e1\u0159ad\u00ed neupus\u0165te na tvrd\u00fd povrch a nedovolte, aby p\u0159i\u0161lo do styku s korozivn\u00edmi ne\u010distotami.<\/li>\n<\/ol>\n<div class=\"pb-3\"><\/div>\n<\/div>\n<\/div>\n<\/div>\n<\/div>\n<\/div>\n<\/div>\n<div class=\"section ta-c-vc x b bg-wh anim lrs share\" role=\"group\" aria-label=\"Sd\u00edlet\">\n<div class=\"container max-w-xl mt-4 mb-4\"><\/div>\n<\/div>\n","protected":false},"excerpt":{"rendered":"<p>Stalex Profesion\u00e1ln\u00ed n\u016f\u017eky na k\u016f\u017ei\u010dku Pro Ballerina UNIQ 10\/4 Tenk\u00e9, z\u00fa\u017een\u00e9 \u010depele se zahnut\u00fdmi \u0161pi\u010dkami jsou vhodn\u00e9 i pro jemnou, pr\u016fhlednou k\u016f\u017ei\u010dku. Klasick\u00fd polom\u011br zak\u0159iven\u00ed kop\u00edruje linii k\u016f\u017ei\u010dky a v\u00fdsledkem je \u010dist\u00fd, p\u0159esn\u00fd a \u00fahledn\u00fd st\u0159ih. P\u0159i pr\u00e1ci s n\u00e1strojem se zahnut\u00fdmi hroty mistr dokonale vid\u00ed na pracovn\u00ed oblast, p\u0159i pr\u00e1ci na dutin\u00e1ch nen\u00ed t\u0159eba [&hellip;]<\/p>\n","protected":false},"featured_media":4229,"comment_status":"open","ping_status":"closed","template":"","meta":[],"pwb-brand":[],"product_brand":[],"product_cat":[683],"product_tag":[],"berocket_brand":[418],"class_list":{"0":"post-9577","1":"product","2":"type-product","3":"status-publish","4":"has-post-thumbnail","6":"product_cat-manikurni-nuzky","7":"berocket_brand-staleks","9":"first","10":"instock","11":"taxable","12":"shipping-taxable","13":"purchasable","14":"product-type-simple"},"acf":[],"brands":[],"_links":{"self":[{"href":"https:\/\/mikeladzenailstore.com\/en\/wp-json\/wp\/v2\/product\/9577","targetHints":{"allow":["GET"]}}],"collection":[{"href":"https:\/\/mikeladzenailstore.com\/en\/wp-json\/wp\/v2\/product"}],"about":[{"href":"https:\/\/mikeladzenailstore.com\/en\/wp-json\/wp\/v2\/types\/product"}],"replies":[{"embeddable":true,"href":"https:\/\/mikeladzenailstore.com\/en\/wp-json\/wp\/v2\/comments?post=9577"}],"version-history":[{"count":0,"href":"https:\/\/mikeladzenailstore.com\/en\/wp-json\/wp\/v2\/product\/9577\/revisions"}],"wp:featuredmedia":[{"embeddable":true,"href":"https:\/\/mikeladzenailstore.com\/en\/wp-json\/wp\/v2\/media\/4229"}],"wp:attachment":[{"href":"https:\/\/mikeladzenailstore.com\/en\/wp-json\/wp\/v2\/media?parent=9577"}],"wp:term":[{"taxonomy":"pwb-brand","embeddable":true,"href":"https:\/\/mikeladzenailstore.com\/en\/wp-json\/wp\/v2\/pwb-brand?post=9577"},{"taxonomy":"product_brand","embeddable":true,"href":"https:\/\/mikeladzenailstore.com\/en\/wp-json\/wp\/v2\/product_brand?post=9577"},{"taxonomy":"product_cat","embeddable":true,"href":"https:\/\/mikeladzenailstore.com\/en\/wp-json\/wp\/v2\/product_cat?post=9577"},{"taxonomy":"product_tag","embeddable":true,"href":"https:\/\/mikeladzenailstore.com\/en\/wp-json\/wp\/v2\/product_tag?post=9577"},{"taxonomy":"berocket_brand","embeddable":true,"href":"https:\/\/mikeladzenailstore.com\/en\/wp-json\/wp\/v2\/berocket_brand?post=9577"}],"curies":[{"name":"wp","href":"https:\/\/api.w.org\/{rel}","templated":true}]}}