{"id":9583,"date":"2025-11-15T11:58:57","date_gmt":"2025-11-15T11:58:57","guid":{"rendered":"https:\/\/mikeladzenailstore.com\/p\/stipky-na-kuzicku-expert-10-9\/"},"modified":"2026-01-11T17:17:54","modified_gmt":"2026-01-11T17:17:54","slug":"stipky-na-kuzicku-expert-10-9","status":"publish","type":"product","link":"https:\/\/mikeladzenailstore.com\/en\/p\/stipky-na-kuzicku-expert-10-9\/","title":{"rendered":"\u0160tipky na k\u016f\u017ei\u010dku Expert 10\/9"},"content":{"rendered":"<p><strong>Nejlep\u0161\u00ed profesion\u00e1ln\u00ed \u0161tipky STALEKS<\/strong>\u00a0z \u0159ady Expert. V\u00edce-f\u00e1zov\u00e9 ost\u0159en\u00ed \u010depelek, komfortn\u00ed rukojeti, \u0161pi\u010dkov\u00e1 povrchov\u00e1 \u00faprava a materi\u00e1l.<\/p>\n","protected":false},"excerpt":{"rendered":"<p>Nejlep\u0161\u00ed profesion\u00e1ln\u00ed \u0161tipky STALEKS\u00a0z \u0159ady Expert. V\u00edce-f\u00e1zov\u00e9 ost\u0159en\u00ed \u010depelek, komfortn\u00ed rukojeti, \u0161pi\u010dkov\u00e1 povrchov\u00e1 \u00faprava a materi\u00e1l.<\/p>\n","protected":false},"featured_media":4239,"comment_status":"open","ping_status":"closed","template":"","meta":[],"pwb-brand":[],"product_brand":[],"product_cat":[686],"product_tag":[],"berocket_brand":[],"class_list":{"0":"post-9583","1":"product","2":"type-product","3":"status-publish","4":"has-post-thumbnail","6":"product_cat-manikurni-klesticky","8":"first","9":"instock","10":"taxable","11":"shipping-taxable","12":"purchasable","13":"product-type-simple"},"acf":[],"brands":[],"_links":{"self":[{"href":"https:\/\/mikeladzenailstore.com\/en\/wp-json\/wp\/v2\/product\/9583","targetHints":{"allow":["GET"]}}],"collection":[{"href":"https:\/\/mikeladzenailstore.com\/en\/wp-json\/wp\/v2\/product"}],"about":[{"href":"https:\/\/mikeladzenailstore.com\/en\/wp-json\/wp\/v2\/types\/product"}],"replies":[{"embeddable":true,"href":"https:\/\/mikeladzenailstore.com\/en\/wp-json\/wp\/v2\/comments?post=9583"}],"version-history":[{"count":0,"href":"https:\/\/mikeladzenailstore.com\/en\/wp-json\/wp\/v2\/product\/9583\/revisions"}],"wp:featuredmedia":[{"embeddable":true,"href":"https:\/\/mikeladzenailstore.com\/en\/wp-json\/wp\/v2\/media\/4239"}],"wp:attachment":[{"href":"https:\/\/mikeladzenailstore.com\/en\/wp-json\/wp\/v2\/media?parent=9583"}],"wp:term":[{"taxonomy":"pwb-brand","embeddable":true,"href":"https:\/\/mikeladzenailstore.com\/en\/wp-json\/wp\/v2\/pwb-brand?post=9583"},{"taxonomy":"product_brand","embeddable":true,"href":"https:\/\/mikeladzenailstore.com\/en\/wp-json\/wp\/v2\/product_brand?post=9583"},{"taxonomy":"product_cat","embeddable":true,"href":"https:\/\/mikeladzenailstore.com\/en\/wp-json\/wp\/v2\/product_cat?post=9583"},{"taxonomy":"product_tag","embeddable":true,"href":"https:\/\/mikeladzenailstore.com\/en\/wp-json\/wp\/v2\/product_tag?post=9583"},{"taxonomy":"berocket_brand","embeddable":true,"href":"https:\/\/mikeladzenailstore.com\/en\/wp-json\/wp\/v2\/berocket_brand?post=9583"}],"curies":[{"name":"wp","href":"https:\/\/api.w.org\/{rel}","templated":true}]}}