{"id":9601,"date":"2025-11-15T11:58:45","date_gmt":"2025-11-15T11:58:45","guid":{"rendered":"https:\/\/mikeladzenailstore.com\/p\/nuzky-pro-manikuru-expert-50-3\/"},"modified":"2026-01-11T11:34:45","modified_gmt":"2026-01-11T11:34:45","slug":"nuzky-pro-manikuru-expert-50-3","status":"publish","type":"product","link":"https:\/\/mikeladzenailstore.com\/en\/p\/nuzky-pro-manikuru-expert-50-3\/","title":{"rendered":"N\u016f\u017eky pro manikuru Expert 50\/3"},"content":{"rendered":"<p>Profesion\u00e1ln\u00ed n\u016f\u017eky Staleks Expert SE-50-3 s klasick\u00fdm zahnut\u00edm \u010depel\u00ed a \u00fazk\u00fdm profilem pro snadn\u00fd p\u0159\u00edstup ke k\u016f\u017ei\u010dce. Ergonomick\u00fd design a hladk\u00fd chod minimalizuj\u00ed \u00fanavu p\u0159i dlouhodob\u00e9 pr\u00e1ci.<\/p>\n","protected":false},"excerpt":{"rendered":"<p>Profesion\u00e1ln\u00ed n\u016f\u017eky Staleks Expert SE-50-3 s klasick\u00fdm zahnut\u00edm \u010depel\u00ed a \u00fazk\u00fdm profilem pro snadn\u00fd p\u0159\u00edstup ke k\u016f\u017ei\u010dce. Ergonomick\u00fd design a hladk\u00fd chod minimalizuj\u00ed \u00fanavu p\u0159i dlouhodob\u00e9 pr\u00e1ci.<\/p>\n","protected":false},"featured_media":4176,"comment_status":"open","ping_status":"closed","template":"","meta":[],"pwb-brand":[],"product_brand":[],"product_cat":[683],"product_tag":[],"berocket_brand":[418],"class_list":{"0":"post-9601","1":"product","2":"type-product","3":"status-publish","4":"has-post-thumbnail","6":"product_cat-manikurni-nuzky","7":"berocket_brand-staleks","9":"first","10":"instock","11":"taxable","12":"shipping-taxable","13":"purchasable","14":"product-type-simple"},"acf":[],"brands":[],"_links":{"self":[{"href":"https:\/\/mikeladzenailstore.com\/en\/wp-json\/wp\/v2\/product\/9601","targetHints":{"allow":["GET"]}}],"collection":[{"href":"https:\/\/mikeladzenailstore.com\/en\/wp-json\/wp\/v2\/product"}],"about":[{"href":"https:\/\/mikeladzenailstore.com\/en\/wp-json\/wp\/v2\/types\/product"}],"replies":[{"embeddable":true,"href":"https:\/\/mikeladzenailstore.com\/en\/wp-json\/wp\/v2\/comments?post=9601"}],"version-history":[{"count":0,"href":"https:\/\/mikeladzenailstore.com\/en\/wp-json\/wp\/v2\/product\/9601\/revisions"}],"wp:featuredmedia":[{"embeddable":true,"href":"https:\/\/mikeladzenailstore.com\/en\/wp-json\/wp\/v2\/media\/4176"}],"wp:attachment":[{"href":"https:\/\/mikeladzenailstore.com\/en\/wp-json\/wp\/v2\/media?parent=9601"}],"wp:term":[{"taxonomy":"pwb-brand","embeddable":true,"href":"https:\/\/mikeladzenailstore.com\/en\/wp-json\/wp\/v2\/pwb-brand?post=9601"},{"taxonomy":"product_brand","embeddable":true,"href":"https:\/\/mikeladzenailstore.com\/en\/wp-json\/wp\/v2\/product_brand?post=9601"},{"taxonomy":"product_cat","embeddable":true,"href":"https:\/\/mikeladzenailstore.com\/en\/wp-json\/wp\/v2\/product_cat?post=9601"},{"taxonomy":"product_tag","embeddable":true,"href":"https:\/\/mikeladzenailstore.com\/en\/wp-json\/wp\/v2\/product_tag?post=9601"},{"taxonomy":"berocket_brand","embeddable":true,"href":"https:\/\/mikeladzenailstore.com\/en\/wp-json\/wp\/v2\/berocket_brand?post=9601"}],"curies":[{"name":"wp","href":"https:\/\/api.w.org\/{rel}","templated":true}]}}