{"id":9604,"date":"2025-11-15T11:58:45","date_gmt":"2025-11-15T11:58:45","guid":{"rendered":"https:\/\/mikeladzenailstore.com\/p\/nuzky-pro-manikuru-expert-50-2\/"},"modified":"2026-01-11T11:38:33","modified_gmt":"2026-01-11T11:38:33","slug":"nuzky-pro-manikuru-expert-50-2","status":"publish","type":"product","link":"https:\/\/mikeladzenailstore.com\/en\/p\/nuzky-pro-manikuru-expert-50-2\/","title":{"rendered":"N\u016f\u017eky pro manikuru Expert 50\/2"},"content":{"rendered":"<h3>Detailn\u00ed popis produktu<\/h3>\n<p><strong class=\"title\">KL\u00cd\u010cOV\u00c9 VLASTNOSTI:<br \/>\n<\/strong><\/p>\n<div class=\"text\">\n<div class=\"text\">\n<ul>\n<li>Snadn\u00fd p\u0159\u00edstup ke k\u016f\u017ei\u010dce d\u00edky \u00fazk\u00fdm \u010depel\u00edm.<\/li>\n<li>Klasick\u00e9 zak\u0159iven\u00ed.<\/li>\n<li>\u010cist\u00fd a p\u0159esn\u00fd st\u0159ih d\u00edky profesion\u00e1ln\u00edmu manu\u00e1ln\u00edmu ost\u0159en\u00ed \u0159ezn\u00fdch hran.<\/li>\n<li>Le\u0161t\u011bn\u00e1 zadn\u00ed strana \u010depele zabra\u0148uje poran\u011bn\u00ed neht\u016f.<\/li>\n<li>Zkr\u00e1cen\u00e9 rukojeti pro komfortn\u00ed pr\u00e1ci a lep\u0161\u00ed p\u0159ehled.<\/li>\n<li>Standardn\u00ed otvory pro prsty.<\/li>\n<li>Minim\u00e1ln\u00ed n\u00e1maha d\u00edky hladk\u00e9mu zdvihu.<\/li>\n<li>\u0160pi\u010dkov\u00e1 povrchov\u00e1 \u00faprava pro p\u0159\u00edjemn\u00fd kontakt s n\u00e1strojem.<\/li>\n<li>Nerezov\u00e1 ocel AISI 420.<\/li>\n<\/ul>\n<\/div>\n<p><a href=\"https:\/\/www.youtube.com\/watch?v=C4on9R7qeSo\" rel=\"nofollow noopener\" target=\"_blank\">https:\/\/www.youtube.com\/watch?v=C4on9R7qeSo<\/a><\/p>\n<\/div>\n","protected":false},"excerpt":{"rendered":"<p>Detailn\u00ed popis produktu KL\u00cd\u010cOV\u00c9 VLASTNOSTI: Snadn\u00fd p\u0159\u00edstup ke k\u016f\u017ei\u010dce d\u00edky \u00fazk\u00fdm \u010depel\u00edm. Klasick\u00e9 zak\u0159iven\u00ed. \u010cist\u00fd a p\u0159esn\u00fd st\u0159ih d\u00edky profesion\u00e1ln\u00edmu manu\u00e1ln\u00edmu ost\u0159en\u00ed \u0159ezn\u00fdch hran. Le\u0161t\u011bn\u00e1 zadn\u00ed strana \u010depele zabra\u0148uje poran\u011bn\u00ed neht\u016f. Zkr\u00e1cen\u00e9 rukojeti pro komfortn\u00ed pr\u00e1ci a lep\u0161\u00ed p\u0159ehled. Standardn\u00ed otvory pro prsty. Minim\u00e1ln\u00ed n\u00e1maha d\u00edky hladk\u00e9mu zdvihu. \u0160pi\u010dkov\u00e1 povrchov\u00e1 \u00faprava pro p\u0159\u00edjemn\u00fd kontakt s [&hellip;]<\/p>\n","protected":false},"featured_media":4182,"comment_status":"open","ping_status":"closed","template":"","meta":[],"pwb-brand":[],"product_brand":[],"product_cat":[683],"product_tag":[],"berocket_brand":[418],"class_list":{"0":"post-9604","1":"product","2":"type-product","3":"status-publish","4":"has-post-thumbnail","6":"product_cat-manikurni-nuzky","7":"berocket_brand-staleks","9":"first","10":"instock","11":"taxable","12":"shipping-taxable","13":"purchasable","14":"product-type-simple"},"acf":[],"brands":[],"_links":{"self":[{"href":"https:\/\/mikeladzenailstore.com\/en\/wp-json\/wp\/v2\/product\/9604","targetHints":{"allow":["GET"]}}],"collection":[{"href":"https:\/\/mikeladzenailstore.com\/en\/wp-json\/wp\/v2\/product"}],"about":[{"href":"https:\/\/mikeladzenailstore.com\/en\/wp-json\/wp\/v2\/types\/product"}],"replies":[{"embeddable":true,"href":"https:\/\/mikeladzenailstore.com\/en\/wp-json\/wp\/v2\/comments?post=9604"}],"version-history":[{"count":0,"href":"https:\/\/mikeladzenailstore.com\/en\/wp-json\/wp\/v2\/product\/9604\/revisions"}],"wp:featuredmedia":[{"embeddable":true,"href":"https:\/\/mikeladzenailstore.com\/en\/wp-json\/wp\/v2\/media\/4182"}],"wp:attachment":[{"href":"https:\/\/mikeladzenailstore.com\/en\/wp-json\/wp\/v2\/media?parent=9604"}],"wp:term":[{"taxonomy":"pwb-brand","embeddable":true,"href":"https:\/\/mikeladzenailstore.com\/en\/wp-json\/wp\/v2\/pwb-brand?post=9604"},{"taxonomy":"product_brand","embeddable":true,"href":"https:\/\/mikeladzenailstore.com\/en\/wp-json\/wp\/v2\/product_brand?post=9604"},{"taxonomy":"product_cat","embeddable":true,"href":"https:\/\/mikeladzenailstore.com\/en\/wp-json\/wp\/v2\/product_cat?post=9604"},{"taxonomy":"product_tag","embeddable":true,"href":"https:\/\/mikeladzenailstore.com\/en\/wp-json\/wp\/v2\/product_tag?post=9604"},{"taxonomy":"berocket_brand","embeddable":true,"href":"https:\/\/mikeladzenailstore.com\/en\/wp-json\/wp\/v2\/berocket_brand?post=9604"}],"curies":[{"name":"wp","href":"https:\/\/api.w.org\/{rel}","templated":true}]}}