{"id":9610,"date":"2025-11-15T11:58:45","date_gmt":"2025-11-15T11:58:45","guid":{"rendered":"https:\/\/mikeladzenailstore.com\/p\/nuzky-pro-levaky-expert-11-3\/"},"modified":"2026-01-11T11:43:01","modified_gmt":"2026-01-11T11:43:01","slug":"nuzky-pro-levaky-expert-11-3","status":"publish","type":"product","link":"https:\/\/mikeladzenailstore.com\/en\/p\/nuzky-pro-levaky-expert-11-3\/","title":{"rendered":"N\u016f\u017eky pro lev\u00e1ky Expert 11\/3"},"content":{"rendered":"<p>Profesion\u00e1ln\u00ed n\u016f\u017eky Staleks Pro Expert SE-11\/3 pro lev\u00e1ky jsou ur\u010deny ke st\u0159\u00edh\u00e1n\u00ed nehtov\u00e9 k\u016f\u017ei\u010dky. Jejich konstrukce umo\u017e\u0148uje levoruk\u00fdm u\u017eivatel\u016fm st\u0159\u00edhat pohodln\u011b a p\u0159esn\u011b. N\u016f\u017eky maj\u00ed prodlou\u017eenou rukoje\u0165 a jemn\u011b zahnut\u00e9 ost\u0159\u00ed. Jsou vyrobeny z vysoce kvalitn\u00ed nerezov\u00e9 oceli se speci\u00e1ln\u00edm antikorozn\u00edm povlakem, tak\u017ee je lze dezinfikovat a sterilizovat.<\/p>\n<div class=\"my-3\">\n<div id=\"attributes\"><\/div>\n<\/div>\n<div class=\"my-3\">\n<ul>\n<li aria-level=\"1\">z nerezov\u00e9 oceli<\/li>\n<li aria-level=\"1\">lze dezinfikovat<\/li>\n<li aria-level=\"1\">lze sterilizovat<\/li>\n<li aria-level=\"1\">d\u00e9lka \u010depele je 23 mm<\/li>\n<li aria-level=\"1\">celkov\u00e1 d\u00e9lka n\u016f\u017eek je p\u0159ibli\u017en\u011b 10,2 cm.<\/li>\n<li aria-level=\"1\">prodlou\u017een\u00e1 rukoje\u0165<\/li>\n<li aria-level=\"1\">ur\u010deno pro manik\u00faru<\/li>\n<\/ul>\n<\/div>\n","protected":false},"excerpt":{"rendered":"<p>Profesion\u00e1ln\u00ed n\u016f\u017eky Staleks Pro Expert SE-11\/3 pro lev\u00e1ky jsou ur\u010deny ke st\u0159\u00edh\u00e1n\u00ed nehtov\u00e9 k\u016f\u017ei\u010dky. Jejich konstrukce umo\u017e\u0148uje levoruk\u00fdm u\u017eivatel\u016fm st\u0159\u00edhat pohodln\u011b a p\u0159esn\u011b. N\u016f\u017eky maj\u00ed prodlou\u017eenou rukoje\u0165 a jemn\u011b zahnut\u00e9 ost\u0159\u00ed. Jsou vyrobeny z vysoce kvalitn\u00ed nerezov\u00e9 oceli se speci\u00e1ln\u00edm antikorozn\u00edm povlakem, tak\u017ee je lze dezinfikovat a sterilizovat. z nerezov\u00e9 oceli lze dezinfikovat lze sterilizovat [&hellip;]<\/p>\n","protected":false},"featured_media":4194,"comment_status":"open","ping_status":"closed","template":"","meta":[],"pwb-brand":[],"product_brand":[],"product_cat":[683],"product_tag":[],"berocket_brand":[418],"class_list":{"0":"post-9610","1":"product","2":"type-product","3":"status-publish","4":"has-post-thumbnail","6":"product_cat-manikurni-nuzky","7":"berocket_brand-staleks","9":"first","10":"instock","11":"taxable","12":"shipping-taxable","13":"purchasable","14":"product-type-simple"},"acf":[],"brands":[],"_links":{"self":[{"href":"https:\/\/mikeladzenailstore.com\/en\/wp-json\/wp\/v2\/product\/9610","targetHints":{"allow":["GET"]}}],"collection":[{"href":"https:\/\/mikeladzenailstore.com\/en\/wp-json\/wp\/v2\/product"}],"about":[{"href":"https:\/\/mikeladzenailstore.com\/en\/wp-json\/wp\/v2\/types\/product"}],"replies":[{"embeddable":true,"href":"https:\/\/mikeladzenailstore.com\/en\/wp-json\/wp\/v2\/comments?post=9610"}],"version-history":[{"count":0,"href":"https:\/\/mikeladzenailstore.com\/en\/wp-json\/wp\/v2\/product\/9610\/revisions"}],"wp:featuredmedia":[{"embeddable":true,"href":"https:\/\/mikeladzenailstore.com\/en\/wp-json\/wp\/v2\/media\/4194"}],"wp:attachment":[{"href":"https:\/\/mikeladzenailstore.com\/en\/wp-json\/wp\/v2\/media?parent=9610"}],"wp:term":[{"taxonomy":"pwb-brand","embeddable":true,"href":"https:\/\/mikeladzenailstore.com\/en\/wp-json\/wp\/v2\/pwb-brand?post=9610"},{"taxonomy":"product_brand","embeddable":true,"href":"https:\/\/mikeladzenailstore.com\/en\/wp-json\/wp\/v2\/product_brand?post=9610"},{"taxonomy":"product_cat","embeddable":true,"href":"https:\/\/mikeladzenailstore.com\/en\/wp-json\/wp\/v2\/product_cat?post=9610"},{"taxonomy":"product_tag","embeddable":true,"href":"https:\/\/mikeladzenailstore.com\/en\/wp-json\/wp\/v2\/product_tag?post=9610"},{"taxonomy":"berocket_brand","embeddable":true,"href":"https:\/\/mikeladzenailstore.com\/en\/wp-json\/wp\/v2\/berocket_brand?post=9610"}],"curies":[{"name":"wp","href":"https:\/\/api.w.org\/{rel}","templated":true}]}}