{"id":9667,"date":"2025-11-15T11:58:22","date_gmt":"2025-11-15T11:58:22","guid":{"rendered":"https:\/\/mikeladzenailstore.com\/p\/no-tpo-no-hema-gel-souffle-mascarpone-15-ml\/"},"modified":"2026-03-11T21:19:15","modified_gmt":"2026-03-11T21:19:15","slug":"no-tpo-no-hema-gel-souffle-mascarpone-15-ml","status":"publish","type":"product","link":"https:\/\/mikeladzenailstore.com\/en\/p\/no-tpo-no-hema-gel-souffle-mascarpone-15-ml\/","title":{"rendered":"Gel souffle MASCARPONE 15 ml"},"content":{"rendered":"<h2 data-start=\"118\" data-end=\"163\"><strong data-start=\"121\" data-end=\"163\">SOUFFL\u00c9 GEL \u2013 Evoluce modela\u010dn\u00edho gelu<\/strong><\/h2>\n<p data-start=\"165\" data-end=\"342\">Souffl\u00e9 Gel je <strong data-start=\"180\" data-end=\"203\">pokro\u010dil\u00fd hust\u00fd gel<\/strong> pro modelov\u00e1n\u00ed neht\u016f, ide\u00e1ln\u00ed pro <strong data-start=\"238\" data-end=\"286\">odoln\u00e9, trvanliv\u00e9 a esteticky dokonal\u00e9 nehty<\/strong>. Vhodn\u00fd pro r\u016fzn\u00e9 d\u00e9lky neht\u016f a profesion\u00e1ln\u00ed techniky.<\/p>\n<h3 data-start=\"344\" data-end=\"369\"><strong data-start=\"348\" data-end=\"369\">Hlavn\u00ed vlastnosti<\/strong><\/h3>\n<ul data-start=\"370\" data-end=\"1318\">\n<li data-start=\"370\" data-end=\"517\">\n<p data-start=\"372\" data-end=\"517\"><strong data-start=\"372\" data-end=\"392\">Dokonal\u00e1 fixace:<\/strong> Hust\u00e1 konzistence dr\u017e\u00ed tvar bez rozlit\u00ed, umo\u017e\u0148uje vytvo\u0159it precizn\u00ed hrany pro prodlou\u017een\u00ed, zpevn\u011bn\u00ed nebo dlouh\u00e9 struktury.<\/p>\n<\/li>\n<li data-start=\"518\" data-end=\"604\">\n<p data-start=\"520\" data-end=\"604\"><strong data-start=\"520\" data-end=\"540\">Samovyrovn\u00e1vac\u00ed:<\/strong> I p\u0159i hust\u00e9 struktu\u0159e se m\u00edrn\u011b srovn\u00e1v\u00e1, co\u017e usnad\u0148uje pr\u00e1ci.<\/p>\n<\/li>\n<li data-start=\"605\" data-end=\"756\">\n<p data-start=\"607\" data-end=\"629\"><strong data-start=\"607\" data-end=\"627\">Vysok\u00e1 odolnost:<\/strong><\/p>\n<ul data-start=\"632\" data-end=\"756\">\n<li data-start=\"632\" data-end=\"676\">\n<p data-start=\"634\" data-end=\"676\">Odoln\u00fd proti n\u00e1raz\u016fm p\u0159i tlou\u0161\u0165ce 1,5 mm<\/p>\n<\/li>\n<li data-start=\"679\" data-end=\"756\">\n<p data-start=\"681\" data-end=\"756\">Zachov\u00e1v\u00e1 pru\u017enost p\u0159i tlou\u0161\u0165ce 0,5\u20130,7 mm, p\u0159i\u010dem\u017e st\u00e1le udr\u017euje pevnost<\/p>\n<\/li>\n<\/ul>\n<\/li>\n<li data-start=\"757\" data-end=\"842\">\n<p data-start=\"759\" data-end=\"842\"><strong data-start=\"759\" data-end=\"785\">Lehk\u00e1 a jemn\u00e1 textura:<\/strong> Snadno se aplikuje \u0161t\u011btcem, pr\u00e1ce je plynul\u00e1 a p\u0159esn\u00e1.<\/p>\n<\/li>\n<li data-start=\"843\" data-end=\"920\">\n<p data-start=\"845\" data-end=\"920\"><strong data-start=\"845\" data-end=\"875\">Perfektn\u00ed a trval\u00fd oblouk:<\/strong> Udr\u017euje k\u0159ivku nehtu po celou dobu no\u0161en\u00ed.<\/p>\n<\/li>\n<li data-start=\"921\" data-end=\"1107\">\n<p data-start=\"923\" data-end=\"1066\"><strong data-start=\"923\" data-end=\"941\">Barevn\u00e1 \u0161k\u00e1la:<\/strong> Nov\u00e9 odst\u00edny Souffl\u00e9 Gel odpov\u00eddaj\u00ed t\u00f3n\u016fm <strong data-start=\"984\" data-end=\"1012\">Builder Gel Trendy Nails<\/strong>, co\u017e zaji\u0161\u0165uje harmonii a kontinuitu ve va\u0161\u00ed pr\u00e1ci.<\/p>\n<ul data-start=\"1069\" data-end=\"1107\">\n<li data-start=\"1069\" data-end=\"1107\">\n<p data-start=\"1071\" data-end=\"1107\">Nap\u0159. <strong data-start=\"1077\" data-end=\"1105\">Mascarpone = Pina Colada<\/strong><\/p>\n<\/li>\n<\/ul>\n<\/li>\n<li data-start=\"1108\" data-end=\"1245\">\n<p data-start=\"1110\" data-end=\"1245\"><strong data-start=\"1110\" data-end=\"1142\">Univerz\u00e1ln\u00ed a profesion\u00e1ln\u00ed:<\/strong> Ide\u00e1ln\u00ed pro <strong data-start=\"1155\" data-end=\"1190\">modelov\u00e1n\u00ed s \u0161ablonou (cartina)<\/strong>, <strong data-start=\"1192\" data-end=\"1205\">dual form<\/strong>, korekce a zpevn\u011bn\u00ed p\u0159\u00edrodn\u00edch neht\u016f.<\/p>\n<\/li>\n<li data-start=\"1246\" data-end=\"1318\">\n<p data-start=\"1248\" data-end=\"1318\"><strong data-start=\"1248\" data-end=\"1269\">Bezpe\u010dn\u00e9 slo\u017een\u00ed:<\/strong> <strong data-start=\"1270\" data-end=\"1289\">HEMA &amp; TPO FREE<\/strong>, vhodn\u00e9 i pro citliv\u00e9 nehty.<\/p>\n<\/li>\n<\/ul>\n<h3 data-start=\"1320\" data-end=\"1346\"><strong data-start=\"1324\" data-end=\"1346\">Pou\u017eit\u00ed a techniky<\/strong><\/h3>\n<ul data-start=\"1347\" data-end=\"1732\">\n<li data-start=\"1347\" data-end=\"1444\">\n<p data-start=\"1349\" data-end=\"1444\"><strong data-start=\"1349\" data-end=\"1387\">Rekonstrukce na \u0161ablon\u011b (cartina):<\/strong> Pro jednobarevn\u00e9 struktury nebo francouzskou manik\u00faru.<\/p>\n<\/li>\n<li data-start=\"1445\" data-end=\"1502\">\n<p data-start=\"1447\" data-end=\"1502\"><strong data-start=\"1447\" data-end=\"1461\">Dual form:<\/strong> Zkracuje \u010das pot\u0159ebn\u00fd na rekonstrukci.<\/p>\n<\/li>\n<li data-start=\"1503\" data-end=\"1601\">\n<p data-start=\"1505\" data-end=\"1601\"><strong data-start=\"1505\" data-end=\"1526\">Technika \u201eBordo\u201c:<\/strong> Pro prodlou\u017een\u00ed bez podpory, opravu bo\u010dn\u00edch hran, roh\u016f a voln\u00e9ho okraje.<\/p>\n<\/li>\n<li data-start=\"1602\" data-end=\"1668\">\n<p data-start=\"1604\" data-end=\"1668\"><strong data-start=\"1604\" data-end=\"1636\">Korekce a dopln\u011bn\u00ed (refill):<\/strong> Snadn\u00e1 a rychl\u00e1 \u00fadr\u017eba neht\u016f.<\/p>\n<\/li>\n<li data-start=\"1669\" data-end=\"1732\">\n<p data-start=\"1671\" data-end=\"1732\"><strong data-start=\"1671\" data-end=\"1687\">3D Nail Art:<\/strong> Ide\u00e1ln\u00ed pro dekorace ve zv\u00fdrazn\u011bn\u00e9m reli\u00e9fu.<\/p>\n<\/li>\n<\/ul>\n<h3 data-start=\"1734\" data-end=\"1755\"><strong data-start=\"1738\" data-end=\"1755\">Jak aplikovat<\/strong><\/h3>\n<ol data-start=\"1756\" data-end=\"2246\">\n<li data-start=\"1756\" data-end=\"1887\">\n<p data-start=\"1759\" data-end=\"1887\"><strong data-start=\"1759\" data-end=\"1778\">P\u0159\u00edprava nehtu:<\/strong> Mechanick\u00e1 a chemick\u00e1 \u00faprava, nanesen\u00ed <strong data-start=\"1818\" data-end=\"1831\">Nail Prep<\/strong>. U obt\u00ed\u017en\u00fdch neht\u016f doporu\u010dujeme <strong data-start=\"1864\" data-end=\"1884\">Multibond Primer<\/strong>.<\/p>\n<\/li>\n<li data-start=\"1888\" data-end=\"1979\">\n<p data-start=\"1891\" data-end=\"1979\"><strong data-start=\"1891\" data-end=\"1914\">Transparentn\u00ed b\u00e1ze:<\/strong> Naneste tenkou vrstvu <strong data-start=\"1937\" data-end=\"1951\">Base Light<\/strong> nebo <strong data-start=\"1957\" data-end=\"1976\">Dream Base Elsa<\/strong>.<\/p>\n<\/li>\n<li data-start=\"1980\" data-end=\"2141\">\n<p data-start=\"1983\" data-end=\"2141\"><strong data-start=\"1983\" data-end=\"2008\">Aplikace Souffl\u00e9 Gel:<\/strong> Naneste perli\u010dku gelu na nehet a jemn\u00fdmi tahy rozet\u0159ete od kutikuly ke \u0161pi\u010dce. S dual form lze pracovat na v\u0161ech nehtech najednou.<\/p>\n<\/li>\n<li data-start=\"2142\" data-end=\"2196\">\n<p data-start=\"2145\" data-end=\"2196\"><strong data-start=\"2145\" data-end=\"2169\">Dokon\u010den\u00ed struktury:<\/strong> Upraven\u00ed tvaru piln\u00edkem.<\/p>\n<\/li>\n<li data-start=\"2197\" data-end=\"2246\">\n<p data-start=\"2200\" data-end=\"2246\"><strong data-start=\"2200\" data-end=\"2213\">Top coat:<\/strong> Naneste obl\u00edben\u00fd <strong data-start=\"2231\" data-end=\"2245\">Top Trendy<\/strong>.<\/p>\n<\/li>\n<\/ol>\n<h3 data-start=\"2248\" data-end=\"2270\"><strong data-start=\"2252\" data-end=\"2270\">Doba vytvrzen\u00ed<\/strong><\/h3>\n<ul data-start=\"2271\" data-end=\"2436\">\n<li data-start=\"2271\" data-end=\"2319\">\n<p data-start=\"2273\" data-end=\"2319\"><strong data-start=\"2273\" data-end=\"2295\">Rychl\u00e9 zafixov\u00e1n\u00ed:<\/strong> 3 sekundy s LED Flash<\/p>\n<\/li>\n<li data-start=\"2320\" data-end=\"2397\">\n<p data-start=\"2322\" data-end=\"2397\"><strong data-start=\"2322\" data-end=\"2344\">Formov\u00e1n\u00ed oblouku:<\/strong> 15\u201320 sekund (z\u00e1vis\u00ed na v\u00fdkonu lampy a pigmentaci)<\/p>\n<\/li>\n<li data-start=\"2398\" data-end=\"2436\">\n<p data-start=\"2400\" data-end=\"2436\"><strong data-start=\"2400\" data-end=\"2420\">\u00dapln\u00e9 vytvrzen\u00ed:<\/strong> 60\u2013120 sekund<\/p>\n<\/li>\n<\/ul>\n","protected":false},"excerpt":{"rendered":"<p>SOUFFL\u00c9 GEL \u2013 Evoluce modela\u010dn\u00edho gelu Souffl\u00e9 Gel je pokro\u010dil\u00fd hust\u00fd gel pro modelov\u00e1n\u00ed neht\u016f, ide\u00e1ln\u00ed pro odoln\u00e9, trvanliv\u00e9 a esteticky dokonal\u00e9 nehty. Vhodn\u00fd pro r\u016fzn\u00e9 d\u00e9lky neht\u016f a profesion\u00e1ln\u00ed techniky. Hlavn\u00ed vlastnosti Dokonal\u00e1 fixace: Hust\u00e1 konzistence dr\u017e\u00ed tvar bez rozlit\u00ed, umo\u017e\u0148uje vytvo\u0159it precizn\u00ed hrany pro prodlou\u017een\u00ed, zpevn\u011bn\u00ed nebo dlouh\u00e9 struktury. Samovyrovn\u00e1vac\u00ed: I p\u0159i hust\u00e9 [&hellip;]<\/p>\n","protected":false},"featured_media":4145,"comment_status":"open","ping_status":"closed","template":"","meta":[],"pwb-brand":[],"product_brand":[],"product_cat":[578],"product_tag":[],"berocket_brand":[419],"class_list":{"0":"post-9667","1":"product","2":"type-product","3":"status-publish","4":"has-post-thumbnail","6":"product_cat-gel-souffle-trendy-nails","7":"berocket_brand-trendy-nails","9":"first","10":"outofstock","11":"taxable","12":"shipping-taxable","13":"purchasable","14":"product-type-simple"},"acf":[],"brands":[],"_links":{"self":[{"href":"https:\/\/mikeladzenailstore.com\/en\/wp-json\/wp\/v2\/product\/9667","targetHints":{"allow":["GET"]}}],"collection":[{"href":"https:\/\/mikeladzenailstore.com\/en\/wp-json\/wp\/v2\/product"}],"about":[{"href":"https:\/\/mikeladzenailstore.com\/en\/wp-json\/wp\/v2\/types\/product"}],"replies":[{"embeddable":true,"href":"https:\/\/mikeladzenailstore.com\/en\/wp-json\/wp\/v2\/comments?post=9667"}],"version-history":[{"count":0,"href":"https:\/\/mikeladzenailstore.com\/en\/wp-json\/wp\/v2\/product\/9667\/revisions"}],"wp:featuredmedia":[{"embeddable":true,"href":"https:\/\/mikeladzenailstore.com\/en\/wp-json\/wp\/v2\/media\/4145"}],"wp:attachment":[{"href":"https:\/\/mikeladzenailstore.com\/en\/wp-json\/wp\/v2\/media?parent=9667"}],"wp:term":[{"taxonomy":"pwb-brand","embeddable":true,"href":"https:\/\/mikeladzenailstore.com\/en\/wp-json\/wp\/v2\/pwb-brand?post=9667"},{"taxonomy":"product_brand","embeddable":true,"href":"https:\/\/mikeladzenailstore.com\/en\/wp-json\/wp\/v2\/product_brand?post=9667"},{"taxonomy":"product_cat","embeddable":true,"href":"https:\/\/mikeladzenailstore.com\/en\/wp-json\/wp\/v2\/product_cat?post=9667"},{"taxonomy":"product_tag","embeddable":true,"href":"https:\/\/mikeladzenailstore.com\/en\/wp-json\/wp\/v2\/product_tag?post=9667"},{"taxonomy":"berocket_brand","embeddable":true,"href":"https:\/\/mikeladzenailstore.com\/en\/wp-json\/wp\/v2\/berocket_brand?post=9667"}],"curies":[{"name":"wp","href":"https:\/\/api.w.org\/{rel}","templated":true}]}}