{"id":9697,"date":"2025-11-15T11:58:07","date_gmt":"2025-11-15T11:58:07","guid":{"rendered":"https:\/\/mikeladzenailstore.com\/p\/jednorazove-oboustranne-pilniky-papmam-mix-expert-zrnitost-180-240-50-ks-2\/"},"modified":"2026-01-11T15:34:25","modified_gmt":"2026-01-11T15:34:25","slug":"jednorazove-oboustranne-pilniky-papmam-mix-expert-zrnitost-180-240-50-ks-2","status":"publish","type":"product","link":"https:\/\/mikeladzenailstore.com\/en\/p\/jednorazove-oboustranne-pilniky-papmam-mix-expert-zrnitost-180-240-50-ks-2\/","title":{"rendered":"JEDNOR\u00c1ZOV\u00c9 OBOUSTRANN\u00c9 PILN\u00cdKY PAPMAM MIX EXPERT, ZRNITOST 180\/240 (50 KS)"},"content":{"rendered":"<p>PapmAm MIX &#8211; jednor\u00e1zov\u00e9 brusn\u00e9 materi\u00e1ly ve form\u011b oboustrann\u00fdch vym\u011bniteln\u00fdch piln\u00edk\u016f bez lepidla, kter\u00e9 se nasazuj\u00ed na z\u00e1kladn\u00ed piln\u00edk jako kryt.<\/p>\n<p>\u010cern\u00fd brusn\u00fd materi\u00e1l Expert &#8211; zrnitost 180.<\/p>\n<p>B\u00edl\u00fd brusn\u00fd pap\u00edr Expert &#8211; zrnitost 240.<\/p>\n<p>Po\u010det kus\u016f v balen\u00ed: 50 ks<\/p>\n","protected":false},"excerpt":{"rendered":"<p>PapmAm MIX &#8211; jednor\u00e1zov\u00e9 brusn\u00e9 materi\u00e1ly ve form\u011b oboustrann\u00fdch vym\u011bniteln\u00fdch piln\u00edk\u016f bez lepidla, kter\u00e9 se nasazuj\u00ed na z\u00e1kladn\u00ed piln\u00edk jako kryt. \u010cern\u00fd brusn\u00fd materi\u00e1l Expert &#8211; zrnitost 180. B\u00edl\u00fd brusn\u00fd pap\u00edr Expert &#8211; zrnitost 240. Po\u010det kus\u016f v balen\u00ed: 50 ks<\/p>\n","protected":false},"featured_media":4123,"comment_status":"open","ping_status":"closed","template":"","meta":[],"pwb-brand":[],"product_brand":[],"product_cat":[534],"product_tag":[],"berocket_brand":[],"class_list":{"0":"post-9697","1":"product","2":"type-product","3":"status-publish","4":"has-post-thumbnail","6":"product_cat-nastroje-a-frezy","8":"first","9":"instock","10":"taxable","11":"shipping-taxable","12":"purchasable","13":"product-type-simple"},"acf":[],"brands":[],"_links":{"self":[{"href":"https:\/\/mikeladzenailstore.com\/en\/wp-json\/wp\/v2\/product\/9697","targetHints":{"allow":["GET"]}}],"collection":[{"href":"https:\/\/mikeladzenailstore.com\/en\/wp-json\/wp\/v2\/product"}],"about":[{"href":"https:\/\/mikeladzenailstore.com\/en\/wp-json\/wp\/v2\/types\/product"}],"replies":[{"embeddable":true,"href":"https:\/\/mikeladzenailstore.com\/en\/wp-json\/wp\/v2\/comments?post=9697"}],"version-history":[{"count":0,"href":"https:\/\/mikeladzenailstore.com\/en\/wp-json\/wp\/v2\/product\/9697\/revisions"}],"wp:featuredmedia":[{"embeddable":true,"href":"https:\/\/mikeladzenailstore.com\/en\/wp-json\/wp\/v2\/media\/4123"}],"wp:attachment":[{"href":"https:\/\/mikeladzenailstore.com\/en\/wp-json\/wp\/v2\/media?parent=9697"}],"wp:term":[{"taxonomy":"pwb-brand","embeddable":true,"href":"https:\/\/mikeladzenailstore.com\/en\/wp-json\/wp\/v2\/pwb-brand?post=9697"},{"taxonomy":"product_brand","embeddable":true,"href":"https:\/\/mikeladzenailstore.com\/en\/wp-json\/wp\/v2\/product_brand?post=9697"},{"taxonomy":"product_cat","embeddable":true,"href":"https:\/\/mikeladzenailstore.com\/en\/wp-json\/wp\/v2\/product_cat?post=9697"},{"taxonomy":"product_tag","embeddable":true,"href":"https:\/\/mikeladzenailstore.com\/en\/wp-json\/wp\/v2\/product_tag?post=9697"},{"taxonomy":"berocket_brand","embeddable":true,"href":"https:\/\/mikeladzenailstore.com\/en\/wp-json\/wp\/v2\/berocket_brand?post=9697"}],"curies":[{"name":"wp","href":"https:\/\/api.w.org\/{rel}","templated":true}]}}