{"id":9709,"date":"2025-11-15T11:58:07","date_gmt":"2025-11-15T11:58:07","guid":{"rendered":"https:\/\/mikeladzenailstore.com\/p\/no-tpo-no-hema-gel-souffle-nutty-trendy-nails-15-ml\/"},"modified":"2026-03-04T13:49:54","modified_gmt":"2026-03-04T13:49:54","slug":"no-tpo-no-hema-gel-souffle-nutty-trendy-nails-15-ml","status":"publish","type":"product","link":"https:\/\/mikeladzenailstore.com\/en\/p\/no-tpo-no-hema-gel-souffle-nutty-trendy-nails-15-ml\/","title":{"rendered":"Gel souffl\u00e9 NUTTY Trendy nails 15 ml"},"content":{"rendered":"<h2 data-start=\"178\" data-end=\"236\"><strong data-start=\"181\" data-end=\"234\">Nutty \u2013 Nude modelovac\u00ed gel vhodn\u00fd pro ka\u017ed\u00fd styl<\/strong><\/h2>\n<p data-start=\"238\" data-end=\"468\">Nutty je <strong data-start=\"247\" data-end=\"270\">nude modelovac\u00ed gel<\/strong>, kter\u00fd se p\u0159izp\u016fsob\u00ed jak\u00e9mukoli vzhledu a technice.<br data-start=\"322\" data-end=\"325\" \/>Jeho <strong data-start=\"330\" data-end=\"380\">kompaktn\u00ed souffl\u00e9 textura, snadno tvarovateln\u00e1<\/strong>, umo\u017e\u0148uje vytvo\u0159it elegantn\u00ed dopln\u011bn\u00ed, p\u0159irozenou strukturu a jemn\u00e9 kryt\u00ed bez n\u00e1mahy.<\/p>\n<p data-start=\"470\" data-end=\"648\"><strong data-start=\"470\" data-end=\"494\">Vyv\u00e1\u017een\u00fd nude odst\u00edn<\/strong>, tepl\u00fd, ale diskr\u00e9tn\u00ed, zv\u00fdrazn\u00ed ka\u017ed\u00fd odst\u00edn pleti a \u010din\u00ed z Nutty ide\u00e1ln\u00ed <strong data-start=\"569\" data-end=\"592\">univerz\u00e1ln\u00ed podklad<\/strong> nebo volbu pro <strong data-start=\"608\" data-end=\"645\">minimalistick\u00fd a elegantn\u00ed vzhled<\/strong>.<\/p>\n<p data-start=\"650\" data-end=\"670\"><strong data-start=\"650\" data-end=\"668\">Hlavn\u00ed v\u00fdhody:<\/strong><\/p>\n<ul data-start=\"671\" data-end=\"889\">\n<li data-start=\"671\" data-end=\"724\">\n<p data-start=\"673\" data-end=\"724\">Snadn\u00e1 aplikace d\u00edky m\u011bkk\u00e9 a tvarovateln\u00e9 textu\u0159e<\/p>\n<\/li>\n<li data-start=\"725\" data-end=\"784\">\n<p data-start=\"727\" data-end=\"784\">Ide\u00e1ln\u00ed pro dopln\u011bn\u00ed, jemn\u00e9 kryt\u00ed a p\u0159irozen\u00e9 struktury<\/p>\n<\/li>\n<li data-start=\"785\" data-end=\"836\">\n<p data-start=\"787\" data-end=\"836\">Univerz\u00e1ln\u00ed odst\u00edn vhodn\u00fd pro ka\u017ed\u00fd styl a ple\u0165<\/p>\n<\/li>\n<li data-start=\"837\" data-end=\"889\">\n<p data-start=\"839\" data-end=\"889\">Profesion\u00e1ln\u00ed, bezpe\u010dn\u00e1 a dlouhotrvaj\u00edc\u00ed formule<\/p>\n<\/li>\n<\/ul>\n<h2 data-start=\"131\" data-end=\"173\"><strong data-start=\"134\" data-end=\"171\">Gel Souffl\u00e9 \u2013 kolekce \u201eIce Cream\u201c<\/strong><\/h2>\n<p data-start=\"175\" data-end=\"392\">Gel Souffl\u00e9 je speci\u00e1ln\u00ed modelovac\u00ed gel s kr\u00e9movo-\u017eel\u00e9 konzistenc\u00ed, p\u0159ipom\u00ednaj\u00edc\u00ed nad\u00fdchan\u00e9 dezertn\u00ed sufl\u00e9. Perfektn\u011b zpev\u0148uje a modeluje nehty, a\u0165 u\u017e pro p\u0159irozenou manik\u00faru, prodlou\u017een\u00ed nebo strukturovan\u00e9 designy.<\/p>\n<h3 data-start=\"394\" data-end=\"459\"><strong data-start=\"398\" data-end=\"457\">Kolekce Ice Cream obsahuje 5 jemn\u00fdch, sv\u011btl\u00fdch odst\u00edn\u016f:<\/strong><\/h3>\n<p data-start=\"460\" data-end=\"516\"><strong data-start=\"460\" data-end=\"514\">Nutty, Pistachio, Raspberry, Bubble Gum, Blueberry<\/strong><\/p>\n<p data-start=\"518\" data-end=\"650\">Ka\u017ed\u00fd odst\u00edn je lehce transparentn\u00ed s perle\u0165ov\u00fdm leskem a jemn\u00fdm st\u0159\u00edbrn\u00fdm shimmerem, kter\u00fd dod\u00e1v\u00e1 neht\u016fm decentn\u00ed t\u0159pytiv\u00fd efekt.<\/p>\n<h3 data-start=\"652\" data-end=\"695\"><strong data-start=\"656\" data-end=\"693\">Bezpe\u010dn\u00e9 a hypoalergenn\u00ed slo\u017een\u00ed:<\/strong><\/h3>\n<ul data-start=\"696\" data-end=\"825\">\n<li data-start=\"696\" data-end=\"762\">\n<p data-start=\"698\" data-end=\"762\"><strong data-start=\"698\" data-end=\"717\">HEMA &amp; TPO FREE<\/strong> \u2013 minimalizuje riziko alergi\u00ed a podr\u00e1\u017ed\u011bn\u00ed<\/p>\n<\/li>\n<li data-start=\"763\" data-end=\"825\">\n<p data-start=\"765\" data-end=\"825\">Neobsahuje agresivn\u00ed monomery \u2013 vhodn\u00e9 i pro citliv\u00e9 nehty<\/p>\n<\/li>\n<\/ul>\n<h3 data-start=\"827\" data-end=\"855\"><strong data-start=\"831\" data-end=\"853\">Hlavn\u00ed vlastnosti:<\/strong><\/h3>\n<ul data-start=\"856\" data-end=\"1242\">\n<li data-start=\"856\" data-end=\"897\">\n<p data-start=\"858\" data-end=\"897\">Hust\u00e1, ale lehk\u00e1 a tv\u00e1rn\u00e1 konzistence<\/p>\n<\/li>\n<li data-start=\"898\" data-end=\"959\">\n<p data-start=\"900\" data-end=\"959\">Nest\u00e9k\u00e1 a perfektn\u011b dr\u017e\u00ed tvar \u2013 ide\u00e1ln\u00ed i pro za\u010d\u00e1te\u010dn\u00edky<\/p>\n<\/li>\n<li data-start=\"960\" data-end=\"1005\">\n<p data-start=\"962\" data-end=\"1005\">\u201eM\u011bkk\u00e1\u201c textura, snadno se nab\u00edr\u00e1 \u0161t\u011btcem<\/p>\n<\/li>\n<li data-start=\"1006\" data-end=\"1065\">\n<p data-start=\"1008\" data-end=\"1065\">M\u00edrn\u011b samovyrovn\u00e1vac\u00ed, ale pomalej\u0161\u00ed pro v\u011bt\u0161\u00ed kontrolu<\/p>\n<\/li>\n<li data-start=\"1066\" data-end=\"1110\">\n<p data-start=\"1068\" data-end=\"1110\">Dr\u017e\u00ed tvar a C-oblouk b\u011bhem cel\u00e9 modelace<\/p>\n<\/li>\n<li data-start=\"1111\" data-end=\"1178\">\n<p data-start=\"1113\" data-end=\"1178\">Doporu\u010dujeme nan\u00e1\u0161et v tenk\u00fdch vrstv\u00e1ch, aby nedo\u0161lo k prask\u00e1n\u00ed<\/p>\n<\/li>\n<li data-start=\"1179\" data-end=\"1242\">\n<p data-start=\"1181\" data-end=\"1242\">Nest\u00e9k\u00e1 do bo\u010dn\u00edch val\u016f \u2013 umo\u017e\u0148uje precizn\u00ed a klidnou pr\u00e1ci<\/p>\n<\/li>\n<\/ul>\n<h3 data-start=\"1244\" data-end=\"1262\"><strong data-start=\"1248\" data-end=\"1260\">Pou\u017eit\u00ed:<\/strong><\/h3>\n<ul data-start=\"1263\" data-end=\"1398\">\n<li data-start=\"1263\" data-end=\"1306\">\n<p data-start=\"1265\" data-end=\"1306\">Prodlou\u017een\u00ed voln\u00e9ho okraje \u201ena vzduchu\u201c<\/p>\n<\/li>\n<li data-start=\"1307\" data-end=\"1336\">\n<p data-start=\"1309\" data-end=\"1336\">Zpevn\u011bn\u00ed p\u0159\u00edrodn\u00edho nehtu<\/p>\n<\/li>\n<li data-start=\"1337\" data-end=\"1373\">\n<p data-start=\"1339\" data-end=\"1373\">Modelace na \u0161ablony i dual forms<\/p>\n<\/li>\n<li data-start=\"1374\" data-end=\"1398\">\n<p data-start=\"1376\" data-end=\"1398\">Francouzsk\u00e1 manik\u00fara<\/p>\n<\/li>\n<\/ul>\n<h3 data-start=\"1400\" data-end=\"1425\"><strong data-start=\"1404\" data-end=\"1423\">Doba vytvrzen\u00ed:<\/strong><\/h3>\n<ul data-start=\"1426\" data-end=\"1560\">\n<li data-start=\"1426\" data-end=\"1460\">\n<p data-start=\"1428\" data-end=\"1460\">Fixace dual formy: 2\u20133 sekundy<\/p>\n<\/li>\n<li data-start=\"1461\" data-end=\"1495\">\n<p data-start=\"1463\" data-end=\"1495\">Fixace C-oblouku: 15\u201320 sekund<\/p>\n<\/li>\n<li data-start=\"1496\" data-end=\"1560\">\n<p data-start=\"1498\" data-end=\"1560\">Pln\u00e9 vytvrzen\u00ed: 60\u2013120 sekund (v z\u00e1vislosti na v\u00fdkonu lampy)<\/p>\n<\/li>\n<\/ul>\n<p data-start=\"1562\" data-end=\"1738\">Gel Souffl\u00e9 z kolekce <strong data-start=\"1584\" data-end=\"1597\">Ice Cream<\/strong> je ide\u00e1ln\u00ed volba pro nehtov\u00e9 stylisty, kte\u0159\u00ed cht\u011bj\u00ed m\u00edt <strong data-start=\"1654\" data-end=\"1735\">maxim\u00e1ln\u00ed kontrolu nad materi\u00e1lem, precizn\u00ed pr\u00e1ci a minim\u00e1ln\u00ed mno\u017estv\u00ed prachu<\/strong><\/p>\n","protected":false},"excerpt":{"rendered":"<p>Nutty \u2013 Nude modelovac\u00ed gel vhodn\u00fd pro ka\u017ed\u00fd styl Nutty je nude modelovac\u00ed gel, kter\u00fd se p\u0159izp\u016fsob\u00ed jak\u00e9mukoli vzhledu a technice.Jeho kompaktn\u00ed souffl\u00e9 textura, snadno tvarovateln\u00e1, umo\u017e\u0148uje vytvo\u0159it elegantn\u00ed dopln\u011bn\u00ed, p\u0159irozenou strukturu a jemn\u00e9 kryt\u00ed bez n\u00e1mahy. Vyv\u00e1\u017een\u00fd nude odst\u00edn, tepl\u00fd, ale diskr\u00e9tn\u00ed, zv\u00fdrazn\u00ed ka\u017ed\u00fd odst\u00edn pleti a \u010din\u00ed z Nutty ide\u00e1ln\u00ed univerz\u00e1ln\u00ed podklad nebo [&hellip;]<\/p>\n","protected":false},"featured_media":4130,"comment_status":"open","ping_status":"closed","template":"","meta":[],"pwb-brand":[],"product_brand":[],"product_cat":[578],"product_tag":[],"berocket_brand":[419],"class_list":{"0":"post-9709","1":"product","2":"type-product","3":"status-publish","4":"has-post-thumbnail","6":"product_cat-gel-souffle-trendy-nails","7":"berocket_brand-trendy-nails","9":"first","10":"instock","11":"taxable","12":"shipping-taxable","13":"purchasable","14":"product-type-simple"},"acf":[],"brands":[],"_links":{"self":[{"href":"https:\/\/mikeladzenailstore.com\/en\/wp-json\/wp\/v2\/product\/9709","targetHints":{"allow":["GET"]}}],"collection":[{"href":"https:\/\/mikeladzenailstore.com\/en\/wp-json\/wp\/v2\/product"}],"about":[{"href":"https:\/\/mikeladzenailstore.com\/en\/wp-json\/wp\/v2\/types\/product"}],"replies":[{"embeddable":true,"href":"https:\/\/mikeladzenailstore.com\/en\/wp-json\/wp\/v2\/comments?post=9709"}],"version-history":[{"count":0,"href":"https:\/\/mikeladzenailstore.com\/en\/wp-json\/wp\/v2\/product\/9709\/revisions"}],"wp:featuredmedia":[{"embeddable":true,"href":"https:\/\/mikeladzenailstore.com\/en\/wp-json\/wp\/v2\/media\/4130"}],"wp:attachment":[{"href":"https:\/\/mikeladzenailstore.com\/en\/wp-json\/wp\/v2\/media?parent=9709"}],"wp:term":[{"taxonomy":"pwb-brand","embeddable":true,"href":"https:\/\/mikeladzenailstore.com\/en\/wp-json\/wp\/v2\/pwb-brand?post=9709"},{"taxonomy":"product_brand","embeddable":true,"href":"https:\/\/mikeladzenailstore.com\/en\/wp-json\/wp\/v2\/product_brand?post=9709"},{"taxonomy":"product_cat","embeddable":true,"href":"https:\/\/mikeladzenailstore.com\/en\/wp-json\/wp\/v2\/product_cat?post=9709"},{"taxonomy":"product_tag","embeddable":true,"href":"https:\/\/mikeladzenailstore.com\/en\/wp-json\/wp\/v2\/product_tag?post=9709"},{"taxonomy":"berocket_brand","embeddable":true,"href":"https:\/\/mikeladzenailstore.com\/en\/wp-json\/wp\/v2\/berocket_brand?post=9709"}],"curies":[{"name":"wp","href":"https:\/\/api.w.org\/{rel}","templated":true}]}}