{"id":9733,"date":"2025-11-15T11:57:54","date_gmt":"2025-11-15T11:57:54","guid":{"rendered":"https:\/\/mikeladzenailstore.com\/p\/bile-pilniky-pro-pedikuru-pododisc-staleks-pro-m-100\/"},"modified":"2026-01-11T15:32:38","modified_gmt":"2026-01-11T15:32:38","slug":"bile-pilniky-pro-pedikuru-pododisc-staleks-pro-m-100","status":"publish","type":"product","link":"https:\/\/mikeladzenailstore.com\/en\/p\/bile-pilniky-pro-pedikuru-pododisc-staleks-pro-m-100\/","title":{"rendered":"B\u00cdL\u00c9 PILN\u00cdKY PRO PEDIK\u00daRU PODODISC STALEKS PRO M\/100"},"content":{"rendered":"<p>Jednor\u00e1zov\u00e9 b\u00edl\u00e9 piln\u00edky na m\u011bkk\u00e9m podkladu pro pedik\u00faru Pododisc Staleks Pro M.<\/p>\n<p>Zrnitost: 100<\/p>\n<p>Balen\u00ed: 50 ks<\/p>\n","protected":false},"excerpt":{"rendered":"<p>Jednor\u00e1zov\u00e9 b\u00edl\u00e9 piln\u00edky na m\u011bkk\u00e9m podkladu pro pedik\u00faru Pododisc Staleks Pro M. Zrnitost: 100 Balen\u00ed: 50 ks<\/p>\n","protected":false},"featured_media":4105,"comment_status":"open","ping_status":"closed","template":"","meta":[],"pwb-brand":[],"product_brand":[],"product_cat":[204],"product_tag":[],"berocket_brand":[],"class_list":{"0":"post-9733","1":"product","2":"type-product","3":"status-publish","4":"has-post-thumbnail","6":"product_cat-pedikura","8":"first","9":"instock","10":"taxable","11":"shipping-taxable","12":"purchasable","13":"product-type-simple"},"acf":[],"brands":[],"_links":{"self":[{"href":"https:\/\/mikeladzenailstore.com\/en\/wp-json\/wp\/v2\/product\/9733","targetHints":{"allow":["GET"]}}],"collection":[{"href":"https:\/\/mikeladzenailstore.com\/en\/wp-json\/wp\/v2\/product"}],"about":[{"href":"https:\/\/mikeladzenailstore.com\/en\/wp-json\/wp\/v2\/types\/product"}],"replies":[{"embeddable":true,"href":"https:\/\/mikeladzenailstore.com\/en\/wp-json\/wp\/v2\/comments?post=9733"}],"version-history":[{"count":0,"href":"https:\/\/mikeladzenailstore.com\/en\/wp-json\/wp\/v2\/product\/9733\/revisions"}],"wp:featuredmedia":[{"embeddable":true,"href":"https:\/\/mikeladzenailstore.com\/en\/wp-json\/wp\/v2\/media\/4105"}],"wp:attachment":[{"href":"https:\/\/mikeladzenailstore.com\/en\/wp-json\/wp\/v2\/media?parent=9733"}],"wp:term":[{"taxonomy":"pwb-brand","embeddable":true,"href":"https:\/\/mikeladzenailstore.com\/en\/wp-json\/wp\/v2\/pwb-brand?post=9733"},{"taxonomy":"product_brand","embeddable":true,"href":"https:\/\/mikeladzenailstore.com\/en\/wp-json\/wp\/v2\/product_brand?post=9733"},{"taxonomy":"product_cat","embeddable":true,"href":"https:\/\/mikeladzenailstore.com\/en\/wp-json\/wp\/v2\/product_cat?post=9733"},{"taxonomy":"product_tag","embeddable":true,"href":"https:\/\/mikeladzenailstore.com\/en\/wp-json\/wp\/v2\/product_tag?post=9733"},{"taxonomy":"berocket_brand","embeddable":true,"href":"https:\/\/mikeladzenailstore.com\/en\/wp-json\/wp\/v2\/berocket_brand?post=9733"}],"curies":[{"name":"wp","href":"https:\/\/api.w.org\/{rel}","templated":true}]}}