{"id":9745,"date":"2025-11-15T11:57:42","date_gmt":"2025-11-15T11:57:42","guid":{"rendered":"https:\/\/mikeladzenailstore.com\/p\/dual-forms-mandle\/"},"modified":"2025-11-15T11:57:42","modified_gmt":"2025-11-15T11:57:42","slug":"dual-forms-mandle","status":"publish","type":"product","link":"https:\/\/mikeladzenailstore.com\/en\/p\/dual-forms-mandle\/","title":{"rendered":"Dual forms \u201cMandle\u201d"},"content":{"rendered":"<p>Horn\u00ed \u0161ablony \u2013 mandle<\/p>\n<p>14 velikost\u00ed od 16 mm do 6,5 mm na \u0161\u00ed\u0159ku a<\/p>\n<p>od 41 mm do 33 mm na d\u00e9lku. Ani jedna nav\u00edc.<\/p>\n<\/p>\n<p>  P\u0159esn\u00e1 velikostn\u00ed m\u0159\u00ed\u017eka a velk\u00e9 \u010d\u00edslo velikosti<\/p>\n<p> \ufe0f Hlubok\u00e9 usazen\u00ed<\/p>\n<p>\u2699\ufe0f Anatomick\u00e9 z\u00fa\u017een\u00ed \u2013 perfektn\u011b p\u0159izp\u016fsoben\u00e9 pro onychogryf\u00f3zn\u00ed nehty a nehty s vysok\u00fdm apexem a p\u0159\u00ed\u010dn\u00fdm\/pod\u00e9ln\u00fdm obloukem<\/p><\/p>\n","protected":false},"excerpt":{"rendered":"<p>Horn\u00ed \u0161ablony \u2013 mandle 14 velikost\u00ed od 16 mm do 6,5 mm na \u0161\u00ed\u0159ku a od 41 mm do 33 mm na d\u00e9lku. Ani jedna nav\u00edc. P\u0159esn\u00e1 velikostn\u00ed m\u0159\u00ed\u017eka a velk\u00e9 \u010d\u00edslo velikosti \ufe0f Hlubok\u00e9 usazen\u00ed \u2699\ufe0f Anatomick\u00e9 z\u00fa\u017een\u00ed \u2013 perfektn\u011b p\u0159izp\u016fsoben\u00e9 pro onychogryf\u00f3zn\u00ed nehty a nehty s vysok\u00fdm apexem a p\u0159\u00ed\u010dn\u00fdm\/pod\u00e9ln\u00fdm obloukem<\/p>\n","protected":false},"featured_media":0,"comment_status":"open","ping_status":"open","template":"","meta":[],"pwb-brand":[],"product_brand":[],"product_cat":[167],"product_tag":[],"berocket_brand":[],"class_list":{"0":"post-9745","1":"product","2":"type-product","3":"status-publish","5":"product_cat-baze-a-topy-pro-manikuru-pedikuru","7":"first","8":"outofstock","9":"taxable","10":"shipping-taxable","11":"purchasable","12":"product-type-simple"},"acf":[],"brands":[],"_links":{"self":[{"href":"https:\/\/mikeladzenailstore.com\/en\/wp-json\/wp\/v2\/product\/9745","targetHints":{"allow":["GET"]}}],"collection":[{"href":"https:\/\/mikeladzenailstore.com\/en\/wp-json\/wp\/v2\/product"}],"about":[{"href":"https:\/\/mikeladzenailstore.com\/en\/wp-json\/wp\/v2\/types\/product"}],"replies":[{"embeddable":true,"href":"https:\/\/mikeladzenailstore.com\/en\/wp-json\/wp\/v2\/comments?post=9745"}],"version-history":[{"count":0,"href":"https:\/\/mikeladzenailstore.com\/en\/wp-json\/wp\/v2\/product\/9745\/revisions"}],"wp:attachment":[{"href":"https:\/\/mikeladzenailstore.com\/en\/wp-json\/wp\/v2\/media?parent=9745"}],"wp:term":[{"taxonomy":"pwb-brand","embeddable":true,"href":"https:\/\/mikeladzenailstore.com\/en\/wp-json\/wp\/v2\/pwb-brand?post=9745"},{"taxonomy":"product_brand","embeddable":true,"href":"https:\/\/mikeladzenailstore.com\/en\/wp-json\/wp\/v2\/product_brand?post=9745"},{"taxonomy":"product_cat","embeddable":true,"href":"https:\/\/mikeladzenailstore.com\/en\/wp-json\/wp\/v2\/product_cat?post=9745"},{"taxonomy":"product_tag","embeddable":true,"href":"https:\/\/mikeladzenailstore.com\/en\/wp-json\/wp\/v2\/product_tag?post=9745"},{"taxonomy":"berocket_brand","embeddable":true,"href":"https:\/\/mikeladzenailstore.com\/en\/wp-json\/wp\/v2\/berocket_brand?post=9745"}],"curies":[{"name":"wp","href":"https:\/\/api.w.org\/{rel}","templated":true}]}}