{"id":9751,"date":"2025-11-15T11:57:42","date_gmt":"2025-11-15T11:57:42","guid":{"rendered":"https:\/\/mikeladzenailstore.com\/p\/no-tpo-no-hema-sangria-trendy-nails-no-tpo\/"},"modified":"2026-04-15T19:26:02","modified_gmt":"2026-04-15T19:26:02","slug":"no-tpo-no-hema-sangria-trendy-nails-no-tpo","status":"publish","type":"product","link":"https:\/\/mikeladzenailstore.com\/en\/p\/no-tpo-no-hema-sangria-trendy-nails-no-tpo\/","title":{"rendered":"Nail polish Sangria Trendy nails"},"content":{"rendered":"<div class=\"flex flex-col text-sm pb-25\">\n<article class=\"text-token-text-primary w-full focus:outline-none [--shadow-height:45px] has-data-writing-block:pointer-events-none has-data-writing-block:-mt-(--shadow-height) has-data-writing-block:pt-(--shadow-height) [&amp;:has([data-writing-block])&gt;*]:pointer-events-auto [content-visibility:auto] supports-[content-visibility:auto]:[contain-intrinsic-size:auto_100lvh] scroll-mt-[calc(var(--header-height)+min(200px,max(70px,20svh)))]\" dir=\"auto\" tabindex=\"-1\" data-turn-id=\"request-WEB:70248ff1-27d2-49f4-9799-4723f77cabe6-0\" data-testid=\"conversation-turn-2\" data-scroll-anchor=\"true\" data-turn=\"assistant\">\n<div class=\"text-base my-auto mx-auto pb-10 [--thread-content-margin:--spacing(4)] @w-sm\/main:[--thread-content-margin:--spacing(6)] @w-lg\/main:[--thread-content-margin:--spacing(16)] px-(--thread-content-margin)\">\n<div class=\"[--thread-content-max-width:40rem] @w-lg\/main:[--thread-content-max-width:48rem] mx-auto max-w-(--thread-content-max-width) flex-1 group\/turn-messages focus-visible:outline-hidden relative flex w-full min-w-0 flex-col agent-turn\" tabindex=\"-1\">\n<div class=\"flex max-w-full flex-col grow\">\n<div class=\"min-h-8 text-message relative flex w-full flex-col items-end gap-2 text-start break-words whitespace-normal [.text-message+&amp;]:mt-1\" dir=\"auto\" data-message-author-role=\"assistant\" data-message-id=\"14d872f8-2fbb-44a7-bbe1-32241467f595\" data-message-model-slug=\"gpt-5-2\">\n<div class=\"flex w-full flex-col gap-1 empty:hidden first:pt-[1px]\">\n<div class=\"markdown prose dark:prose-invert w-full wrap-break-word light markdown-new-styling\">\n<p data-start=\"0\" data-end=\"198\">Teplo letn\u00edho ve\u010dera, uzav\u0159en\u00e9 v lahvi\u010dce. \u017div\u00e1 a podmaniv\u00e1 \u010derven\u00e1, inspirovan\u00e1 stejnojmenn\u00fdm n\u00e1pojem, rozz\u00e1\u0159\u00ed poko\u017eku a dod\u00e1 lehce chic n\u00e1dech. Je to dotek bezstarostnosti, kter\u00fd z\u016fst\u00e1v\u00e1 v pam\u011bti.<\/p>\n<p data-start=\"200\" data-end=\"297\">Inovativn\u00ed slo\u017een\u00ed bez HEMA, Di-HEMA a TPO spojuje profesion\u00e1ln\u00ed v\u00fdkon a respekt ke zdrav\u00ed nehtu.<\/p>\n<p data-start=\"299\" data-end=\"554\" data-is-last-node=\"\" data-is-only-node=\"\">Vysoce pigmentovan\u00fd a kryc\u00ed ji\u017e v prvn\u00ed vrstv\u011b<br data-start=\"345\" data-end=\"348\" \/>St\u0159edn\u011b hust\u00e1 konzistence pro snadnou, rychlou a rovnom\u011brnou aplikaci<br data-start=\"417\" data-end=\"420\" data-is-only-node=\"\" \/>Nest\u00e9k\u00e1 a neposouv\u00e1 se b\u011bhem nan\u00e1\u0161en\u00ed<br data-start=\"457\" data-end=\"460\" \/>V\u00fddr\u017e bez zved\u00e1n\u00ed d\u00e9le ne\u017e 4 t\u00fddny<br data-start=\"494\" data-end=\"497\" \/>Elastick\u00fd a odoln\u00fd<br data-start=\"515\" data-end=\"518\" \/>Lahvi\u010dka 8 ml s praktick\u00fdm \u0161t\u011bte\u010dkem<\/p>\n<\/div>\n<\/div>\n<\/div>\n<\/div>\n<div class=\"z-0 flex min-h-[46px] justify-start\"><\/div>\n<div class=\"mt-3 w-full empty:hidden\">\n<div class=\"text-center\"><\/div>\n<\/div>\n<\/div>\n<\/div>\n<\/article>\n<\/div>\n<div class=\"pointer-events-none h-px w-px absolute bottom-0\" aria-hidden=\"true\" data-edge=\"true\"><\/div>\n","protected":false},"excerpt":{"rendered":"<p>Teplo letn\u00edho ve\u010dera, uzav\u0159en\u00e9 v lahvi\u010dce. \u017div\u00e1 a podmaniv\u00e1 \u010derven\u00e1, inspirovan\u00e1 stejnojmenn\u00fdm n\u00e1pojem, rozz\u00e1\u0159\u00ed poko\u017eku a dod\u00e1 lehce chic n\u00e1dech. Je to dotek bezstarostnosti, kter\u00fd z\u016fst\u00e1v\u00e1 v pam\u011bti. Inovativn\u00ed slo\u017een\u00ed bez HEMA, Di-HEMA a TPO spojuje profesion\u00e1ln\u00ed v\u00fdkon a respekt ke zdrav\u00ed nehtu. Vysoce pigmentovan\u00fd a kryc\u00ed ji\u017e v prvn\u00ed vrstv\u011bSt\u0159edn\u011b hust\u00e1 konzistence pro snadnou, [&hellip;]<\/p>\n","protected":false},"featured_media":17211,"comment_status":"open","ping_status":"closed","template":"","meta":[],"pwb-brand":[],"product_brand":[],"product_cat":[659],"product_tag":[],"berocket_brand":[419],"class_list":{"0":"post-9751","1":"product","2":"type-product","3":"status-publish","4":"has-post-thumbnail","6":"product_cat-gel-polish-trendy-nails","7":"berocket_brand-trendy-nails","9":"first","10":"instock","11":"taxable","12":"shipping-taxable","13":"purchasable","14":"product-type-simple"},"acf":[],"brands":[],"_links":{"self":[{"href":"https:\/\/mikeladzenailstore.com\/en\/wp-json\/wp\/v2\/product\/9751","targetHints":{"allow":["GET"]}}],"collection":[{"href":"https:\/\/mikeladzenailstore.com\/en\/wp-json\/wp\/v2\/product"}],"about":[{"href":"https:\/\/mikeladzenailstore.com\/en\/wp-json\/wp\/v2\/types\/product"}],"replies":[{"embeddable":true,"href":"https:\/\/mikeladzenailstore.com\/en\/wp-json\/wp\/v2\/comments?post=9751"}],"version-history":[{"count":1,"href":"https:\/\/mikeladzenailstore.com\/en\/wp-json\/wp\/v2\/product\/9751\/revisions"}],"predecessor-version":[{"id":21138,"href":"https:\/\/mikeladzenailstore.com\/en\/wp-json\/wp\/v2\/product\/9751\/revisions\/21138"}],"wp:featuredmedia":[{"embeddable":true,"href":"https:\/\/mikeladzenailstore.com\/en\/wp-json\/wp\/v2\/media\/17211"}],"wp:attachment":[{"href":"https:\/\/mikeladzenailstore.com\/en\/wp-json\/wp\/v2\/media?parent=9751"}],"wp:term":[{"taxonomy":"pwb-brand","embeddable":true,"href":"https:\/\/mikeladzenailstore.com\/en\/wp-json\/wp\/v2\/pwb-brand?post=9751"},{"taxonomy":"product_brand","embeddable":true,"href":"https:\/\/mikeladzenailstore.com\/en\/wp-json\/wp\/v2\/product_brand?post=9751"},{"taxonomy":"product_cat","embeddable":true,"href":"https:\/\/mikeladzenailstore.com\/en\/wp-json\/wp\/v2\/product_cat?post=9751"},{"taxonomy":"product_tag","embeddable":true,"href":"https:\/\/mikeladzenailstore.com\/en\/wp-json\/wp\/v2\/product_tag?post=9751"},{"taxonomy":"berocket_brand","embeddable":true,"href":"https:\/\/mikeladzenailstore.com\/en\/wp-json\/wp\/v2\/berocket_brand?post=9751"}],"curies":[{"name":"wp","href":"https:\/\/api.w.org\/{rel}","templated":true}]}}