{"id":9838,"date":"2025-11-15T11:57:08","date_gmt":"2025-11-15T11:57:08","guid":{"rendered":"https:\/\/mikeladzenailstore.com\/p\/gel-souffle-charlotte-no-tpo-no-hema-trendy-nails-30-ml\/"},"modified":"2026-01-02T18:05:40","modified_gmt":"2026-01-02T18:05:40","slug":"gel-souffle-charlotte-no-tpo-no-hema-trendy-nails-30-ml","status":"publish","type":"product","link":"https:\/\/mikeladzenailstore.com\/en\/p\/gel-souffle-charlotte-no-tpo-no-hema-trendy-nails-30-ml\/","title":{"rendered":"Gel souffle CHARLOTTE Trendy nails 30 ml"},"content":{"rendered":"<h2 data-start=\"159\" data-end=\"204\"><strong data-start=\"162\" data-end=\"204\">Souffl\u00e9 Gel \u2013 Evoluce modela\u010dn\u00edho gelu<\/strong><\/h2>\n<p data-start=\"206\" data-end=\"385\">Souffl\u00e9 Gel je <strong data-start=\"221\" data-end=\"254\">pokro\u010dil\u00fd hust\u00fd modela\u010dn\u00ed gel<\/strong> pro profesion\u00e1ln\u00ed pr\u00e1ci na nehtech. Perfektn\u00ed pro <strong data-start=\"305\" data-end=\"349\">pevn\u00e9, odoln\u00e9 a esteticky dokonal\u00e9 nehty<\/strong>, vhodn\u00fd pro r\u016fzn\u00e9 d\u00e9lky a techniky.<\/p>\n<h3 data-start=\"387\" data-end=\"412\"><strong data-start=\"391\" data-end=\"412\">Hlavn\u00ed vlastnosti<\/strong><\/h3>\n<ul data-start=\"413\" data-end=\"1337\">\n<li data-start=\"413\" data-end=\"571\">\n<p data-start=\"415\" data-end=\"571\"><strong data-start=\"415\" data-end=\"435\">Dokonal\u00e1 fixace:<\/strong> D\u00edky sv\u00e9 hust\u00e9 konzistenci dr\u017e\u00ed tvar, <strong data-start=\"474\" data-end=\"485\">ne\u0161t\u011bk\u00e1<\/strong> a umo\u017e\u0148uje vytvo\u0159it precizn\u00ed hrany pro prodlou\u017een\u00ed, zpevn\u011bn\u00ed nebo dlouh\u00e9 struktury.<\/p>\n<\/li>\n<li data-start=\"572\" data-end=\"651\">\n<p data-start=\"574\" data-end=\"651\"><strong data-start=\"574\" data-end=\"594\">Samovyrovn\u00e1vac\u00ed:<\/strong> I p\u0159es hustotu se lehce srovn\u00e1v\u00e1, co\u017e usnad\u0148uje pr\u00e1ci.<\/p>\n<\/li>\n<li data-start=\"652\" data-end=\"801\">\n<p data-start=\"654\" data-end=\"676\"><strong data-start=\"654\" data-end=\"674\">Vysok\u00e1 odolnost:<\/strong><\/p>\n<ul data-start=\"679\" data-end=\"801\">\n<li data-start=\"679\" data-end=\"722\">\n<p data-start=\"681\" data-end=\"722\">Odoln\u00fd v\u016f\u010di n\u00e1raz\u016fm p\u0159i tlou\u0161\u0165ce 1,5 mm<\/p>\n<\/li>\n<li data-start=\"725\" data-end=\"801\">\n<p data-start=\"727\" data-end=\"801\">Zachov\u00e1v\u00e1 pru\u017enost p\u0159i tlou\u0161\u0165ce 0,5\u20130,7 mm, udr\u017euje pevnost i pod tlakem<\/p>\n<\/li>\n<\/ul>\n<\/li>\n<li data-start=\"802\" data-end=\"884\">\n<p data-start=\"804\" data-end=\"884\"><strong data-start=\"804\" data-end=\"830\">Lehk\u00e1 a hebk\u00e1 textura:<\/strong> Snadn\u00e1 aplikace \u0161t\u011btcem, pr\u00e1ce je plynul\u00e1 a p\u0159esn\u00e1.<\/p>\n<\/li>\n<li data-start=\"885\" data-end=\"962\">\n<p data-start=\"887\" data-end=\"962\"><strong data-start=\"887\" data-end=\"917\">Perfektn\u00ed a trval\u00fd oblouk:<\/strong> Udr\u017euje k\u0159ivku nehtu po celou dobu no\u0161en\u00ed.<\/p>\n<\/li>\n<li data-start=\"963\" data-end=\"1141\">\n<p data-start=\"965\" data-end=\"1100\"><strong data-start=\"965\" data-end=\"983\">Barevn\u00e1 \u0161k\u00e1la:<\/strong> Nov\u00e9 odst\u00edny Souffl\u00e9 Gel p\u0159esn\u011b odpov\u00eddaj\u00ed t\u00f3n\u016fm Builder Gel Trendy Nails, pro harmonii a kontinuitu va\u0161ich prac\u00ed.<\/p>\n<ul data-start=\"1103\" data-end=\"1141\">\n<li data-start=\"1103\" data-end=\"1141\">\n<p data-start=\"1105\" data-end=\"1141\">Nap\u0159\u00edklad <strong data-start=\"1115\" data-end=\"1139\">Charlotte = Seashell<\/strong><\/p>\n<\/li>\n<\/ul>\n<\/li>\n<li data-start=\"1142\" data-end=\"1263\">\n<p data-start=\"1144\" data-end=\"1263\"><strong data-start=\"1144\" data-end=\"1176\">Univerz\u00e1ln\u00ed a profesion\u00e1ln\u00ed:<\/strong> Ide\u00e1ln\u00ed pro pr\u00e1ci s <strong data-start=\"1197\" data-end=\"1208\">cartina<\/strong>, <strong data-start=\"1210\" data-end=\"1223\">dual form<\/strong>, korekce a zpevn\u011bn\u00ed p\u0159\u00edrodn\u00edch neht\u016f.<\/p>\n<\/li>\n<li data-start=\"1264\" data-end=\"1337\">\n<p data-start=\"1266\" data-end=\"1337\"><strong data-start=\"1266\" data-end=\"1287\">Bezpe\u010dn\u00e9 slo\u017een\u00ed:<\/strong> <strong data-start=\"1288\" data-end=\"1307\">HEMA &amp; TPO FREE<\/strong> \u2013 vhodn\u00e9 i pro citliv\u00e9 nehty.<\/p>\n<\/li>\n<\/ul>\n<h3 data-start=\"1339\" data-end=\"1365\"><strong data-start=\"1343\" data-end=\"1365\">Techniky a pou\u017eit\u00ed<\/strong><\/h3>\n<ul data-start=\"1366\" data-end=\"1750\">\n<li data-start=\"1366\" data-end=\"1463\">\n<p data-start=\"1368\" data-end=\"1463\"><strong data-start=\"1368\" data-end=\"1406\">Rekonstrukce na \u0161ablon\u011b (cartina):<\/strong> Pro jednobarevn\u00e9 struktury nebo francouzskou manik\u00faru.<\/p>\n<\/li>\n<li data-start=\"1464\" data-end=\"1521\">\n<p data-start=\"1466\" data-end=\"1521\"><strong data-start=\"1466\" data-end=\"1480\">Dual form:<\/strong> Zkracuje \u010das pot\u0159ebn\u00fd na rekonstrukci.<\/p>\n<\/li>\n<li data-start=\"1522\" data-end=\"1620\">\n<p data-start=\"1524\" data-end=\"1620\"><strong data-start=\"1524\" data-end=\"1545\">Technika \u201eBordo\u201c:<\/strong> Pro prodlou\u017een\u00ed bez podpory, opravu bo\u010dn\u00edch hran, roh\u016f a voln\u00e9ho okraje.<\/p>\n<\/li>\n<li data-start=\"1621\" data-end=\"1687\">\n<p data-start=\"1623\" data-end=\"1687\"><strong data-start=\"1623\" data-end=\"1655\">Korekce a dopln\u011bn\u00ed (refill):<\/strong> Snadn\u00e1 a rychl\u00e1 \u00fadr\u017eba neht\u016f.<\/p>\n<\/li>\n<li data-start=\"1688\" data-end=\"1750\">\n<p data-start=\"1690\" data-end=\"1750\"><strong data-start=\"1690\" data-end=\"1706\">3D Nail Art:<\/strong> Vhodn\u00fd pro dekorace ve zv\u00fdrazn\u011bn\u00e9m reli\u00e9fu.<\/p>\n<\/li>\n<\/ul>\n<h3 data-start=\"1752\" data-end=\"1773\"><strong data-start=\"1756\" data-end=\"1773\">Jak aplikovat<\/strong><\/h3>\n<ol data-start=\"1774\" data-end=\"2287\">\n<li data-start=\"1774\" data-end=\"1915\">\n<p data-start=\"1777\" data-end=\"1915\"><strong data-start=\"1777\" data-end=\"1796\">P\u0159\u00edprava nehtu:<\/strong> Mechanick\u00e1 a chemick\u00e1 p\u0159\u00edprava, nanesen\u00ed <strong data-start=\"1838\" data-end=\"1851\">Nail Prep<\/strong>. V p\u0159\u00edpad\u011b obt\u00ed\u017en\u00fdch neht\u016f doporu\u010dujeme <strong data-start=\"1892\" data-end=\"1912\">Multibond Primer<\/strong>.<\/p>\n<\/li>\n<li data-start=\"1916\" data-end=\"2007\">\n<p data-start=\"1919\" data-end=\"2007\"><strong data-start=\"1919\" data-end=\"1942\">Transparentn\u00ed b\u00e1ze:<\/strong> Naneste tenkou vrstvu <strong data-start=\"1965\" data-end=\"1979\">Base Light<\/strong> nebo <strong data-start=\"1985\" data-end=\"2004\">Dream Base Elsa<\/strong>.<\/p>\n<\/li>\n<li data-start=\"2008\" data-end=\"2176\">\n<p data-start=\"2011\" data-end=\"2176\"><strong data-start=\"2011\" data-end=\"2036\">Nanesen\u00ed Souffl\u00e9 Gel:<\/strong> Naneste perli\u010dku gelu na nehet a jemn\u00fdmi tahy rozet\u0159ete od kutikuly ke \u0161pi\u010dce. Pro dual form je mo\u017en\u00e9 pracovat na v\u0161ech nehtech najednou.<\/p>\n<\/li>\n<li data-start=\"2177\" data-end=\"2237\">\n<p data-start=\"2180\" data-end=\"2237\"><strong data-start=\"2180\" data-end=\"2204\">Dokon\u010den\u00ed struktury:<\/strong> Opatrn\u011b piln\u00edkem upravte tvar.<\/p>\n<\/li>\n<li data-start=\"2238\" data-end=\"2287\">\n<p data-start=\"2241\" data-end=\"2287\"><strong data-start=\"2241\" data-end=\"2254\">Top coat:<\/strong> Naneste obl\u00edben\u00fd <strong data-start=\"2272\" data-end=\"2286\">Top Trendy<\/strong>.<\/p>\n<\/li>\n<\/ol>\n<h3 data-start=\"2289\" data-end=\"2311\"><strong data-start=\"2293\" data-end=\"2311\">Doba vytvrzen\u00ed<\/strong><\/h3>\n<ul data-start=\"2312\" data-end=\"2483\">\n<li data-start=\"2312\" data-end=\"2360\">\n<p data-start=\"2314\" data-end=\"2360\"><strong data-start=\"2314\" data-end=\"2336\">Rychl\u00e9 zafixov\u00e1n\u00ed:<\/strong> 3 sekundy s LED Flash<\/p>\n<\/li>\n<li data-start=\"2361\" data-end=\"2444\">\n<p data-start=\"2363\" data-end=\"2444\"><strong data-start=\"2363\" data-end=\"2385\">Formov\u00e1n\u00ed oblouku:<\/strong> 15\u201320 sekund (z\u00e1vis\u00ed na v\u00fdkonu lampy a pigmentaci barvy)<\/p>\n<\/li>\n<li data-start=\"2445\" data-end=\"2483\">\n<p data-start=\"2447\" data-end=\"2483\"><strong data-start=\"2447\" data-end=\"2467\">\u00dapln\u00e9 vytvrzen\u00ed:<\/strong> 60\u2013120 sekund<\/p>\n<\/li>\n<\/ul>\n","protected":false},"excerpt":{"rendered":"<p>Souffl\u00e9 Gel \u2013 Evoluce modela\u010dn\u00edho gelu Souffl\u00e9 Gel je pokro\u010dil\u00fd hust\u00fd modela\u010dn\u00ed gel pro profesion\u00e1ln\u00ed pr\u00e1ci na nehtech. Perfektn\u00ed pro pevn\u00e9, odoln\u00e9 a esteticky dokonal\u00e9 nehty, vhodn\u00fd pro r\u016fzn\u00e9 d\u00e9lky a techniky. Hlavn\u00ed vlastnosti Dokonal\u00e1 fixace: D\u00edky sv\u00e9 hust\u00e9 konzistenci dr\u017e\u00ed tvar, ne\u0161t\u011bk\u00e1 a umo\u017e\u0148uje vytvo\u0159it precizn\u00ed hrany pro prodlou\u017een\u00ed, zpevn\u011bn\u00ed nebo dlouh\u00e9 struktury. Samovyrovn\u00e1vac\u00ed: [&hellip;]<\/p>\n","protected":false},"featured_media":0,"comment_status":"open","ping_status":"closed","template":"","meta":[],"pwb-brand":[],"product_brand":[],"product_cat":[703],"product_tag":[],"berocket_brand":[],"class_list":{"0":"post-9838","1":"product","2":"type-product","3":"status-publish","5":"product_cat-slevy","7":"first","8":"outofstock","9":"taxable","10":"shipping-taxable","11":"purchasable","12":"product-type-simple"},"acf":[],"brands":[],"_links":{"self":[{"href":"https:\/\/mikeladzenailstore.com\/en\/wp-json\/wp\/v2\/product\/9838","targetHints":{"allow":["GET"]}}],"collection":[{"href":"https:\/\/mikeladzenailstore.com\/en\/wp-json\/wp\/v2\/product"}],"about":[{"href":"https:\/\/mikeladzenailstore.com\/en\/wp-json\/wp\/v2\/types\/product"}],"replies":[{"embeddable":true,"href":"https:\/\/mikeladzenailstore.com\/en\/wp-json\/wp\/v2\/comments?post=9838"}],"version-history":[{"count":0,"href":"https:\/\/mikeladzenailstore.com\/en\/wp-json\/wp\/v2\/product\/9838\/revisions"}],"wp:attachment":[{"href":"https:\/\/mikeladzenailstore.com\/en\/wp-json\/wp\/v2\/media?parent=9838"}],"wp:term":[{"taxonomy":"pwb-brand","embeddable":true,"href":"https:\/\/mikeladzenailstore.com\/en\/wp-json\/wp\/v2\/pwb-brand?post=9838"},{"taxonomy":"product_brand","embeddable":true,"href":"https:\/\/mikeladzenailstore.com\/en\/wp-json\/wp\/v2\/product_brand?post=9838"},{"taxonomy":"product_cat","embeddable":true,"href":"https:\/\/mikeladzenailstore.com\/en\/wp-json\/wp\/v2\/product_cat?post=9838"},{"taxonomy":"product_tag","embeddable":true,"href":"https:\/\/mikeladzenailstore.com\/en\/wp-json\/wp\/v2\/product_tag?post=9838"},{"taxonomy":"berocket_brand","embeddable":true,"href":"https:\/\/mikeladzenailstore.com\/en\/wp-json\/wp\/v2\/berocket_brand?post=9838"}],"curies":[{"name":"wp","href":"https:\/\/api.w.org\/{rel}","templated":true}]}}