{"id":2180,"date":"2025-09-17T10:01:24","date_gmt":"2025-09-17T10:01:24","guid":{"rendered":"https:\/\/mikeladzenailstore.com\/akademie\/"},"modified":"2025-10-16T15:46:59","modified_gmt":"2025-10-16T15:46:59","slug":"akademie","status":"publish","type":"page","link":"https:\/\/mikeladzenailstore.com\/sk\/akademie\/","title":{"rendered":"Akad\u00e9mia"},"content":{"rendered":"\t\t<div data-elementor-type=\"wp-page\" data-elementor-id=\"2180\" class=\"elementor elementor-2180 elementor-252\" data-elementor-post-type=\"page\">\n\t\t\t\t\t\t<section class=\"elementor-section elementor-top-section elementor-element elementor-element-43f1992e elementor-section-content-middle elementor-section-boxed elementor-section-height-default elementor-section-height-default\" data-id=\"43f1992e\" data-element_type=\"section\" data-settings=\"{&quot;background_background&quot;:&quot;classic&quot;}\">\n\t\t\t\t\t\t<div class=\"elementor-container elementor-column-gap-default\">\n\t\t\t\t\t<div class=\"elementor-column elementor-col-50 elementor-top-column elementor-element elementor-element-1f1bf957\" data-id=\"1f1bf957\" data-element_type=\"column\">\n\t\t\t<div class=\"elementor-widget-wrap elementor-element-populated\">\n\t\t\t\t\t\t<div class=\"elementor-element elementor-element-7e724dc8 elementor-widget elementor-widget-heading\" data-id=\"7e724dc8\" data-element_type=\"widget\" data-widget_type=\"heading.default\">\n\t\t\t\t\t<h2 class=\"elementor-heading-title elementor-size-default\">\u010co z\u00edskate od Mikeladze Nail Academy?<\/h2>\t\t\t\t<\/div>\n\t\t\t\t<div class=\"elementor-element elementor-element-a1aa13d elementor-icon-list--layout-traditional elementor-list-item-link-full_width elementor-widget elementor-widget-icon-list\" data-id=\"a1aa13d\" data-element_type=\"widget\" data-widget_type=\"icon-list.default\">\n\t\t\t\t\t\t\t<ul class=\"elementor-icon-list-items\">\n\t\t\t\t\t\t\t<li class=\"elementor-icon-list-item\">\n\t\t\t\t\t\t\t\t\t\t\t<span class=\"elementor-icon-list-icon\">\n\t\t\t\t\t\t\t<svg aria-hidden=\"true\" class=\"e-font-icon-svg e-fas-check-circle\" viewBox=\"0 0 512 512\" xmlns=\"http:\/\/www.w3.org\/2000\/svg\"><path d=\"M504 256c0 136.967-111.033 248-248 248S8 392.967 8 256 119.033 8 256 8s248 111.033 248 248zM227.314 387.314l184-184c6.248-6.248 6.248-16.379 0-22.627l-22.627-22.627c-6.248-6.249-16.379-6.249-22.628 0L216 308.118l-70.059-70.059c-6.248-6.248-16.379-6.248-22.628 0l-22.627 22.627c-6.248 6.248-6.248 16.379 0 22.627l104 104c6.249 6.249 16.379 6.249 22.628.001z\"><\/path><\/svg>\t\t\t\t\t\t<\/span>\n\t\t\t\t\t\t\t\t\t\t<span class=\"elementor-icon-list-text\">Z\u00e1kladn\u00e9 kurzy manik\u00fary: skupinov\u00e9 a individu\u00e1lne. \u0160tyri dni te\u00f3rie a praxe. N\u00e1vody na spr\u00e1vu Instagramu a ako si zalo\u017ei\u0165 \u017eivnos\u0165. Podpora po\u010das \u0161iestich mesiacov a mo\u017enos\u0165 st\u00e1\u017ee. \u0160koln\u00e9 je mo\u017en\u00e9 rozdeli\u0165 na tri spl\u00e1tky.<\/span>\n\t\t\t\t\t\t\t\t\t<\/li>\n\t\t\t\t\t\t\t\t<li class=\"elementor-icon-list-item\">\n\t\t\t\t\t\t\t\t\t\t\t<span class=\"elementor-icon-list-icon\">\n\t\t\t\t\t\t\t<svg aria-hidden=\"true\" class=\"e-font-icon-svg e-fas-check-circle\" viewBox=\"0 0 512 512\" xmlns=\"http:\/\/www.w3.org\/2000\/svg\"><path d=\"M504 256c0 136.967-111.033 248-248 248S8 392.967 8 256 119.033 8 256 8s248 111.033 248 248zM227.314 387.314l184-184c6.248-6.248 6.248-16.379 0-22.627l-22.627-22.627c-6.248-6.249-16.379-6.249-22.628 0L216 308.118l-70.059-70.059c-6.248-6.248-16.379-6.248-22.628 0l-22.627 22.627c-6.248 6.248-6.248 16.379 0 22.627l104 104c6.249 6.249 16.379 6.249 22.628.001z\"><\/path><\/svg>\t\t\t\t\t\t<\/span>\n\t\t\t\t\t\t\t\t\t\t<span class=\"elementor-icon-list-text\">Kurzy zvy\u0161ovania kvalifik\u00e1cie: skupinov\u00e9, individu\u00e1lne a firemn\u00e9.<\/span>\n\t\t\t\t\t\t\t\t\t<\/li>\n\t\t\t\t\t\t<\/ul>\n\t\t\t\t\t\t<\/div>\n\t\t\t\t<div class=\"elementor-element elementor-element-741d4553 elementor-widget elementor-widget-text-editor\" data-id=\"741d4553\" data-element_type=\"widget\" data-widget_type=\"text-editor.default\">\n\t\t\t\t\t\t\t\t\t<p>Spevnenie pr\u00edrodn\u00fdch nechtov a bezpe\u010dn\u00e1 kombinovan\u00e1 technika \u2014 pr\u00e1ca s tvrd\u00fdmi materi\u00e1lmi: g\u00e9lom a polyg\u00e9lom. Kombinovan\u00e1 manik\u00fara bez pohybu fr\u00e9zky po nechtovej platni\u010dke.<\/p><p>V skupin\u00e1ch nad 8 \u0161tudentov s\u00fa k dispoz\u00edcii dvaja in\u0161truktori.<\/p>\t\t\t\t\t\t\t\t<\/div>\n\t\t\t\t\t<\/div>\n\t\t<\/div>\n\t\t\t\t<div class=\"elementor-column elementor-col-50 elementor-top-column elementor-element elementor-element-79df95f1\" data-id=\"79df95f1\" data-element_type=\"column\" data-settings=\"{&quot;background_background&quot;:&quot;classic&quot;}\">\n\t\t\t<div class=\"elementor-widget-wrap elementor-element-populated\">\n\t\t\t\t\t\t<div class=\"elementor-element elementor-element-33d6936 elementor-widget elementor-widget-video\" data-id=\"33d6936\" data-element_type=\"widget\" data-settings=\"{&quot;video_type&quot;:&quot;hosted&quot;,&quot;mute&quot;:&quot;yes&quot;,&quot;loop&quot;:&quot;yes&quot;,&quot;controls&quot;:&quot;yes&quot;}\" data-widget_type=\"video.default\">\n\t\t\t\t\t\t\t<div class=\"e-hosted-video elementor-wrapper elementor-open-inline\">\n\t\t\t\t\t<video class=\"elementor-video\" src=\"https:\/\/mikeladzenailstore.com\/wp-content\/uploads\/2025\/10\/file.mp4\" loop=\"\" controls=\"\" preload=\"metadata\" muted=\"muted\" controlsList=\"nodownload\" poster=\"https:\/\/mikeladzenailstore.com\/wp-content\/uploads\/2025\/10\/tfyhij.png\"><\/video>\n\t\t\t\t<\/div>\n\t\t\t\t\t\t<\/div>\n\t\t\t\t\t<\/div>\n\t\t<\/div>\n\t\t\t\t\t<\/div>\n\t\t<\/section>\n\t\t<div class=\"elementor-element elementor-element-19f9882 e-flex e-con-boxed e-con e-parent\" data-id=\"19f9882\" data-element_type=\"container\">\n\t\t\t\t\t<div class=\"e-con-inner\">\n\t\t\t\t<div class=\"elementor-element elementor-element-6b3998c elementor-widget elementor-widget-heading\" data-id=\"6b3998c\" data-element_type=\"widget\" data-widget_type=\"heading.default\">\n\t\t\t\t\t<h2 class=\"elementor-heading-title elementor-size-default\">Kurzy<\/h2>\t\t\t\t<\/div>\n\t\t\t\t<div class=\"elementor-element elementor-element-ce0194d elementor-posts--align-center my-cust-kurs elementor-grid-tablet-3 elementor-grid-3 elementor-grid-mobile-1 elementor-posts--thumbnail-top elementor-posts__hover-gradient elementor-widget elementor-widget-posts\" data-id=\"ce0194d\" data-element_type=\"widget\" data-settings=\"{&quot;cards_row_gap&quot;:{&quot;unit&quot;:&quot;px&quot;,&quot;size&quot;:40,&quot;sizes&quot;:[]},&quot;pagination_type&quot;:&quot;numbers_and_prev_next&quot;,&quot;cards_columns_tablet&quot;:&quot;3&quot;,&quot;cards_columns&quot;:&quot;3&quot;,&quot;cards_columns_mobile&quot;:&quot;1&quot;,&quot;cards_row_gap_tablet&quot;:{&quot;unit&quot;:&quot;px&quot;,&quot;size&quot;:&quot;&quot;,&quot;sizes&quot;:[]},&quot;cards_row_gap_mobile&quot;:{&quot;unit&quot;:&quot;px&quot;,&quot;size&quot;:&quot;&quot;,&quot;sizes&quot;:[]}}\" data-widget_type=\"posts.cards\">\n\t\t\t\t<div class=\"elementor-widget-container\">\n\t\t\t\t\t\t\t<div class=\"elementor-posts-container elementor-posts elementor-posts--skin-cards elementor-grid\" role=\"list\">\n\t\t\t\t<article class=\"elementor-post elementor-grid-item post-13902 kurz type-kurz status-publish hentry\" role=\"listitem\">\n\t\t\t<div class=\"elementor-post__card\">\n\t\t\t\t<div class=\"elementor-post__text\">\n\t\t\t\t<h3 class=\"elementor-post__title\">\n\t\t\t<a href=\"https:\/\/mikeladzenailstore.com\/sk\/kurz\/skoleni-pro-salony\/\" >\n\t\t\t\t\u0160koleni pro salony\t\t\t<\/a>\n\t\t<\/h3>\n\t\t\t\t<div class=\"elementor-post__excerpt\">\n\t\t\t<p>\ud83d\udc8e Chcete pos\u00edlit sv\u016fj t\u00fdm a sn\u00ed\u017eit po\u010det reklamac\u00ed? \ud83d\udc8e Chcete, aby se va\u0161i klienti vraceli s radost\u00ed a d\u016fv\u011brou?<\/p>\n\t\t<\/div>\n\t\t\n\t\t<a class=\"elementor-post__read-more\" href=\"https:\/\/mikeladzenailstore.com\/sk\/kurz\/skoleni-pro-salony\/\" aria-label=\"Read more about \u0160koleni pro salony\" tabindex=\"-1\" >\n\t\t\t\u010c\u00edta\u0165 \u010falej \u00bb\t\t<\/a>\n\n\t\t\t\t<\/div>\n\t\t\t\t\t<\/div>\n\t\t<\/article>\n\t\t\t\t<article class=\"elementor-post elementor-grid-item post-2529 kurz type-kurz status-publish has-post-thumbnail hentry\" role=\"listitem\">\n\t\t\t<div class=\"elementor-post__card\">\n\t\t\t\t<a class=\"elementor-post__thumbnail__link\" href=\"https:\/\/mikeladzenailstore.com\/sk\/kurz\/kombinace-a-hardware\/\" tabindex=\"-1\" ><div class=\"elementor-post__thumbnail\"><img fetchpriority=\"high\" decoding=\"async\" width=\"352\" height=\"488\" src=\"https:\/\/mikeladzenailstore.com\/wp-content\/uploads\/2025\/10\/6.png\" class=\"attachment-full size-full wp-image-650\" alt=\"obr\u00e1zok\" srcset=\"https:\/\/mikeladzenailstore.com\/wp-content\/uploads\/2025\/10\/6.png 352w, https:\/\/mikeladzenailstore.com\/wp-content\/uploads\/2025\/10\/6-216x300.png 216w\" sizes=\"(max-width: 352px) 100vw, 352px\" title=\"obr\u00e1zok\"><\/div><\/a>\n\t\t\t\t<div class=\"elementor-post__text\">\n\t\t\t\t<h3 class=\"elementor-post__title\">\n\t\t\t<a href=\"https:\/\/mikeladzenailstore.com\/sk\/kurz\/kombinace-a-hardware\/\" >\n\t\t\t\tKombin\u00e1cia a pr\u00edstrojov\u00e1 technika\t\t\t<\/a>\n\t\t<\/h3>\n\t\t\t\t<div class=\"elementor-post__excerpt\">\n\t\t\t<p>Kombin\u00e1cia a pr\u00edstrojov\u00e1 technika. \u00dapln\u00fd re\u0161tart. Anat\u00f3mia a histol\u00f3gia V\u00fdber n\u00e1strojov Bezpe\u010dn\u00e1 prev\u00e1dzka zariadenia a spr\u00e1vne odstr\u00e1nenie star\u00e9ho materi\u00e1lu Bezpe\u010dn\u00e1<\/p>\n\t\t<\/div>\n\t\t\n\t\t<a class=\"elementor-post__read-more\" href=\"https:\/\/mikeladzenailstore.com\/sk\/kurz\/kombinace-a-hardware\/\" aria-label=\"Read more about Kombin\u00e1cia a pr\u00edstrojov\u00e1 technika\" tabindex=\"-1\" >\n\t\t\t\u010c\u00edta\u0165 \u010falej \u00bb\t\t<\/a>\n\n\t\t\t\t<\/div>\n\t\t\t\t\t<\/div>\n\t\t<\/article>\n\t\t\t\t<article class=\"elementor-post elementor-grid-item post-2509 kurz type-kurz status-publish has-post-thumbnail hentry\" role=\"listitem\">\n\t\t\t<div class=\"elementor-post__card\">\n\t\t\t\t<a class=\"elementor-post__thumbnail__link\" href=\"https:\/\/mikeladzenailstore.com\/sk\/kurz\/zpevneni-prirodnich-nehtu\/\" tabindex=\"-1\" ><div class=\"elementor-post__thumbnail\"><img decoding=\"async\" width=\"363\" height=\"454\" src=\"https:\/\/mikeladzenailstore.com\/wp-content\/uploads\/2025\/10\/5.png\" class=\"attachment-full size-full wp-image-651\" alt=\"obr\u00e1zok\" srcset=\"https:\/\/mikeladzenailstore.com\/wp-content\/uploads\/2025\/10\/5.png 363w, https:\/\/mikeladzenailstore.com\/wp-content\/uploads\/2025\/10\/5-240x300.png 240w\" sizes=\"(max-width: 363px) 100vw, 363px\" title=\"obr\u00e1zok\"><\/div><\/a>\n\t\t\t\t<div class=\"elementor-post__text\">\n\t\t\t\t<h3 class=\"elementor-post__title\">\n\t\t\t<a href=\"https:\/\/mikeladzenailstore.com\/sk\/kurz\/zpevneni-prirodnich-nehtu\/\" >\n\t\t\t\tSpevnenie pr\u00edrodn\u00fdch nechtov + kombi manik\u00fara\t\t\t<\/a>\n\t\t<\/h3>\n\t\t\t\t<div class=\"elementor-post__excerpt\">\n\t\t\t<p>Je jednou z najvyh\u013ead\u00e1vanej\u0161\u00edch slu\u017eieb medzi necht\u00e1rkami\u200b Program kurzu: \u0160trukt\u00fara a typy nechtov\u00fdch platni\u010diek Ako spevni\u0165 pr\u00edrodn\u00e9 nechty Ako spr\u00e1vne<\/p>\n\t\t<\/div>\n\t\t\n\t\t<a class=\"elementor-post__read-more\" href=\"https:\/\/mikeladzenailstore.com\/sk\/kurz\/zpevneni-prirodnich-nehtu\/\" aria-label=\"Read more about Spevnenie pr\u00edrodn\u00fdch nechtov + kombi manik\u00fara\" tabindex=\"-1\" >\n\t\t\t\u010c\u00edta\u0165 \u010falej \u00bb\t\t<\/a>\n\n\t\t\t\t<\/div>\n\t\t\t\t\t<\/div>\n\t\t<\/article>\n\t\t\t\t<article class=\"elementor-post elementor-grid-item post-2491 kurz type-kurz status-publish has-post-thumbnail hentry\" role=\"listitem\">\n\t\t\t<div class=\"elementor-post__card\">\n\t\t\t\t<a class=\"elementor-post__thumbnail__link\" href=\"https:\/\/mikeladzenailstore.com\/sk\/kurz\/bez-prachu-zvyseni-kvalifikace\/\" tabindex=\"-1\" ><div class=\"elementor-post__thumbnail\"><img decoding=\"async\" width=\"352\" height=\"488\" src=\"https:\/\/mikeladzenailstore.com\/wp-content\/uploads\/2025\/10\/4.png\" class=\"attachment-full size-full wp-image-648\" alt=\"obr\u00e1zok\" srcset=\"https:\/\/mikeladzenailstore.com\/wp-content\/uploads\/2025\/10\/4.png 352w, https:\/\/mikeladzenailstore.com\/wp-content\/uploads\/2025\/10\/4-216x300.png 216w\" sizes=\"(max-width: 352px) 100vw, 352px\" title=\"obr\u00e1zok\"><\/div><\/a>\n\t\t\t\t<div class=\"elementor-post__text\">\n\t\t\t\t<h3 class=\"elementor-post__title\">\n\t\t\t<a href=\"https:\/\/mikeladzenailstore.com\/sk\/kurz\/bez-prachu-zvyseni-kvalifikace\/\" >\n\t\t\t\tBez prachu \u2013 zv\u00fd\u0161enie kvalifik\u00e1cie\t\t\t<\/a>\n\t\t<\/h3>\n\t\t\t\t<div class=\"elementor-post__excerpt\">\n\t\t\t<p>Tento program som vytvorila na z\u00e1klade pr\u00e1ce s najob\u013e\u00fabenej\u0161\u00edmi produktmi v kari\u00e9re ka\u017ed\u00e9ho majstra. Nau\u010d\u00edm v\u00e1s, ako spr\u00e1vne pracova\u0165 s<\/p>\n\t\t<\/div>\n\t\t\n\t\t<a class=\"elementor-post__read-more\" href=\"https:\/\/mikeladzenailstore.com\/sk\/kurz\/bez-prachu-zvyseni-kvalifikace\/\" aria-label=\"Read more about Bez prachu \u2013 zv\u00fd\u0161enie kvalifik\u00e1cie\" tabindex=\"-1\" >\n\t\t\t\u010c\u00edta\u0165 \u010falej \u00bb\t\t<\/a>\n\n\t\t\t\t<\/div>\n\t\t\t\t\t<\/div>\n\t\t<\/article>\n\t\t\t\t<article class=\"elementor-post elementor-grid-item post-2472 kurz type-kurz status-publish has-post-thumbnail hentry\" role=\"listitem\">\n\t\t\t<div class=\"elementor-post__card\">\n\t\t\t\t<a class=\"elementor-post__thumbnail__link\" href=\"https:\/\/mikeladzenailstore.com\/sk\/kurz\/esteticka-hardware-pedikura\/\" tabindex=\"-1\" ><div class=\"elementor-post__thumbnail\"><img loading=\"lazy\" decoding=\"async\" width=\"375\" height=\"508\" src=\"https:\/\/mikeladzenailstore.com\/wp-content\/uploads\/2025\/10\/3.png\" class=\"attachment-full size-full wp-image-649\" alt=\"obr\u00e1zok\" srcset=\"https:\/\/mikeladzenailstore.com\/wp-content\/uploads\/2025\/10\/3.png 375w, https:\/\/mikeladzenailstore.com\/wp-content\/uploads\/2025\/10\/3-221x300.png 221w\" sizes=\"(max-width: 375px) 100vw, 375px\" title=\"obr\u00e1zok\"><\/div><\/a>\n\t\t\t\t<div class=\"elementor-post__text\">\n\t\t\t\t<h3 class=\"elementor-post__title\">\n\t\t\t<a href=\"https:\/\/mikeladzenailstore.com\/sk\/kurz\/esteticka-hardware-pedikura\/\" >\n\t\t\t\tEstetick\u00e1 pr\u00edstrojov\u00e1 pedik\u00fara\t\t\t<\/a>\n\t\t<\/h3>\n\t\t\t\t<div class=\"elementor-post__excerpt\">\n\t\t\t<p>Z\u00e1kladn\u00fd kurz s prvkami podol\u00f3gie Baby! Nepom\u00fd\u013ete si tento kurz s podol\u00f3giou. Nie som podol\u00f3g a nikdy by som sa<\/p>\n\t\t<\/div>\n\t\t\n\t\t<a class=\"elementor-post__read-more\" href=\"https:\/\/mikeladzenailstore.com\/sk\/kurz\/esteticka-hardware-pedikura\/\" aria-label=\"Read more about Estetick\u00e1 pr\u00edstrojov\u00e1 pedik\u00fara\" tabindex=\"-1\" >\n\t\t\t\u010c\u00edta\u0165 \u010falej \u00bb\t\t<\/a>\n\n\t\t\t\t<\/div>\n\t\t\t\t\t<\/div>\n\t\t<\/article>\n\t\t\t\t<article class=\"elementor-post elementor-grid-item post-2452 kurz type-kurz status-publish has-post-thumbnail hentry\" role=\"listitem\">\n\t\t\t<div class=\"elementor-post__card\">\n\t\t\t\t<a class=\"elementor-post__thumbnail__link\" href=\"https:\/\/mikeladzenailstore.com\/sk\/kurz\/modelaz-nehtu\/\" tabindex=\"-1\" ><div class=\"elementor-post__thumbnail\"><img loading=\"lazy\" decoding=\"async\" width=\"353\" height=\"450\" src=\"https:\/\/mikeladzenailstore.com\/wp-content\/uploads\/2025\/10\/2.png\" class=\"attachment-full size-full wp-image-647\" alt=\"obr\u00e1zok\" srcset=\"https:\/\/mikeladzenailstore.com\/wp-content\/uploads\/2025\/10\/2.png 353w, https:\/\/mikeladzenailstore.com\/wp-content\/uploads\/2025\/10\/2-235x300.png 235w\" sizes=\"(max-width: 353px) 100vw, 353px\" title=\"obr\u00e1zok\"><\/div><\/a>\n\t\t\t\t<div class=\"elementor-post__text\">\n\t\t\t\t<h3 class=\"elementor-post__title\">\n\t\t\t<a href=\"https:\/\/mikeladzenailstore.com\/sk\/kurz\/modelaz-nehtu\/\" >\n\t\t\t\tModel\u00e1\u017e nechtov + kombi manik\u00fara\t\t\t<\/a>\n\t\t<\/h3>\n\t\t\t\t<div class=\"elementor-post__excerpt\">\n\t\t\t<p>Teoretick\u00e1 \u010das\u0165: Z\u00e1kladn\u00e1 te\u00f3ria model\u00e1\u017ee nechtov Anat\u00f3mia a histol\u00f3gia R\u00fdchla a bezpe\u010dn\u00e1 kombinovan\u00e1 manik\u00fara Kone\u010dne som pochopila nastavenie \u0161abl\u00f3n, ktor\u00e9<\/p>\n\t\t<\/div>\n\t\t\n\t\t<a class=\"elementor-post__read-more\" href=\"https:\/\/mikeladzenailstore.com\/sk\/kurz\/modelaz-nehtu\/\" aria-label=\"Read more about Model\u00e1\u017e nechtov + kombi manik\u00fara\" tabindex=\"-1\" >\n\t\t\t\u010c\u00edta\u0165 \u010falej \u00bb\t\t<\/a>\n\n\t\t\t\t<\/div>\n\t\t\t\t\t<\/div>\n\t\t<\/article>\n\t\t\t\t<article class=\"elementor-post elementor-grid-item post-2435 kurz type-kurz status-publish has-post-thumbnail hentry\" role=\"listitem\">\n\t\t\t<div class=\"elementor-post__card\">\n\t\t\t\t<a class=\"elementor-post__thumbnail__link\" href=\"https:\/\/mikeladzenailstore.com\/sk\/kurz\/manikerka-na-klic\/\" tabindex=\"-1\" ><div class=\"elementor-post__thumbnail\"><img loading=\"lazy\" decoding=\"async\" width=\"353\" height=\"450\" src=\"https:\/\/mikeladzenailstore.com\/wp-content\/uploads\/2025\/10\/IMG_7494_JPG.png\" class=\"attachment-full size-full wp-image-652\" alt=\"obr\u00e1zok\" srcset=\"https:\/\/mikeladzenailstore.com\/wp-content\/uploads\/2025\/10\/IMG_7494_JPG.png 353w, https:\/\/mikeladzenailstore.com\/wp-content\/uploads\/2025\/10\/IMG_7494_JPG-235x300.png 235w\" sizes=\"(max-width: 353px) 100vw, 353px\" title=\"obr\u00e1zok\"><\/div><\/a>\n\t\t\t\t<div class=\"elementor-post__text\">\n\t\t\t\t<h3 class=\"elementor-post__title\">\n\t\t\t<a href=\"https:\/\/mikeladzenailstore.com\/sk\/kurz\/manikerka-na-klic\/\" >\n\t\t\t\tManik\u00e9rka na k\u013e\u00fa\u010d\t\t\t<\/a>\n\t\t<\/h3>\n\t\t\t\t<div class=\"elementor-post__excerpt\">\n\t\t\t<p>Program: Zozn\u00e1menie s profesiou Anat\u00f3mia a histol\u00f3gia Organiz\u00e1cia pracoviska Dezinfekcia a steriliz\u00e1cia V\u00fdber spr\u00e1vnych zariaden\u00ed a l\u00e1mp Piln\u00edky a fr\u00e9zky<\/p>\n\t\t<\/div>\n\t\t\n\t\t<a class=\"elementor-post__read-more\" href=\"https:\/\/mikeladzenailstore.com\/sk\/kurz\/manikerka-na-klic\/\" aria-label=\"Read more about Manik\u00e9rka na k\u013e\u00fa\u010d\" tabindex=\"-1\" >\n\t\t\t\u010c\u00edta\u0165 \u010falej \u00bb\t\t<\/a>\n\n\t\t\t\t<\/div>\n\t\t\t\t\t<\/div>\n\t\t<\/article>\n\t\t\t\t<\/div>\n\t\t\n\t\t\t\t\t\t<\/div>\n\t\t\t\t<\/div>\n\t\t\t\t\t<\/div>\n\t\t\t\t<\/div>\n\t\t\t\t<\/div>\n\t\t","protected":false},"excerpt":{"rendered":"<p>\u010co z\u00edskate od Mikeladze Nail Academy? Z\u00e1kladn\u00e9 kurzy manik\u00fary: skupinov\u00e9 a individu\u00e1lne. \u0160tyri dni te\u00f3rie a praxe. N\u00e1vody na spr\u00e1vu Instagramu a ako si zalo\u017ei\u0165 \u017eivnos\u0165. Podpora po\u010das \u0161iestich mesiacov a mo\u017enos\u0165 st\u00e1\u017ee. \u0160koln\u00e9 je mo\u017en\u00e9 rozdeli\u0165 na tri spl\u00e1tky. Kurzy zvy\u0161ovania kvalifik\u00e1cie: skupinov\u00e9, individu\u00e1lne a firemn\u00e9. Spevnenie pr\u00edrodn\u00fdch nechtov a bezpe\u010dn\u00e1 kombinovan\u00e1 technika \u2014 [&hellip;]<\/p>\n","protected":false},"author":2,"featured_media":0,"parent":0,"menu_order":0,"comment_status":"closed","ping_status":"closed","template":"elementor_header_footer","meta":{"footnotes":""},"class_list":["post-2180","page","type-page","status-publish","hentry"],"acf":[],"_links":{"self":[{"href":"https:\/\/mikeladzenailstore.com\/sk\/wp-json\/wp\/v2\/pages\/2180","targetHints":{"allow":["GET"]}}],"collection":[{"href":"https:\/\/mikeladzenailstore.com\/sk\/wp-json\/wp\/v2\/pages"}],"about":[{"href":"https:\/\/mikeladzenailstore.com\/sk\/wp-json\/wp\/v2\/types\/page"}],"author":[{"embeddable":true,"href":"https:\/\/mikeladzenailstore.com\/sk\/wp-json\/wp\/v2\/users\/2"}],"replies":[{"embeddable":true,"href":"https:\/\/mikeladzenailstore.com\/sk\/wp-json\/wp\/v2\/comments?post=2180"}],"version-history":[{"count":0,"href":"https:\/\/mikeladzenailstore.com\/sk\/wp-json\/wp\/v2\/pages\/2180\/revisions"}],"wp:attachment":[{"href":"https:\/\/mikeladzenailstore.com\/sk\/wp-json\/wp\/v2\/media?parent=2180"}],"curies":[{"name":"wp","href":"https:\/\/api.w.org\/{rel}","templated":true}]}}