{"id":2203,"date":"2025-09-17T10:02:21","date_gmt":"2025-09-17T10:02:21","guid":{"rendered":"https:\/\/mikeladzenailstore.com\/doprava-a-platba\/"},"modified":"2025-11-27T18:46:44","modified_gmt":"2025-11-27T18:46:44","slug":"reklamace","status":"publish","type":"page","link":"https:\/\/mikeladzenailstore.com\/sk\/reklamace\/","title":{"rendered":"Reklama\u010dn\u00fd poriadok"},"content":{"rendered":"\t\t<div data-elementor-type=\"wp-page\" data-elementor-id=\"2203\" class=\"elementor elementor-2203 elementor-259\" data-elementor-post-type=\"page\">\n\t\t\t\t<div class=\"elementor-element elementor-element-9fc5595 e-flex e-con-boxed e-con e-parent\" data-id=\"9fc5595\" data-element_type=\"container\">\n\t\t\t\t\t<div class=\"e-con-inner\">\n\t\t\t\t<div class=\"elementor-element elementor-element-fd5321b elementor-widget elementor-widget-text-editor\" data-id=\"fd5321b\" data-element_type=\"widget\" data-widget_type=\"text-editor.default\">\n\t\t\t\t\t\t\t\t\t<p><b>Pred\u00e1vaj\u00faci:<\/b><\/p><p>N\u00e1zov: beauty.ukraine s.r.o.<br \/>I\u010cO: 14410583<br \/>DI\u010c: CZ 14410583<br \/>Adresa: Vlkova 532\/8, \u017di\u017ekov Praha 3, 13000<br \/>zap\u00edsan\u00e1 v obchodnom registri vedenom v Prahe, oddiel C, vlo\u017eka 365250<\/p><p>Kontaktn\u00e9 \u00fadaje:<br \/>Adresa prev\u00e1dzky: Thamova 221\/9<br \/>Telef\u00f3n: 776627318<br \/>E-mail: <a href=\"mailto:mikeladzebeauty@gmail.com\">mikeladzebeauty@gmail.com<br \/><\/a><br \/>Webov\u00fd port\u00e1l: mikeladzenailstore.com<br \/>ako predajca tovaru na e-shope (\u010falej len <b><i>\u201ePred\u00e1vaj\u00faci\u201c<\/i><\/b>)<\/p><p><b>Tento Reklama\u010dn\u00fd poriadok upravuje sp\u00f4sob uplatnenia pr\u00e1v z chybn\u00e9ho plnenia zo strany Kupuj\u00faceho vo\u010di Pred\u00e1vaj\u00facemu, ktor\u00e9 mu vznikli na z\u00e1klade k\u00fapnej zmluvy (\u010falej len <\/b><b><i>\u201eZmluva\u201c<\/i><\/b><b>) uzavretej medzi Pred\u00e1vaj\u00facim a Kupuj\u00facim v d\u00f4sledku objedn\u00e1vky Tovaru prostredn\u00edctvom e-shopu (\u010falej len \u201eWebov\u00fd port\u00e1l\u201c) Pred\u00e1vaj\u00faceho.<\/b><\/p><ul><li style=\"text-align: center; list-style: none;\"><h3><b>\u00davodn\u00e9 ustanovenia<\/b><\/h3><\/li><\/ul><p>1.1. Reklama\u010dn\u00fd poriadok tvor\u00ed neoddelite\u013en\u00fa s\u00fa\u010das\u0165 V\u0161eobecn\u00fdch obchodn\u00fdch podmienok (\u010falej len <b><i>\u201eObchodn\u00e9 podmienky\u201c<\/i><\/b>) Pred\u00e1vaj\u00faceho. Kupuj\u00faci je povinn\u00fd sa pred objednan\u00edm Tovaru obozn\u00e1mi\u0165 s Obchodn\u00fdmi podmienkami Pred\u00e1vaj\u00faceho vr\u00e1tane Reklama\u010dn\u00e9ho poriadku. Za\u0161krtnut\u00edm s\u00fahlasu pred odoslan\u00edm Objedn\u00e1vky vyjadruje Kupuj\u00faci s\u00fahlas s platn\u00fdmi Obchodn\u00fdmi podmienkami a Reklama\u010dn\u00fdm poriadkom.<\/p><p>1.2. Term\u00edny uveden\u00e9 v Reklama\u010dnom poriadku s ve\u013ek\u00fdm za\u010diato\u010dn\u00fdm p\u00edsmenom nes\u00fa v\u00fdznam definovan\u00fd v tomto dokumente. Pokia\u013e nie s\u00fa term\u00edny definovan\u00e9, maj\u00fa rovnak\u00fd v\u00fdznam ako v Obchodn\u00fdch podmienkach alebo v Zmluve.<\/p><p>1.3. Pr\u00e1va a povinnosti obsiahnut\u00e9 v Reklama\u010dnom poriadku sa riadia pr\u00edslu\u0161n\u00fdmi v\u0161eobecne z\u00e1v\u00e4zn\u00fdmi pr\u00e1vnymi predpismi, najm\u00e4 ustanoveniami \u00a7 2099 a\u017e 2117 a \u00a7 2161 a\u017e 2174b z\u00e1kona \u010d. 89\/2012 Zb., Ob\u010diansky z\u00e1konn\u00edk, v znen\u00ed neskor\u0161\u00edch predpisov, a z\u00e1konom \u010d. 634\/1992 Zb., o ochrane spotrebite\u013ea, v znen\u00ed neskor\u0161\u00edch predpisov.<\/p><ul><li style=\"text-align: center; list-style: none;\"><h3><b>Z\u00e1ruka za akos\u0165<\/b><\/h3><\/li><\/ul><p>2.1. Pred\u00e1vaj\u00faci zodpoved\u00e1 Kupuj\u00facemu za akos\u0165 Tovaru, t. j. \u017ee Tovar nem\u00e1 \u017eiadne vady a\u017e do okamihu prechodu nebezpe\u010denstva \u0161kody, teda do momentu prevzatia Tovaru alebo momentu, ke\u010f mohol by\u0165 Tovar prevzat\u00fd.<\/p><p>2.2. Pred\u00e1vaj\u00faci zodpoved\u00e1 Kupuj\u00facemu najm\u00e4 za to, \u017ee Tovar zodpoved\u00e1:<\/p><ul><li>popisu,<\/li><li>druhu,<\/li><li>mno\u017estvu,<\/li><li>akosti,<\/li><li>funk\u010dnosti,<\/li><li>kompatibilite,<\/li><li>interoperabilite,<\/li><li>a in\u00fdm vlastnostiam dohodnut\u00fdm medzi Zmluvn\u00fdmi stranami,<\/li><li>je vhodn\u00fd na \u00fa\u010del, na ktor\u00fd si ho Kupuj\u00faci zam\u00fd\u0161\u013eal k\u00fapi\u0165 a o ktorom bol Pred\u00e1vaj\u00faci obozn\u00e1men\u00fd,<\/li><li>je Kupuj\u00facemu dodan\u00fd s pr\u00edpadn\u00fdm pr\u00edslu\u0161enstvom vr\u00e1tane n\u00e1vodu na pou\u017eitie, mont\u00e1\u017e alebo in\u0161tal\u00e1ciu.<\/li><\/ul><p>2.3. Pred\u00e1vaj\u00faci \u010falej zodpoved\u00e1 za to, \u017ee Tovar:<\/p><ul><li>je vhodn\u00fd na \u00fa\u010del, na ktor\u00fd sa tovar dan\u00e9ho druhu obvykle pou\u017e\u00edva,<\/li><li>mno\u017estvom, akos\u0165ou a \u010fal\u0161\u00edmi vlastnos\u0165ami vr\u00e1tane \u017eivotnosti, funk\u010dnosti, kompatibility, interoperability a bezpe\u010dnosti zodpoved\u00e1 obvykl\u00fdm vlastnostiam tovaru dan\u00e9ho druhu, ktor\u00e9 m\u00f4\u017ee Kupuj\u00faci rozumne o\u010dak\u00e1va\u0165, a to aj s oh\u013eadom na verejn\u00e9 vyhl\u00e1senia Pred\u00e1vaj\u00faceho, najm\u00e4 prostredn\u00edctvom reklamy alebo ozna\u010denia,<\/li><li>je Kupuj\u00facemu dodan\u00fd s pr\u00edslu\u0161enstvom vr\u00e1tane obalu, n\u00e1vodu na mont\u00e1\u017e alebo in\u0161tal\u00e1ciu a \u010fal\u0161\u00edch pokynov na pou\u017eitie, ktor\u00e9 m\u00f4\u017ee o\u010dak\u00e1va\u0165,<\/li><li>zodpoved\u00e1 akos\u0165ou alebo vyhotoven\u00edm vzorke \u010di predlohe, ktor\u00e9 boli Kupuj\u00facemu poskytnut\u00e9 pred uzavret\u00edm Zmluvy.<\/li><\/ul><p>2.4. K ustanoveniam uveden\u00fdm v bode 2.3. sa neprihliadne, ak Pred\u00e1vaj\u00faci Kupuj\u00faceho upozornil, \u017ee niektor\u00e9 vlastnosti Tovaru sa l\u00ed\u0161ia, a Kupuj\u00faci s t\u00fdm pred uzavret\u00edm Zmluvy s\u00fahlasil.<\/p><p>2.5. Pred\u00e1vaj\u00faci poskytuje ku Tovaru doklad o k\u00fape, t. j. fakt\u00faru, ktor\u00e1 z\u00e1rove\u0148 sl\u00fa\u017ei ako z\u00e1ru\u010dn\u00fd doklad. Obsahuje v\u0161etky z\u00e1konom po\u017eadovan\u00e9 \u00fadaje potrebn\u00e9 na uplatnenie pr\u00e1v zo z\u00e1ruky, najm\u00e4 n\u00e1zov Tovaru, cenu, mno\u017estvo, s\u00e9riov\u00e9 \u010d\u00edslo Tovaru a d\u013a\u017eku z\u00e1ruky.<\/p><p>2.6. Pred\u00e1vaj\u00faci poskytne na \u017eiados\u0165 Kupuj\u00faceho aj z\u00e1ru\u010dn\u00fd list. V z\u00e1ru\u010dnom liste uvedie obsah poskytovanej z\u00e1ruky, jej rozsah, podmienky, sp\u00f4sob uplatnenia a d\u013a\u017eku z\u00e1ruky. Poskytnut\u00edm z\u00e1ruky nie s\u00fa dotknut\u00e9 z\u00e1konn\u00e9 pr\u00e1va Kupuj\u00faceho s\u00favisiace s k\u00fapou Tovaru.<\/p><ul><li style=\"text-align: center; list-style: none;\"><h3><b>Pr\u00e1va z chybn\u00e9ho plnenia<\/b><\/h3><\/li><\/ul><p>3.1. Kupuj\u00faci je opr\u00e1vnen\u00fd uplatni\u0165 pr\u00e1va z chybn\u00e9ho plnenia (\u010falej len <b><i>\u201eReklam\u00e1cia\u201c<\/i><\/b>) v pr\u00edpade, \u017ee m\u00e1 Tovar vadu, teda nesp\u013a\u0148a niektor\u00fa z podmienok uveden\u00fdch v predch\u00e1dzaj\u00facej \u010dasti tohto dokumentu.<\/p><p>3.2. Kupuj\u00faci m\u00f4\u017ee Reklam\u00e1ciu uplatni\u0165 prostredn\u00edctvom e-mailu na mikeladzebeauty@gmail.com<br \/>, p\u00edsomne na adresu Thamova 221\/9 alebo osobne na adrese prev\u00e1dzky Pred\u00e1vaj\u00faceho Thamova 221\/9.<\/p><p>3.3. Kupuj\u00faci je povinn\u00fd pri uplatnen\u00ed Reklam\u00e1cie zvoli\u0165 sp\u00f4sob jej vybavenia. Zvolen\u00fd sp\u00f4sob je z\u00e1v\u00e4zn\u00fd a nemo\u017eno ho meni\u0165 bez s\u00fahlasu Pred\u00e1vaj\u00faceho. Reklam\u00e1cia bude n\u00e1sledne vybaven\u00e1 pod\u013ea zvolen\u00e9ho sp\u00f4sobu.<\/p><p>3.4. Ak m\u00e1 Tovar vadu, Kupuj\u00faci m\u00e1 pr\u00e1vo na:<\/p><ul><li>odstr\u00e1nenie vady dodan\u00edm nov\u00e9ho Tovaru bez vady alebo dodan\u00edm ch\u00fdbaj\u00facej \u010dasti,<\/li><li>odstr\u00e1nenie vady opravou Tovaru,<\/li><li>primeran\u00fa z\u013eavu z k\u00fapnej ceny,<\/li><li>odst\u00fapenie od Zmluvy.<\/li><\/ul><p>3.5. Zmena sp\u00f4sobu vybavenia Reklam\u00e1cie je mo\u017en\u00e1, ak Kupuj\u00faci po\u017eadoval opravu, ktor\u00e1 sa uk\u00e1\u017ee ako nemo\u017en\u00e1.<\/p><p>3.6. Pred\u00e1vaj\u00faci je opr\u00e1vnen\u00fd odmietnu\u0165 opravu, ak sa vada uk\u00e1\u017ee ako neodstr\u00e1nite\u013en\u00e1 alebo ak by odstr\u00e1nenie bolo neprimerane n\u00e1kladn\u00e9, najm\u00e4 s oh\u013eadom na v\u00fdznam vady a hodnotu Tovaru bez vady.<\/p><p>3.7. Kupuj\u00faci m\u00e1 pr\u00e1vo na odst\u00fapenie od Zmluvy alebo primeran\u00fa z\u013eavu, ak:<\/p><ul><li>Pred\u00e1vaj\u00faci odmietne opravu,<\/li><li>vada sa opakovane vyskytne,<\/li><li>vada predstavuje podstatn\u00e9 poru\u0161enie Zmluvy,<\/li><li>Pred\u00e1vaj\u00faci neodstr\u00e1ni vadu v primeranej lehote.<\/li><\/ul><p>3.8. Kupuj\u00faci nie je opr\u00e1vnen\u00fd odst\u00fapi\u0165 od Zmluvy, ak je vada Tovaru nepodstatn\u00e1.<\/p><p>3.9. Kupuj\u00faci nie je opr\u00e1vnen\u00fd uplatni\u0165 Reklam\u00e1ciu, ak vadu sp\u00f4sobil s\u00e1m alebo ak o nej vedel pri prevzat\u00ed Tovaru.<\/p><p>3.10. Reklam\u00e1ciu nemo\u017eno uplatni\u0165 pri Tovare predanom za ni\u017e\u0161iu cenu z d\u00f4vodu vady, pre ktor\u00fa bola cena zn\u00ed\u017een\u00e1.<\/p><p>3.11. Za vadu sa nepova\u017euje opotrebenie sp\u00f4soben\u00e9 obvykl\u00fdm pou\u017e\u00edvan\u00edm alebo opotrebenie zodpovedaj\u00face rozsahu predch\u00e1dzaj\u00faceho pou\u017e\u00edvania pri pou\u017eitom Tovare.<\/p><p>3.12. N\u00e1rok na Reklam\u00e1ciu zanik\u00e1, ak vada vznikla neodbornou mont\u00e1\u017eou, in\u0161tal\u00e1ciou alebo neodborn\u00fdm zaobch\u00e1dzan\u00edm.<\/p><ul><li style=\"text-align: center; list-style: none;\"><h3><b>Uplatnenie Reklam\u00e1cie<\/b><\/h3><\/li><\/ul><p>4.1. Ak Reklam\u00e1ciu uplat\u0148uje Spotrebite\u013e, je opr\u00e1vnen\u00fd tak urobi\u0165 do 24 mesiacov od prevzatia Tovaru.<\/p><p>4.2. Ak Reklam\u00e1ciu uplat\u0148uje Podnikate\u013e, je povinn\u00fd vadu ozn\u00e1mi\u0165 a vytkn\u00fa\u0165 bez zbyto\u010dn\u00e9ho odkladu po tom, \u010do ju zistil alebo mohol zisti\u0165, najnesk\u00f4r do troch dn\u00ed od prevzatia Tovaru. V pr\u00edpade skrytej vady mus\u00ed Podnikate\u013e vadu ozn\u00e1mi\u0165 bez zbyto\u010dn\u00e9ho odkladu po jej zisten\u00ed, najnesk\u00f4r do dvoch rokov od prevzatia Tovaru.<\/p><p>4.3. Vzor na uplatnenie Reklam\u00e1cie s n\u00e1zvom \u201eFormul\u00e1r pre uplatnenie reklam\u00e1cie z k\u00fapnej zmluvy\u201c sa nach\u00e1dza na webovom port\u00e1li Pred\u00e1vaj\u00faceho <a href=\"https:\/\/mikeladzenailstore.com\/formular-reklamace\/\">https:\/\/mikeladzenailstore.com\/formular-reklamace\/<\/a><\/p><p>4.4. Pri uplatnen\u00ed Reklam\u00e1cie bude Kupuj\u00facemu vystaven\u00e9 p\u00edsomn\u00e9 potvrdenie obsahuj\u00face najm\u00e4:<\/p><ul><li>d\u00e1tum uplatnenia Reklam\u00e1cie,<\/li><li>obsah Reklam\u00e1cie \u2013 \u0161pecifik\u00e1ciu Tovaru, opis jeho stavu a vady,<\/li><li>sp\u00f4sob vybavenia Reklam\u00e1cie po\u017eadovan\u00fd Kupuj\u00facim,<\/li><li>kontaktn\u00e9 \u00fadaje Kupuj\u00faceho na \u00fa\u010dely informovania o vybaven\u00ed Reklam\u00e1cie.<\/li><\/ul><p>4.5. Lehota na odstr\u00e1nenie vady opravou Tovaru je 30 dn\u00ed od uplatnenia Reklam\u00e1cie, pokia\u013e sa Zmluvn\u00e9 strany nedohodn\u00fa inak. Lehota sa preru\u0161uje, ak Pred\u00e1vaj\u00faci neobdr\u017eal v\u0161etky potrebn\u00e9 podklady.<\/p><p>4.6. O vybaven\u00ed Reklam\u00e1cie bude Kupuj\u00faci informovan\u00fd prostredn\u00edctvom e-mailu alebo telef\u00f3nneho \u010d\u00edsla uveden\u00e9ho v potvrden\u00ed o uplatnen\u00ed Reklam\u00e1cie, pr\u00edpadne in\u00fdm dohodnut\u00fdm sp\u00f4sobom. Pred\u00e1vaj\u00faci n\u00e1sledne vystav\u00ed p\u00edsomn\u00e9 potvrdenie o d\u00e1tume a sp\u00f4sobe vybavenia Reklam\u00e1cie a v pr\u00edpade opravy vyzve Kupuj\u00faceho na prevzatie Tovaru.<\/p><ul><li style=\"text-align: center; list-style: none;\"><h3><b>Z\u00e1vere\u010dn\u00e9 ustanovenia<\/b><\/h3><\/li><\/ul><p>5.1. Vytvoren\u00edm a odoslan\u00edm Objedn\u00e1vky t\u00fdkaj\u00facej sa k\u00fapy Tovaru Z\u00e1kazn\u00edk potvrdzuje, \u017ee sa obozn\u00e1mil s Reklama\u010dn\u00fdm poriadkom a \u017ee s n\u00edm v plnom rozsahu s\u00fahlas\u00ed prostredn\u00edctvom webov\u00e9ho formul\u00e1ra.<\/p><p>5.2. Pred\u00e1vaj\u00faci je opr\u00e1vnen\u00fd Reklama\u010dn\u00fd poriadok meni\u0165. Nov\u00fd Reklama\u010dn\u00fd poriadok zverejn\u00ed na svojom Webovom port\u00e1li.<\/p><p>Tento Reklama\u010dn\u00fd poriadok nadob\u00fada \u00fa\u010dinnos\u0165 d\u0148a 13.11.2025<\/p>\t\t\t\t\t\t\t\t<\/div>\n\t\t\t\t\t<\/div>\n\t\t\t\t<\/div>\n\t\t\t\t<\/div>\n\t\t","protected":false},"excerpt":{"rendered":"<p>Pred\u00e1vaj\u00faci: N\u00e1zov: beauty.ukraine s.r.o.I\u010cO: 14410583DI\u010c: CZ 14410583Adresa: Vlkova 532\/8, \u017di\u017ekov Praha 3, 13000zap\u00edsan\u00e1 v obchodnom registri vedenom v Prahe, oddiel C, vlo\u017eka 365250 Kontaktn\u00e9 \u00fadaje:Adresa prev\u00e1dzky: Thamova 221\/9Telef\u00f3n: 776627318E-mail: mikeladzebeauty@gmail.comWebov\u00fd port\u00e1l: mikeladzenailstore.comako predajca tovaru na e-shope (\u010falej len \u201ePred\u00e1vaj\u00faci\u201c) Tento Reklama\u010dn\u00fd poriadok upravuje sp\u00f4sob uplatnenia pr\u00e1v z chybn\u00e9ho plnenia zo strany Kupuj\u00faceho vo\u010di Pred\u00e1vaj\u00facemu, ktor\u00e9 [&hellip;]<\/p>\n","protected":false},"author":2,"featured_media":0,"parent":0,"menu_order":0,"comment_status":"closed","ping_status":"closed","template":"","meta":{"footnotes":""},"class_list":["post-2203","page","type-page","status-publish","hentry"],"acf":[],"_links":{"self":[{"href":"https:\/\/mikeladzenailstore.com\/sk\/wp-json\/wp\/v2\/pages\/2203","targetHints":{"allow":["GET"]}}],"collection":[{"href":"https:\/\/mikeladzenailstore.com\/sk\/wp-json\/wp\/v2\/pages"}],"about":[{"href":"https:\/\/mikeladzenailstore.com\/sk\/wp-json\/wp\/v2\/types\/page"}],"author":[{"embeddable":true,"href":"https:\/\/mikeladzenailstore.com\/sk\/wp-json\/wp\/v2\/users\/2"}],"replies":[{"embeddable":true,"href":"https:\/\/mikeladzenailstore.com\/sk\/wp-json\/wp\/v2\/comments?post=2203"}],"version-history":[{"count":0,"href":"https:\/\/mikeladzenailstore.com\/sk\/wp-json\/wp\/v2\/pages\/2203\/revisions"}],"wp:attachment":[{"href":"https:\/\/mikeladzenailstore.com\/sk\/wp-json\/wp\/v2\/media?parent=2203"}],"curies":[{"name":"wp","href":"https:\/\/api.w.org\/{rel}","templated":true}]}}