{"id":10210,"date":"2025-11-30T11:31:30","date_gmt":"2025-11-30T11:31:30","guid":{"rendered":"https:\/\/mikeladzenailstore.com\/?post_type=product&#038;p=10210"},"modified":"2026-03-09T11:41:19","modified_gmt":"2026-03-09T11:41:19","slug":"camouflage-base-14-pink-11-ml-kopirovat","status":"publish","type":"product","link":"https:\/\/mikeladzenailstore.com\/sk\/produkt\/camouflage-base-14-pink-11-ml-kopirovat\/","title":{"rendered":"Camouflage base 20 Pink 11 ml"},"content":{"rendered":"<p>Pink Camouflage Base \u211620 \u2013 jemn\u011b r\u016f\u017eov\u00e1 b\u00e1ze s jemn\u00fdm r\u016f\u017eov\u00fdm shimmerem.<\/p>\n<p>Camouflage Base PINK jsou n\u00edzkokysel\u00e9 kamufl\u00e1\u017en\u00ed b\u00e1ze (pH 6.5), vytvo\u0159en\u00e9 pro komfortn\u00ed pr\u00e1ci manik\u00e9rky a zdrav\u00ed neht\u016f klienta. Maj\u00ed st\u0159edn\u00ed konzistenci, d\u00edky kter\u00e9 je vyrovn\u00e1n\u00ed tenk\u00e9 a rychl\u00e9.<br \/>\nFormule nen\u00ed tvrd\u00e1, sp\u00ed\u0161e pru\u017en\u00e1, tak\u017ee no\u0161en\u00ed p\u016fsob\u00ed p\u0159irozen\u011b a pohodln\u011b v ka\u017edodenn\u00edm \u017eivot\u011b.<br \/>\nB\u00e1ze dob\u0159e vytvrzuj\u00ed v lamp\u011b, nezp\u016fsobuj\u00ed siln\u00e9 p\u00e1len\u00ed b\u011bhem polymerizace, ned\u011blaj\u00ed odchlipy a z\u016fst\u00e1vaj\u00ed stabiln\u00ed p\u0159i pr\u00e1ci.<\/p>\n<p>Vlastnosti pr\u00e1ce s b\u00e1z\u00ed:<br \/>\n\u2022 Nedoporu\u010dujeme pou\u017e\u00edvat b\u00e1ze na velmi tenk\u00e9 a dlouh\u00e9 nehty nebo na perfektn\u00ed hranat\u00fd tvar s ostr\u00fdmi rohy. V takov\u00fdch p\u0159\u00edpadech je lep\u0161\u00ed volit tvrd\u00e9 materi\u00e1ly.<br \/>\n\u2022 Pokud si klient p\u0159eje zkr\u00e1cen\u00ed d\u00e9lky, doporu\u010dujeme to prov\u00e9st a\u017e po topu (cca 1 mm) \u2013 zajist\u00ed to pevn\u011bj\u0161\u00ed hranu a lep\u0161\u00ed v\u00fddr\u017e.<\/p>\n<p>\u2e3b<\/p>\n<p>Zp\u016fsob pou\u017eit\u00ed:<\/p>\n<p>1. Prove\u010fte manik\u00faru, zmatn\u011bte nehtovou plot\u00e9nku bufferem, odmast\u011bte ji, naneste Dehydrator a Ultrabond.<br \/>\n2. Ur\u010dit\u011b naneste tenkou podkladovou vrstvu \u010dir\u00e9 b\u00e1ze Universal Base nebo Light Base.<br \/>\nTo zajist\u00ed spolehlivou p\u0159ilnavost, proto\u017ee pr\u00e1v\u011b st\u0159edn\u011b kysel\u00e1 b\u00e1ze vytv\u00e1\u0159\u00ed spr\u00e1vnou adhezi s p\u0159\u00edrodn\u00edm nehtem.<br \/>\n\u26a0\ufe0f D\u016fle\u017eit\u00e9: st\u0159edn\u011b kyselou b\u00e1zi nan\u00e1\u0161ejte pouze tenkou vrstvou, bez vyrovn\u00e1n\u00ed, abyste p\u0159ede\u0161li chemick\u00fdm pop\u00e1lenin\u00e1m.<br \/>\n3. Pot\u00e9 naneste tenkou nebo vyrovn\u00e1vac\u00ed vrstvu kamufl\u00e1\u017en\u00ed b\u00e1ze PINK.<br \/>\n4. Doba polymerizace: 60\u201390 sekund v origin\u00e1ln\u00ed lamp\u011b.<br \/>\n5. Dokon\u010dete aplikaci zvolen\u00fdm topem a vytvr\u010fte 90\u2013120 sekund.<\/p>\n","protected":false},"excerpt":{"rendered":"<p>Pink Camouflage Base \u211620 \u2013 jemn\u011b r\u016f\u017eov\u00e1 b\u00e1ze s jemn\u00fdm r\u016f\u017eov\u00fdm shimmerem. Camouflage Base PINK jsou n\u00edzkokysel\u00e9 kamufl\u00e1\u017en\u00ed b\u00e1ze (pH 6.5), vytvo\u0159en\u00e9 pro komfortn\u00ed pr\u00e1ci manik\u00e9rky a zdrav\u00ed neht\u016f klienta. Maj\u00ed st\u0159edn\u00ed konzistenci, d\u00edky kter\u00e9 je vyrovn\u00e1n\u00ed tenk\u00e9 a rychl\u00e9. Formule nen\u00ed tvrd\u00e1, sp\u00ed\u0161e pru\u017en\u00e1, tak\u017ee no\u0161en\u00ed p\u016fsob\u00ed p\u0159irozen\u011b a pohodln\u011b v ka\u017edodenn\u00edm \u017eivot\u011b. B\u00e1ze [&hellip;]<\/p>\n","protected":false},"featured_media":10211,"comment_status":"closed","ping_status":"closed","template":"","meta":[],"pwb-brand":[],"product_brand":[],"product_cat":[483],"product_tag":[],"berocket_brand":[488],"class_list":{"0":"post-10210","1":"product","2":"type-product","3":"status-publish","4":"has-post-thumbnail","6":"product_cat-cover-baze","7":"berocket_brand-pink","9":"first","10":"outofstock","11":"taxable","12":"shipping-taxable","13":"purchasable","14":"product-type-simple"},"acf":[],"brands":[],"_links":{"self":[{"href":"https:\/\/mikeladzenailstore.com\/sk\/wp-json\/wp\/v2\/product\/10210","targetHints":{"allow":["GET"]}}],"collection":[{"href":"https:\/\/mikeladzenailstore.com\/sk\/wp-json\/wp\/v2\/product"}],"about":[{"href":"https:\/\/mikeladzenailstore.com\/sk\/wp-json\/wp\/v2\/types\/product"}],"replies":[{"embeddable":true,"href":"https:\/\/mikeladzenailstore.com\/sk\/wp-json\/wp\/v2\/comments?post=10210"}],"version-history":[{"count":0,"href":"https:\/\/mikeladzenailstore.com\/sk\/wp-json\/wp\/v2\/product\/10210\/revisions"}],"wp:featuredmedia":[{"embeddable":true,"href":"https:\/\/mikeladzenailstore.com\/sk\/wp-json\/wp\/v2\/media\/10211"}],"wp:attachment":[{"href":"https:\/\/mikeladzenailstore.com\/sk\/wp-json\/wp\/v2\/media?parent=10210"}],"wp:term":[{"taxonomy":"pwb-brand","embeddable":true,"href":"https:\/\/mikeladzenailstore.com\/sk\/wp-json\/wp\/v2\/pwb-brand?post=10210"},{"taxonomy":"product_brand","embeddable":true,"href":"https:\/\/mikeladzenailstore.com\/sk\/wp-json\/wp\/v2\/product_brand?post=10210"},{"taxonomy":"product_cat","embeddable":true,"href":"https:\/\/mikeladzenailstore.com\/sk\/wp-json\/wp\/v2\/product_cat?post=10210"},{"taxonomy":"product_tag","embeddable":true,"href":"https:\/\/mikeladzenailstore.com\/sk\/wp-json\/wp\/v2\/product_tag?post=10210"},{"taxonomy":"berocket_brand","embeddable":true,"href":"https:\/\/mikeladzenailstore.com\/sk\/wp-json\/wp\/v2\/berocket_brand?post=10210"}],"curies":[{"name":"wp","href":"https:\/\/api.w.org\/{rel}","templated":true}]}}