{"id":11006,"date":"2025-12-05T23:43:08","date_gmt":"2025-12-05T23:43:08","guid":{"rendered":"https:\/\/mikeladzenailstore.com\/?post_type=product&#038;p=11006"},"modified":"2026-04-01T11:39:55","modified_gmt":"2026-04-01T11:39:55","slug":"gel-polish-white-french-trendy-nails-8-ml","status":"publish","type":"product","link":"https:\/\/mikeladzenailstore.com\/sk\/produkt\/gel-polish-white-french-trendy-nails-8-ml\/","title":{"rendered":"Gel polish WHITE FRENCH Trendy nails 8 ml"},"content":{"rendered":"<p data-start=\"57\" data-end=\"479\"><strong data-start=\"57\" data-end=\"94\">\u010cist\u011b b\u00edl\u00e1, upraven\u00e1 a bezchybn\u00e1:<\/strong> vytvo\u0159ena speci\u00e1ln\u011b pro <strong data-start=\"119\" data-end=\"138\">French manicure<\/strong> v <strong data-start=\"141\" data-end=\"163\">velmi tenk\u00e9 vrstv\u011b<\/strong>, bez ne\u017e\u00e1douc\u00edch nerovnost\u00ed a pruh\u016f. White French je ide\u00e1ln\u00ed odst\u00edn pro <strong data-start=\"236\" data-end=\"292\">definovanou, elegantn\u00ed a dokonale rovnom\u011brnou \u0161pi\u010dku<\/strong>, s <strong data-start=\"296\" data-end=\"316\">okam\u017eit\u00fdm kryt\u00edm<\/strong>, kter\u00e9 nezat\u011b\u017euje strukturu nehtu. P\u0159esn\u011b se nan\u00e1\u0161\u00ed, snadno se rozt\u00edr\u00e1 a zaru\u010duje <strong data-start=\"399\" data-end=\"440\">ostr\u00e9, jasn\u00e9 a profesion\u00e1ln\u00ed v\u00fdsledky<\/strong>.<\/p>\n<p data-start=\"481\" data-end=\"638\">Je <strong data-start=\"484\" data-end=\"511\">v\u0161estrann\u00fd a rafinovan\u00fd<\/strong>, perfektn\u00ed i jako <strong data-start=\"530\" data-end=\"552\">monofialov\u00fd odst\u00edn<\/strong> pro minimalistick\u00fd, modern\u00ed a v\u00fdrazn\u00fd manicure.<\/p>\n<p data-start=\"640\" data-end=\"756\"><strong data-start=\"640\" data-end=\"678\">Formula je bez HEMA, Di-HEMA a TPO<\/strong>, co\u017e je \u0161etrn\u00e9 i k <strong data-start=\"698\" data-end=\"717\">citliv\u00fdm neht\u016fm<\/strong>.<\/p>\n<p data-start=\"758\" data-end=\"875\"><strong data-start=\"758\" data-end=\"811\">B\u00edl\u00e1, kterou by m\u011bla m\u00edt ka\u017ed\u00e1 nehtov\u00e1 stylistka:<\/strong> tenk\u00e1, kryc\u00ed a bezchybn\u00e1.<\/p>\n","protected":false},"excerpt":{"rendered":"<p>\u010cist\u011b b\u00edl\u00e1, upraven\u00e1 a bezchybn\u00e1: vytvo\u0159ena speci\u00e1ln\u011b pro French manicure v velmi tenk\u00e9 vrstv\u011b, bez ne\u017e\u00e1douc\u00edch nerovnost\u00ed a pruh\u016f. White French je ide\u00e1ln\u00ed odst\u00edn pro definovanou, elegantn\u00ed a dokonale rovnom\u011brnou \u0161pi\u010dku, s okam\u017eit\u00fdm kryt\u00edm, kter\u00e9 nezat\u011b\u017euje strukturu nehtu. P\u0159esn\u011b se nan\u00e1\u0161\u00ed, snadno se rozt\u00edr\u00e1 a zaru\u010duje ostr\u00e9, jasn\u00e9 a profesion\u00e1ln\u00ed v\u00fdsledky. Je v\u0161estrann\u00fd a rafinovan\u00fd, [&hellip;]<\/p>\n","protected":false},"featured_media":11007,"comment_status":"closed","ping_status":"closed","template":"","meta":[],"pwb-brand":[],"product_brand":[],"product_cat":[475],"product_tag":[],"berocket_brand":[175],"class_list":{"0":"post-11006","1":"product","2":"type-product","3":"status-publish","4":"has-post-thumbnail","6":"product_cat-bestseller","7":"berocket_brand-trendy-nails","9":"first","10":"instock","11":"taxable","12":"shipping-taxable","13":"purchasable","14":"product-type-simple"},"acf":[],"brands":[],"_links":{"self":[{"href":"https:\/\/mikeladzenailstore.com\/sk\/wp-json\/wp\/v2\/product\/11006","targetHints":{"allow":["GET"]}}],"collection":[{"href":"https:\/\/mikeladzenailstore.com\/sk\/wp-json\/wp\/v2\/product"}],"about":[{"href":"https:\/\/mikeladzenailstore.com\/sk\/wp-json\/wp\/v2\/types\/product"}],"replies":[{"embeddable":true,"href":"https:\/\/mikeladzenailstore.com\/sk\/wp-json\/wp\/v2\/comments?post=11006"}],"version-history":[{"count":0,"href":"https:\/\/mikeladzenailstore.com\/sk\/wp-json\/wp\/v2\/product\/11006\/revisions"}],"wp:featuredmedia":[{"embeddable":true,"href":"https:\/\/mikeladzenailstore.com\/sk\/wp-json\/wp\/v2\/media\/11007"}],"wp:attachment":[{"href":"https:\/\/mikeladzenailstore.com\/sk\/wp-json\/wp\/v2\/media?parent=11006"}],"wp:term":[{"taxonomy":"pwb-brand","embeddable":true,"href":"https:\/\/mikeladzenailstore.com\/sk\/wp-json\/wp\/v2\/pwb-brand?post=11006"},{"taxonomy":"product_brand","embeddable":true,"href":"https:\/\/mikeladzenailstore.com\/sk\/wp-json\/wp\/v2\/product_brand?post=11006"},{"taxonomy":"product_cat","embeddable":true,"href":"https:\/\/mikeladzenailstore.com\/sk\/wp-json\/wp\/v2\/product_cat?post=11006"},{"taxonomy":"product_tag","embeddable":true,"href":"https:\/\/mikeladzenailstore.com\/sk\/wp-json\/wp\/v2\/product_tag?post=11006"},{"taxonomy":"berocket_brand","embeddable":true,"href":"https:\/\/mikeladzenailstore.com\/sk\/wp-json\/wp\/v2\/berocket_brand?post=11006"}],"curies":[{"name":"wp","href":"https:\/\/api.w.org\/{rel}","templated":true}]}}