{"id":11012,"date":"2025-12-05T23:44:28","date_gmt":"2025-12-05T23:44:28","guid":{"rendered":"https:\/\/mikeladzenailstore.com\/?post_type=product&#038;p=11012"},"modified":"2026-04-15T17:32:10","modified_gmt":"2026-04-15T17:32:10","slug":"gel-polish-black-trendy-nails-8-ml","status":"publish","type":"product","link":"https:\/\/mikeladzenailstore.com\/sk\/produkt\/gel-polish-black-trendy-nails-8-ml\/","title":{"rendered":"Gel polish BLACK Trendy nails 8 ml"},"content":{"rendered":"<p>Intenzivn\u00ed, pln\u00e1 a absolutn\u00ed \u010dern\u00e1: elegantn\u00ed jako samet, rozhodn\u00e1 jako tah inkoustem.<br \/>\nBlack je ikonick\u00e1 barva par excellence \u2013 takov\u00e1, kter\u00e1 nepot\u0159ebuje \u017e\u00e1dn\u00e9 p\u0159edstaven\u00ed.<br \/>\nUltra kryc\u00ed ji\u017e v prvn\u00ed vrstv\u011b, snadno se nan\u00e1\u0161\u00ed a zanech\u00e1v\u00e1 hlubok\u00fd, rovnom\u011brn\u00fd a bezchybn\u00fd finish.<br \/>\nOdoln\u00fd a elastick\u00fd, zaji\u0161\u0165uje perfektn\u00ed manik\u00faru a\u017e 4 t\u00fddny.<br \/>\nFormule bez HEMA, Di-HEMA a TPO, ide\u00e1ln\u00ed i pro ty nejcitliv\u011bj\u0161\u00ed nehty.<\/p>\n<p>Nad\u010dasov\u00e1 klasika v t\u00e9 nejlep\u0161\u00ed podob\u011b.<\/p>\n","protected":false},"excerpt":{"rendered":"<p>Intenzivn\u00ed, pln\u00e1 a absolutn\u00ed \u010dern\u00e1: elegantn\u00ed jako samet, rozhodn\u00e1 jako tah inkoustem. Black je ikonick\u00e1 barva par excellence \u2013 takov\u00e1, kter\u00e1 nepot\u0159ebuje \u017e\u00e1dn\u00e9 p\u0159edstaven\u00ed. Ultra kryc\u00ed ji\u017e v prvn\u00ed vrstv\u011b, snadno se nan\u00e1\u0161\u00ed a zanech\u00e1v\u00e1 hlubok\u00fd, rovnom\u011brn\u00fd a bezchybn\u00fd finish. Odoln\u00fd a elastick\u00fd, zaji\u0161\u0165uje perfektn\u00ed manik\u00faru a\u017e 4 t\u00fddny. Formule bez HEMA, Di-HEMA a TPO, [&hellip;]<\/p>\n","protected":false},"featured_media":11013,"comment_status":"closed","ping_status":"closed","template":"","meta":[],"pwb-brand":[],"product_brand":[],"product_cat":[658],"product_tag":[],"berocket_brand":[175],"class_list":{"0":"post-11012","1":"product","2":"type-product","3":"status-publish","4":"has-post-thumbnail","6":"product_cat-gel-polish-trendy-nails","7":"berocket_brand-trendy-nails","9":"first","10":"instock","11":"taxable","12":"shipping-taxable","13":"purchasable","14":"product-type-simple"},"acf":[],"brands":[],"_links":{"self":[{"href":"https:\/\/mikeladzenailstore.com\/sk\/wp-json\/wp\/v2\/product\/11012","targetHints":{"allow":["GET"]}}],"collection":[{"href":"https:\/\/mikeladzenailstore.com\/sk\/wp-json\/wp\/v2\/product"}],"about":[{"href":"https:\/\/mikeladzenailstore.com\/sk\/wp-json\/wp\/v2\/types\/product"}],"replies":[{"embeddable":true,"href":"https:\/\/mikeladzenailstore.com\/sk\/wp-json\/wp\/v2\/comments?post=11012"}],"version-history":[{"count":0,"href":"https:\/\/mikeladzenailstore.com\/sk\/wp-json\/wp\/v2\/product\/11012\/revisions"}],"wp:featuredmedia":[{"embeddable":true,"href":"https:\/\/mikeladzenailstore.com\/sk\/wp-json\/wp\/v2\/media\/11013"}],"wp:attachment":[{"href":"https:\/\/mikeladzenailstore.com\/sk\/wp-json\/wp\/v2\/media?parent=11012"}],"wp:term":[{"taxonomy":"pwb-brand","embeddable":true,"href":"https:\/\/mikeladzenailstore.com\/sk\/wp-json\/wp\/v2\/pwb-brand?post=11012"},{"taxonomy":"product_brand","embeddable":true,"href":"https:\/\/mikeladzenailstore.com\/sk\/wp-json\/wp\/v2\/product_brand?post=11012"},{"taxonomy":"product_cat","embeddable":true,"href":"https:\/\/mikeladzenailstore.com\/sk\/wp-json\/wp\/v2\/product_cat?post=11012"},{"taxonomy":"product_tag","embeddable":true,"href":"https:\/\/mikeladzenailstore.com\/sk\/wp-json\/wp\/v2\/product_tag?post=11012"},{"taxonomy":"berocket_brand","embeddable":true,"href":"https:\/\/mikeladzenailstore.com\/sk\/wp-json\/wp\/v2\/berocket_brand?post=11012"}],"curies":[{"name":"wp","href":"https:\/\/api.w.org\/{rel}","templated":true}]}}