{"id":11094,"date":"2025-12-06T09:57:42","date_gmt":"2025-12-06T09:57:42","guid":{"rendered":"https:\/\/mikeladzenailstore.com\/?post_type=product&#038;p=11094"},"modified":"2026-02-24T14:01:41","modified_gmt":"2026-02-24T14:01:41","slug":"top-shine-trendy-nails-8-ml","status":"publish","type":"product","link":"https:\/\/mikeladzenailstore.com\/sk\/produkt\/top-shine-trendy-nails-8-ml\/","title":{"rendered":"Top SHINE  Trendy nails"},"content":{"rendered":"<h3 data-start=\"53\" data-end=\"120\">Vrchn\u00ed top bez disperzn\u00ed vrstvy se speci\u00e1ln\u00edm t\u0159pytiv\u00fdm efektem<\/h3>\n<p data-start=\"122\" data-end=\"428\"><strong data-start=\"122\" data-end=\"135\">Top Shine<\/strong> je obohacen o jemn\u00e9 st\u0159\u00edbrn\u00e9 glitterov\u00e9 mikro\u010d\u00e1stice, kter\u00e9 vytv\u00e1\u0159ej\u00ed z\u00e1\u0159iv\u00fd a t\u0159pytiv\u00fd efekt a dod\u00e1vaj\u00ed manik\u00fa\u0159e jedine\u010dn\u00fd a neodolateln\u00fd vzhled. D\u00edky leskl\u00e9 povrchov\u00e9 \u00faprav\u011b a absenci disperzn\u00ed vrstvy je ide\u00e1ln\u00ed volbou pro ty, kte\u0159\u00ed hledaj\u00ed dlouhotrvaj\u00edc\u00ed brilanci a v\u00fdrazn\u00fd sv\u011bteln\u00fd efekt.<\/p>\n<h4 data-start=\"430\" data-end=\"453\">Hlavn\u00ed vlastnosti:<\/h4>\n<p data-start=\"454\" data-end=\"994\">\u2022 Transparentn\u00ed top s jemn\u00fdmi st\u0159\u00edbrn\u00fdmi glitterov\u00fdmi \u010d\u00e1sticemi pro z\u00e1\u0159iv\u00fd a t\u0159pytiv\u00fd efekt<br data-start=\"545\" data-end=\"548\" \/>\u2022 Leskl\u00fd fini\u0161 pro intenzivn\u00ed a dlouhotrvaj\u00edc\u00ed lesk<br data-start=\"599\" data-end=\"602\" \/>\u2022 Bez disperzn\u00ed (lepiv\u00e9) vrstvy<br data-start=\"633\" data-end=\"636\" \/>\u2022 V\u00fdjime\u010dn\u00e1 v\u00fddr\u017e bez zm\u011bny barvy \u2013 zachov\u00e1v\u00e1 brilanci a intenzitu zvolen\u00e9ho odst\u00ednu<br data-start=\"720\" data-end=\"723\" \/>\u2022 St\u0159edn\u011b hust\u00e1 konzistence pro snadnou aplikaci bez nutnosti pilov\u00e1n\u00ed<br data-start=\"793\" data-end=\"796\" \/>\u2022 Elastick\u00fd a odoln\u00fd \u2013 neprask\u00e1 a nevytv\u00e1\u0159\u00ed odchlipy<br data-start=\"848\" data-end=\"851\" \/>\u2022 Soak Off technologie \u2013 snadn\u00e9 odstran\u011bn\u00ed pomoc\u00ed removeru, fr\u00e9zky nebo piln\u00edku<br data-start=\"930\" data-end=\"933\" \/>\u2022 Dostupn\u00fd v lahvi\u010dk\u00e1ch 8 ml a 15 ml s praktick\u00fdm \u0161t\u011bte\u010dkem<\/p>\n<h4 data-start=\"996\" data-end=\"1015\">Hlavn\u00ed v\u00fdhody:<\/h4>\n<p data-start=\"1016\" data-end=\"1395\">\u2022 Maxim\u00e1ln\u00ed odolnost a dlouhotrvaj\u00edc\u00ed lesk po celou dobu no\u0161en\u00ed<br data-start=\"1079\" data-end=\"1082\" \/>\u2022 Nem\u011bn\u00ed barvu \u2013 zachov\u00e1v\u00e1 lesk i intenzitu barvy<br data-start=\"1131\" data-end=\"1134\" \/>\u2022 \u00daspora \u010dasu: rychl\u00e1 a rovnom\u011brn\u00e1 aplikace bez nutnosti dal\u0161\u00edch krok\u016f<br data-start=\"1204\" data-end=\"1207\" \/>\u2022 Nezved\u00e1 se a neprask\u00e1 \u2013 zaji\u0161\u0165uje odolnou a dlouhotrvaj\u00edc\u00ed manik\u00faru<br data-start=\"1276\" data-end=\"1279\" \/>\u2022 Samovyrovn\u00e1vac\u00ed \u2013 pro rovnom\u011brnou a precizn\u00ed aplikaci<br data-start=\"1334\" data-end=\"1337\" \/>\u2022 Snadn\u00e9 odstran\u011bn\u00ed pomoc\u00ed removeru, fr\u00e9zky nebo piln\u00edku<\/p>\n<h4 data-start=\"1397\" data-end=\"1418\">Jak se aplikuje?<\/h4>\n<ol data-start=\"1419\" data-end=\"1953\">\n<li data-start=\"1419\" data-end=\"1499\">\n<p data-start=\"1422\" data-end=\"1499\">Lze aplikovat na jak\u00fdkoli typ model\u00e1\u017ee \u2013 gel, acrygel nebo zpev\u0148uj\u00edc\u00ed b\u00e1ze.<\/p>\n<\/li>\n<li data-start=\"1500\" data-end=\"1609\">\n<p data-start=\"1503\" data-end=\"1609\">Naneste odpov\u00eddaj\u00edc\u00ed mno\u017estv\u00ed <strong data-start=\"1533\" data-end=\"1546\">Top Shine<\/strong> na nehet a rovnom\u011brn\u011b jej rozprost\u0159ete p\u0159ilo\u017een\u00fdm \u0161t\u011bte\u010dkem.<\/p>\n<\/li>\n<li data-start=\"1610\" data-end=\"1708\">\n<p data-start=\"1613\" data-end=\"1708\">Pro v\u011bt\u0161\u00ed p\u0159esnost v oblasti k\u016f\u017ei\u010dky doporu\u010dujeme pou\u017e\u00edt \u0161t\u011bte\u010dek <strong data-start=\"1679\" data-end=\"1705\">Linear od Trendy Nails<\/strong>.<\/p>\n<\/li>\n<li data-start=\"1709\" data-end=\"1789\">\n<p data-start=\"1712\" data-end=\"1789\">Polymerizace: <strong data-start=\"1726\" data-end=\"1755\">120 sekund v LED\/UV lamp\u011b<\/strong> nebo <strong data-start=\"1761\" data-end=\"1786\">240 sekund v UV lamp\u011b<\/strong>.<\/p>\n<\/li>\n<li data-start=\"1790\" data-end=\"1825\">\n<p data-start=\"1793\" data-end=\"1825\">Nen\u00ed nutn\u00e9 set\u00edrat cleanserem.<\/p>\n<\/li>\n<li data-start=\"1826\" data-end=\"1953\">\n<p data-start=\"1829\" data-end=\"1953\">Po polymerizaci nechte vychladnout alespo\u0148 <strong data-start=\"1872\" data-end=\"1885\">15 sekund<\/strong> p\u0159ed aplikac\u00ed olej\u00ed\u010dku na k\u016f\u017ei\u010dku, aby nedo\u0161lo ke zmatn\u011bn\u00ed povrchu.<\/p>\n<\/li>\n<\/ol>\n","protected":false},"excerpt":{"rendered":"<p>Vrchn\u00ed top bez disperzn\u00ed vrstvy se speci\u00e1ln\u00edm t\u0159pytiv\u00fdm efektem Top Shine je obohacen o jemn\u00e9 st\u0159\u00edbrn\u00e9 glitterov\u00e9 mikro\u010d\u00e1stice, kter\u00e9 vytv\u00e1\u0159ej\u00ed z\u00e1\u0159iv\u00fd a t\u0159pytiv\u00fd efekt a dod\u00e1vaj\u00ed manik\u00fa\u0159e jedine\u010dn\u00fd a neodolateln\u00fd vzhled. D\u00edky leskl\u00e9 povrchov\u00e9 \u00faprav\u011b a absenci disperzn\u00ed vrstvy je ide\u00e1ln\u00ed volbou pro ty, kte\u0159\u00ed hledaj\u00ed dlouhotrvaj\u00edc\u00ed brilanci a v\u00fdrazn\u00fd sv\u011bteln\u00fd efekt. Hlavn\u00ed vlastnosti: \u2022 [&hellip;]<\/p>\n","protected":false},"featured_media":16417,"comment_status":"closed","ping_status":"closed","template":"","meta":[],"pwb-brand":[],"product_brand":[],"product_cat":[93],"product_tag":[],"berocket_brand":[175],"class_list":{"0":"post-11094","1":"product","2":"type-product","3":"status-publish","4":"has-post-thumbnail","6":"product_cat-topy-trendy-nails","7":"berocket_brand-trendy-nails","9":"first","10":"outofstock","11":"taxable","12":"shipping-taxable","13":"purchasable","14":"product-type-variable"},"acf":[],"brands":[],"_links":{"self":[{"href":"https:\/\/mikeladzenailstore.com\/sk\/wp-json\/wp\/v2\/product\/11094","targetHints":{"allow":["GET"]}}],"collection":[{"href":"https:\/\/mikeladzenailstore.com\/sk\/wp-json\/wp\/v2\/product"}],"about":[{"href":"https:\/\/mikeladzenailstore.com\/sk\/wp-json\/wp\/v2\/types\/product"}],"replies":[{"embeddable":true,"href":"https:\/\/mikeladzenailstore.com\/sk\/wp-json\/wp\/v2\/comments?post=11094"}],"version-history":[{"count":0,"href":"https:\/\/mikeladzenailstore.com\/sk\/wp-json\/wp\/v2\/product\/11094\/revisions"}],"wp:featuredmedia":[{"embeddable":true,"href":"https:\/\/mikeladzenailstore.com\/sk\/wp-json\/wp\/v2\/media\/16417"}],"wp:attachment":[{"href":"https:\/\/mikeladzenailstore.com\/sk\/wp-json\/wp\/v2\/media?parent=11094"}],"wp:term":[{"taxonomy":"pwb-brand","embeddable":true,"href":"https:\/\/mikeladzenailstore.com\/sk\/wp-json\/wp\/v2\/pwb-brand?post=11094"},{"taxonomy":"product_brand","embeddable":true,"href":"https:\/\/mikeladzenailstore.com\/sk\/wp-json\/wp\/v2\/product_brand?post=11094"},{"taxonomy":"product_cat","embeddable":true,"href":"https:\/\/mikeladzenailstore.com\/sk\/wp-json\/wp\/v2\/product_cat?post=11094"},{"taxonomy":"product_tag","embeddable":true,"href":"https:\/\/mikeladzenailstore.com\/sk\/wp-json\/wp\/v2\/product_tag?post=11094"},{"taxonomy":"berocket_brand","embeddable":true,"href":"https:\/\/mikeladzenailstore.com\/sk\/wp-json\/wp\/v2\/berocket_brand?post=11094"}],"curies":[{"name":"wp","href":"https:\/\/api.w.org\/{rel}","templated":true}]}}