{"id":11199,"date":"2025-12-06T11:16:49","date_gmt":"2025-12-06T11:16:49","guid":{"rendered":"https:\/\/mikeladzenailstore.com\/?post_type=product&#038;p=11199"},"modified":"2026-03-04T18:33:59","modified_gmt":"2026-03-04T18:33:59","slug":"builder-gel-sakura-trendy-nails-15-ml","status":"publish","type":"product","link":"https:\/\/mikeladzenailstore.com\/sk\/produkt\/builder-gel-sakura-trendy-nails-15-ml\/","title":{"rendered":"Builder gel SAKURA Trendy nails"},"content":{"rendered":"<div style=\"width: 464px;\" class=\"wp-video\"><video class=\"wp-video-shortcode\" id=\"video-11199-1\" width=\"464\" height=\"848\" preload=\"metadata\" controls=\"controls\"><source type=\"video\/mp4\" src=\"https:\/\/mikeladzenailstore.com\/wp-content\/uploads\/2025\/11\/video_2026-01-01_16-32-41.mp4?_=1\" \/><a href=\"https:\/\/mikeladzenailstore.com\/wp-content\/uploads\/2025\/11\/video_2026-01-01_16-32-41.mp4\">https:\/\/mikeladzenailstore.com\/wp-content\/uploads\/2025\/11\/video_2026-01-01_16-32-41.mp4<\/a><\/video><\/div>\n<p>Inovativn\u00ed produkt Builder Gel in a bottle (tekut\u00fd gel) od Trendy Nails pat\u0159\u00ed mezi tuh\u00e9 typy gel\u016f. Jedn\u00e1 se o plnohodnotn\u00fd 3-f\u00e1zov\u00fd gel.<\/p>\n<p>D\u00edky jeho vlastnostem m\u016f\u017eete pou\u017e\u00edvat pro :<\/p>\n<p>\u2022 zpevn\u011bn\u00ed p\u0159\u00edrodn\u00edch neht\u016f,<\/p>\n<p>\u2022 prodlu\u017eov\u00e1n\u00ed pomoci forem,<\/p>\n<p>\u2022 opravu prasklin,<\/p>\n<p>\u2022 pou\u017eit\u00ed jako barvu pod french nails nebo jako oby\u010dejn\u00fd n\u00e1t\u011br.<\/p>\n<p>Pokud chcete po gelov\u00e9m potahu ud\u011blat design nebo barevn\u00fd n\u00e1t\u011br, sta\u010d\u00ed odstranit lepivou vrstvu Cleanserem.<\/p>\n<p>M\u00e1 konzistenci b\u00e1ze. Pohodln\u011b se nan\u00e1\u0161\u00ed \u0161t\u011btcem z lahvi\u010dky. Na povrchu nehtu dob\u0159e se zarovn\u00e1v\u00e1, ide\u00e1ln\u00ed pro pr\u00e1ci v technice &#8222;bez pilov\u00e1n\u00ed neht\u016f&#8220;. Tento materi\u00e1l \u0161et\u0159\u00ed \u010das a n\u00e1mahu nehtov\u00e9ho specialisty p\u0159i obsluze z\u00e1kazn\u00edk\u016f.<\/p>\n<p>Doba polymerace:<\/p>\n<p>LED &#8211; 60 s<\/p>\n<p>UV &#8211; 120 c<\/p>\n","protected":false},"excerpt":{"rendered":"<p>Inovativn\u00ed produkt Builder Gel in a bottle (tekut\u00fd gel) od Trendy Nails pat\u0159\u00ed mezi tuh\u00e9 typy gel\u016f. Jedn\u00e1 se o plnohodnotn\u00fd 3-f\u00e1zov\u00fd gel. D\u00edky jeho vlastnostem m\u016f\u017eete pou\u017e\u00edvat pro : \u2022 zpevn\u011bn\u00ed p\u0159\u00edrodn\u00edch neht\u016f, \u2022 prodlu\u017eov\u00e1n\u00ed pomoci forem, \u2022 opravu prasklin, \u2022 pou\u017eit\u00ed jako barvu pod french nails nebo jako oby\u010dejn\u00fd n\u00e1t\u011br. Pokud chcete po [&hellip;]<\/p>\n","protected":false},"featured_media":11201,"comment_status":"open","ping_status":"closed","template":"","meta":[],"pwb-brand":[],"product_brand":[],"product_cat":[621,554],"product_tag":[],"berocket_brand":[437],"class_list":{"0":"post-11199","1":"product","2":"type-product","3":"status-publish","4":"has-post-thumbnail","6":"product_cat-builer-gel-trendy-nails","7":"product_cat-gel-in-a-bottle","8":"berocket_brand-trendy-nails","10":"first","11":"instock","12":"taxable","13":"shipping-taxable","14":"purchasable","15":"product-type-simple"},"acf":[],"brands":[],"_links":{"self":[{"href":"https:\/\/mikeladzenailstore.com\/sk\/wp-json\/wp\/v2\/product\/11199","targetHints":{"allow":["GET"]}}],"collection":[{"href":"https:\/\/mikeladzenailstore.com\/sk\/wp-json\/wp\/v2\/product"}],"about":[{"href":"https:\/\/mikeladzenailstore.com\/sk\/wp-json\/wp\/v2\/types\/product"}],"replies":[{"embeddable":true,"href":"https:\/\/mikeladzenailstore.com\/sk\/wp-json\/wp\/v2\/comments?post=11199"}],"version-history":[{"count":0,"href":"https:\/\/mikeladzenailstore.com\/sk\/wp-json\/wp\/v2\/product\/11199\/revisions"}],"wp:featuredmedia":[{"embeddable":true,"href":"https:\/\/mikeladzenailstore.com\/sk\/wp-json\/wp\/v2\/media\/11201"}],"wp:attachment":[{"href":"https:\/\/mikeladzenailstore.com\/sk\/wp-json\/wp\/v2\/media?parent=11199"}],"wp:term":[{"taxonomy":"pwb-brand","embeddable":true,"href":"https:\/\/mikeladzenailstore.com\/sk\/wp-json\/wp\/v2\/pwb-brand?post=11199"},{"taxonomy":"product_brand","embeddable":true,"href":"https:\/\/mikeladzenailstore.com\/sk\/wp-json\/wp\/v2\/product_brand?post=11199"},{"taxonomy":"product_cat","embeddable":true,"href":"https:\/\/mikeladzenailstore.com\/sk\/wp-json\/wp\/v2\/product_cat?post=11199"},{"taxonomy":"product_tag","embeddable":true,"href":"https:\/\/mikeladzenailstore.com\/sk\/wp-json\/wp\/v2\/product_tag?post=11199"},{"taxonomy":"berocket_brand","embeddable":true,"href":"https:\/\/mikeladzenailstore.com\/sk\/wp-json\/wp\/v2\/berocket_brand?post=11199"}],"curies":[{"name":"wp","href":"https:\/\/api.w.org\/{rel}","templated":true}]}}